{"id":120,"date":"2024-10-31T20:38:12","date_gmt":"2024-10-31T20:38:12","guid":{"rendered":"https:\/\/toptier-company.com\/?page_id=120"},"modified":"2024-11-04T14:43:12","modified_gmt":"2024-11-04T14:43:12","slug":"about-us","status":"publish","type":"page","link":"https:\/\/toptier-company.com\/es\/about-us\/","title":{"rendered":"Nosotros"},"content":{"rendered":"<div data-elementor-type=\"wp-page\" data-elementor-id=\"120\" class=\"elementor elementor-120\" data-elementor-post-type=\"page\">\n\t\t\t\t<div class=\"elementor-element elementor-element-1a53f2e0 e-flex e-con-boxed e-con e-parent\" data-id=\"1a53f2e0\" data-element_type=\"container\" data-settings=\"{&quot;background_background&quot;:&quot;classic&quot;}\">\n\t\t\t\t\t<div class=\"e-con-inner\">\n\t\t\t\t<div class=\"elementor-element elementor-element-36966e47 elementor-widget elementor-widget-heading\" data-id=\"36966e47\" data-element_type=\"widget\" data-widget_type=\"heading.default\">\n\t\t\t\t<div class=\"elementor-widget-container\">\n\t\t\t\t\t<h1 class=\"elementor-heading-title elementor-size-default\">ACERCA DE TOP TIER COMPANY<\/h1>\t\t\t\t<\/div>\n\t\t\t\t<\/div>\n\t\t\t\t<div class=\"elementor-element elementor-element-5604c12e elementor-widget elementor-widget-text-editor\" data-id=\"5604c12e\" data-element_type=\"widget\" data-widget_type=\"text-editor.default\">\n\t\t\t\t<div class=\"elementor-widget-container\">\n\t\t\t\t\t\t\t\t\t<p>En Top Tier Company, nos enorgullecemos de ser l\u00edderes en la provisi\u00f3n de soluciones tecnol\u00f3gicas avanzadas en Camboya y a nivel global. Nuestra trayectoria, visi\u00f3n y equipo nos posicionan como socios estrat\u00e9gicos para empresas que buscan impulsar su transformaci\u00f3n digital.<\/p>\t\t\t\t\t\t\t\t<\/div>\n\t\t\t\t<\/div>\n\t\t\t\t\t<\/div>\n\t\t\t\t<\/div>\n\t\t<div class=\"elementor-element elementor-element-40a9600a e-flex e-con-boxed e-con e-parent\" data-id=\"40a9600a\" data-element_type=\"container\" data-settings=\"{&quot;background_background&quot;:&quot;classic&quot;}\">\n\t\t\t\t\t<div class=\"e-con-inner\">\n\t\t<div class=\"elementor-element elementor-element-383480ee e-flex e-con-boxed e-con e-child\" data-id=\"383480ee\" data-element_type=\"container\">\n\t\t\t\t\t<div class=\"e-con-inner\">\n\t\t\t\t<div class=\"elementor-element elementor-element-7c62cd12 elementor-widget elementor-widget-heading\" data-id=\"7c62cd12\" data-element_type=\"widget\" data-widget_type=\"heading.default\">\n\t\t\t\t<div class=\"elementor-widget-container\">\n\t\t\t\t\t<h2 class=\"elementor-heading-title elementor-size-default\">Historia de la empresa<\/h2>\t\t\t\t<\/div>\n\t\t\t\t<\/div>\n\t\t\t\t<div class=\"elementor-element elementor-element-6938ef37 elementor-widget elementor-widget-text-editor\" data-id=\"6938ef37\" data-element_type=\"widget\" data-widget_type=\"text-editor.default\">\n\t\t\t\t<div class=\"elementor-widget-container\">\n\t\t\t\t\t\t\t\t\t<p>Top Tier Company naci\u00f3 con la visi\u00f3n de llenar un vac\u00edo cr\u00edtico en el mercado de tecnolog\u00eda de la informaci\u00f3n en Camboya. Desde nuestros modestos inicios como una startup local, hemos crecido hasta convertirnos en un referente en servicios de TI y seguridad cibern\u00e9tica en el pa\u00eds y el mundo.<\/p>\t\t\t\t\t\t\t\t<\/div>\n\t\t\t\t<\/div>\n\t\t\t\t\t<\/div>\n\t\t\t\t<\/div>\n\t\t<div class=\"elementor-element elementor-element-3166b48f e-flex e-con-boxed e-con e-child\" data-id=\"3166b48f\" data-element_type=\"container\">\n\t\t\t\t\t<div class=\"e-con-inner\">\n\t\t<div class=\"elementor-element elementor-element-b15a33d e-con-full e-flex e-con e-child\" data-id=\"b15a33d\" data-element_type=\"container\">\n\t\t\t\t<div class=\"elementor-element elementor-element-9a00e0c elementor-widget elementor-widget-text-editor\" data-id=\"9a00e0c\" data-element_type=\"widget\" data-widget_type=\"text-editor.default\">\n\t\t\t\t<div class=\"elementor-widget-container\">\n\t\t\t\t\t\t\t\t\t<h4>Nuestra historia est\u00e1 marcada por hitos significativos:<\/h4><ul><li>Comenzamos ofreciendo servicios b\u00e1sicos de TI a peque\u00f1as empresas locales.<\/li><li>Expandimos r\u00e1pidamente nuestra cartera de servicios para incluir soluciones de seguridad cibern\u00e9tica y servicios en la nube.<\/li><li>Establecimos alianzas estrat\u00e9gicas con l\u00edderes tecnol\u00f3gicos globales para traer las \u00faltimas innovaciones a Camboya.<\/li><li>Desarrollamos un equipo de expertos locales, contribuyendo al crecimiento del talento tecnol\u00f3gico en el pa\u00eds.<\/li><li>Nos convertimos en proveedores de confianza para empresas multinacionales y organismos gubernamentales en Camboya.<\/li><\/ul><p>\u00a0<\/p><p>A lo largo de nuestra historia, hemos mantenido nuestro compromiso con la innovaci\u00f3n, la excelencia en el servicio y el desarrollo del ecosistema tecnol\u00f3gico local.<\/p>\t\t\t\t\t\t\t\t<\/div>\n\t\t\t\t<\/div>\n\t\t\t\t<\/div>\n\t\t<div class=\"elementor-element elementor-element-3437008 e-con-full e-flex e-con e-child\" data-id=\"3437008\" data-element_type=\"container\">\n\t\t\t\t<div class=\"elementor-element elementor-element-24dd487 elementor-widget elementor-widget-image\" data-id=\"24dd487\" data-element_type=\"widget\" data-widget_type=\"image.default\">\n\t\t\t\t<div class=\"elementor-widget-container\">\n\t\t\t\t\t\t\t\t\t\t\t\t\t\t\t<img fetchpriority=\"high\" decoding=\"async\" width=\"900\" height=\"655\" src=\"https:\/\/toptier-company.com\/wp-content\/uploads\/2024\/11\/history.png\" class=\"attachment-large size-large wp-image-256\" alt=\"\" srcset=\"https:\/\/toptier-company.com\/wp-content\/uploads\/2024\/11\/history.png 900w, https:\/\/toptier-company.com\/wp-content\/uploads\/2024\/11\/history-300x218.png 300w, https:\/\/toptier-company.com\/wp-content\/uploads\/2024\/11\/history-768x559.png 768w, https:\/\/toptier-company.com\/wp-content\/uploads\/2024\/11\/history-16x12.png 16w\" sizes=\"(max-width: 900px) 100vw, 900px\" \/>\t\t\t\t\t\t\t\t\t\t\t\t\t\t\t<\/div>\n\t\t\t\t<\/div>\n\t\t\t\t<\/div>\n\t\t\t\t\t<\/div>\n\t\t\t\t<\/div>\n\t\t\t\t\t<\/div>\n\t\t\t\t<\/div>\n\t\t<div class=\"elementor-element elementor-element-9cc27f8 e-flex e-con-boxed e-con e-parent\" data-id=\"9cc27f8\" data-element_type=\"container\" data-settings=\"{&quot;background_background&quot;:&quot;classic&quot;}\">\n\t\t\t\t\t<div class=\"e-con-inner\">\n\t\t<div class=\"elementor-element elementor-element-624cae7 e-flex e-con-boxed e-con e-child\" data-id=\"624cae7\" data-element_type=\"container\">\n\t\t\t\t\t<div class=\"e-con-inner\">\n\t\t\t\t<div class=\"elementor-element elementor-element-46acdd7 elementor-widget elementor-widget-heading\" data-id=\"46acdd7\" data-element_type=\"widget\" data-widget_type=\"heading.default\">\n\t\t\t\t<div class=\"elementor-widget-container\">\n\t\t\t\t\t<h2 class=\"elementor-heading-title elementor-size-default\">Misi\u00f3n y visi\u00f3n<\/h2>\t\t\t\t<\/div>\n\t\t\t\t<\/div>\n\t\t\t\t\t<\/div>\n\t\t\t\t<\/div>\n\t\t<div class=\"elementor-element elementor-element-bed1aa3 e-flex e-con-boxed e-con e-child\" data-id=\"bed1aa3\" data-element_type=\"container\">\n\t\t\t\t\t<div class=\"e-con-inner\">\n\t\t<div class=\"elementor-element elementor-element-4acce5f e-con-full e-flex e-con e-child\" data-id=\"4acce5f\" data-element_type=\"container\">\n\t\t\t\t<div class=\"elementor-element elementor-element-2b6a431 elementor-widget elementor-widget-text-editor\" data-id=\"2b6a431\" data-element_type=\"widget\" data-widget_type=\"text-editor.default\">\n\t\t\t\t<div class=\"elementor-widget-container\">\n\t\t\t\t\t\t\t\t\t<h4>Visi\u00f3n:<\/h4><p>Aspiramos a ser el socio tecnol\u00f3gico preferido en Camboya, reconocidos por nuestra excelencia, innovaci\u00f3n y contribuci\u00f3n al desarrollo digital del pa\u00eds.<\/p>\t\t\t\t\t\t\t\t<\/div>\n\t\t\t\t<\/div>\n\t\t\t\t<\/div>\n\t\t<div class=\"elementor-element elementor-element-5d07b20 e-con-full e-flex e-con e-child\" data-id=\"5d07b20\" data-element_type=\"container\">\n\t\t\t\t<div class=\"elementor-element elementor-element-eaef3e1 elementor-widget elementor-widget-text-editor\" data-id=\"eaef3e1\" data-element_type=\"widget\" data-widget_type=\"text-editor.default\">\n\t\t\t\t<div class=\"elementor-widget-container\">\n\t\t\t\t\t\t\t\t\t<h4>Misi\u00f3n:<\/h4><p>Nuestra misi\u00f3n es empoderar a las empresas en Camboya a trav\u00e9s de soluciones tecnol\u00f3gicas innovadoras y seguras, facilitando su crecimiento y competitividad en la era digital.<\/p>\t\t\t\t\t\t\t\t<\/div>\n\t\t\t\t<\/div>\n\t\t\t\t<\/div>\n\t\t\t\t\t<\/div>\n\t\t\t\t<\/div>\n\t\t\t\t\t<\/div>\n\t\t\t\t<\/div>\n\t\t<div class=\"elementor-element elementor-element-196bad23 e-flex e-con-boxed e-con e-parent\" data-id=\"196bad23\" data-element_type=\"container\">\n\t\t\t\t\t<div class=\"e-con-inner\">\n\t\t\t\t<div class=\"elementor-element elementor-element-3777c8d elementor-widget elementor-widget-image\" data-id=\"3777c8d\" data-element_type=\"widget\" data-widget_type=\"image.default\">\n\t\t\t\t<div class=\"elementor-widget-container\">\n\t\t\t\t\t\t\t\t\t\t\t\t\t\t\t<img decoding=\"async\" width=\"1600\" height=\"790\" src=\"https:\/\/toptier-company.com\/wp-content\/uploads\/2024\/11\/server.jpg\" class=\"attachment-full size-full wp-image-264\" alt=\"\" srcset=\"https:\/\/toptier-company.com\/wp-content\/uploads\/2024\/11\/server.jpg 1600w, https:\/\/toptier-company.com\/wp-content\/uploads\/2024\/11\/server-300x148.jpg 300w, https:\/\/toptier-company.com\/wp-content\/uploads\/2024\/11\/server-1024x506.jpg 1024w, https:\/\/toptier-company.com\/wp-content\/uploads\/2024\/11\/server-768x379.jpg 768w, https:\/\/toptier-company.com\/wp-content\/uploads\/2024\/11\/server-1536x758.jpg 1536w, https:\/\/toptier-company.com\/wp-content\/uploads\/2024\/11\/server-18x9.jpg 18w\" sizes=\"(max-width: 1600px) 100vw, 1600px\" \/>\t\t\t\t\t\t\t\t\t\t\t\t\t\t\t<\/div>\n\t\t\t\t<\/div>\n\t\t\t\t\t<\/div>\n\t\t\t\t<\/div>\n\t\t<div class=\"elementor-element elementor-element-23bd6b0b e-flex e-con-boxed e-con e-child\" data-id=\"23bd6b0b\" data-element_type=\"container\" data-settings=\"{&quot;background_background&quot;:&quot;classic&quot;}\">\n\t\t\t\t\t<div class=\"e-con-inner\">\n\t\t<div class=\"elementor-element elementor-element-59b7838f e-con-full e-flex e-con e-child\" data-id=\"59b7838f\" data-element_type=\"container\">\n\t\t\t\t<div class=\"elementor-element elementor-element-423c5d3b elementor-widget elementor-widget-heading\" data-id=\"423c5d3b\" data-element_type=\"widget\" data-widget_type=\"heading.default\">\n\t\t\t\t<div class=\"elementor-widget-container\">\n\t\t\t\t\t<h2 class=\"elementor-heading-title elementor-size-default\">Equipo directivo<\/h2>\t\t\t\t<\/div>\n\t\t\t\t<\/div>\n\t\t\t\t<div class=\"elementor-element elementor-element-3b03cf3d elementor-widget elementor-widget-text-editor\" data-id=\"3b03cf3d\" data-element_type=\"widget\" data-widget_type=\"text-editor.default\">\n\t\t\t\t<div class=\"elementor-widget-container\">\n\t\t\t\t\t\t\t\t\t<p>Nuestro equipo directivo est\u00e1 compuesto por profesionales de alto calibre con una amplia experiencia en el sector tecnol\u00f3gico, tanto a nivel local como internacional. Se caracteriza por:<\/p><ul><li>Liderazgo visionario con d\u00e9cadas de experiencia en la direcci\u00f3n de empresas tecnol\u00f3gicas en mercados asi\u00e1ticos.<\/li><li>Profunda experiencia t\u00e9cnica en la implementaci\u00f3n de proyectos de transformaci\u00f3n digital para grandes corporaciones multinacionales.<\/li><li>Conocimientos especializados en ciberseguridad, respaldados por certificaciones internacionales y experiencia en proyectos de alto nivel.<\/li><li>Habilidades comprobadas en la optimizaci\u00f3n de procesos de TI y la mejora de la eficiencia operativa.<\/li><li>Experticia en el desarrollo de negocios en mercados emergentes, con un enfoque particular en el Sudeste Asi\u00e1tico.<\/li><\/ul><p>\u00a0<\/p><p>Juntos, nuestro equipo directivo combina visi\u00f3n estrat\u00e9gica, experiencia t\u00e9cnica y un profundo entendimiento del mercado local. Esta sinergia de habilidades y conocimientos nos permite guiar a nuestra empresa hacia un futuro de innovaci\u00f3n y crecimiento sostenible, adapt\u00e1ndonos constantemente a las cambiantes necesidades del mercado tecnol\u00f3gico.<\/p>\t\t\t\t\t\t\t\t<\/div>\n\t\t\t\t<\/div>\n\t\t\t\t<\/div>\n\t\t<div class=\"elementor-element elementor-element-3202bc9c e-con-full e-flex e-con e-child\" data-id=\"3202bc9c\" data-element_type=\"container\">\n\t\t\t\t<div class=\"elementor-element elementor-element-a904c9e elementor-widget elementor-widget-image\" data-id=\"a904c9e\" data-element_type=\"widget\" data-widget_type=\"image.default\">\n\t\t\t\t<div class=\"elementor-widget-container\">\n\t\t\t\t\t\t\t\t\t\t\t\t\t\t\t<img decoding=\"async\" width=\"1024\" height=\"1014\" src=\"https:\/\/toptier-company.com\/wp-content\/uploads\/2024\/11\/tech-1024x1014.jpg\" class=\"attachment-large size-large wp-image-272\" alt=\"\" srcset=\"https:\/\/toptier-company.com\/wp-content\/uploads\/2024\/11\/tech-1024x1014.jpg 1024w, https:\/\/toptier-company.com\/wp-content\/uploads\/2024\/11\/tech-300x297.jpg 300w, https:\/\/toptier-company.com\/wp-content\/uploads\/2024\/11\/tech-150x150.jpg 150w, https:\/\/toptier-company.com\/wp-content\/uploads\/2024\/11\/tech-768x760.jpg 768w, https:\/\/toptier-company.com\/wp-content\/uploads\/2024\/11\/tech-12x12.jpg 12w, https:\/\/toptier-company.com\/wp-content\/uploads\/2024\/11\/tech.jpg 1200w\" sizes=\"(max-width: 1024px) 100vw, 1024px\" \/>\t\t\t\t\t\t\t\t\t\t\t\t\t\t\t<\/div>\n\t\t\t\t<\/div>\n\t\t\t\t<\/div>\n\t\t\t\t\t<\/div>\n\t\t\t\t<\/div>\n\t\t<div class=\"elementor-element elementor-element-4ec85ebc e-flex e-con-boxed e-con e-parent\" data-id=\"4ec85ebc\" data-element_type=\"container\" data-settings=\"{&quot;background_background&quot;:&quot;classic&quot;}\">\n\t\t\t\t\t<div class=\"e-con-inner\">\n\t\t<div class=\"elementor-element elementor-element-1f05c833 e-flex e-con-boxed e-con e-child\" data-id=\"1f05c833\" data-element_type=\"container\">\n\t\t\t\t\t<div class=\"e-con-inner\">\n\t\t\t\t<div class=\"elementor-element elementor-element-4d144264 elementor-widget elementor-widget-heading\" data-id=\"4d144264\" data-element_type=\"widget\" data-widget_type=\"heading.default\">\n\t\t\t\t<div class=\"elementor-widget-container\">\n\t\t\t\t\t<h2 class=\"elementor-heading-title elementor-size-default\">Por qu\u00e9 elegir Top Tier Company<\/h2>\t\t\t\t<\/div>\n\t\t\t\t<\/div>\n\t\t\t\t\t<\/div>\n\t\t\t\t<\/div>\n\t\t<div class=\"elementor-element elementor-element-405b5ff7 e-flex e-con-boxed e-con e-child\" data-id=\"405b5ff7\" data-element_type=\"container\">\n\t\t\t\t\t<div class=\"e-con-inner\">\n\t\t<div class=\"elementor-element elementor-element-5e72ed7 e-con-full e-flex e-con e-child\" data-id=\"5e72ed7\" data-element_type=\"container\">\n\t\t\t\t<div class=\"elementor-element elementor-element-3d47b72 elementor-widget elementor-widget-text-editor\" data-id=\"3d47b72\" data-element_type=\"widget\" data-widget_type=\"text-editor.default\">\n\t\t\t\t<div class=\"elementor-widget-container\">\n\t\t\t\t\t\t\t\t\t<ul><li><strong>Experiencia local, est\u00e1ndares globales:<\/strong> Combinamos nuestro conocimiento profundo del mercado camboyano con pr\u00e1cticas de clase mundial en TI y seguridad.<\/li><li><strong>Soluciones integrales:<\/strong> Ofrecemos una gama completa de servicios, desde infraestructura IT hasta ciberseguridad avanzada, todo bajo un mismo techo.<\/li><li><strong>Innovaci\u00f3n constante:<\/strong> Nos mantenemos a la vanguardia de las tendencias tecnol\u00f3gicas, asegurando que nuestros clientes siempre tengan acceso a las soluciones m\u00e1s avanzadas.<\/li><li><strong>Enfoque en la seguridad:<\/strong> Priorizamos la protecci\u00f3n de los activos digitales de nuestros clientes con soluciones de seguridad robustas y actualizadas.<\/li><li><strong>Compromiso con el desarrollo local:<\/strong> Invertimos en la formaci\u00f3n de talento local, contribuyendo al crecimiento del sector tecnol\u00f3gico en Camboya.<\/li><li><strong>Servicio personalizado:<\/strong> Adaptamos nuestras soluciones a las necesidades espec\u00edficas de cada cliente, asegurando resultados \u00f3ptimos.<\/li><li><strong>Soporte pronto y eficiente:<\/strong> Ofrecemos asistencia continua para garantizar la operatividad y seguridad de los sistemas de nuestros clientes en todo momento.<\/li><li><strong>Alianzas estrat\u00e9gicas:<\/strong> Nuestras asociaciones con l\u00edderes tecnol\u00f3gicos globales nos permiten ofrecer lo mejor en tecnolog\u00eda y servicios.<\/li><\/ul>\t\t\t\t\t\t\t\t<\/div>\n\t\t\t\t<\/div>\n\t\t\t\t<\/div>\n\t\t<div class=\"elementor-element elementor-element-295816f e-con-full e-flex e-con e-child\" data-id=\"295816f\" data-element_type=\"container\">\n\t\t\t\t<div class=\"elementor-element elementor-element-81369f0 elementor-widget elementor-widget-image\" data-id=\"81369f0\" data-element_type=\"widget\" data-widget_type=\"image.default\">\n\t\t\t\t<div class=\"elementor-widget-container\">\n\t\t\t\t\t\t\t\t\t\t\t\t\t\t\t<img loading=\"lazy\" decoding=\"async\" width=\"1024\" height=\"720\" src=\"https:\/\/toptier-company.com\/wp-content\/uploads\/2024\/11\/server-tech-1024x720.jpg\" class=\"attachment-large size-large wp-image-286\" alt=\"\" srcset=\"https:\/\/toptier-company.com\/wp-content\/uploads\/2024\/11\/server-tech-1024x720.jpg 1024w, https:\/\/toptier-company.com\/wp-content\/uploads\/2024\/11\/server-tech-300x211.jpg 300w, https:\/\/toptier-company.com\/wp-content\/uploads\/2024\/11\/server-tech-768x540.jpg 768w, https:\/\/toptier-company.com\/wp-content\/uploads\/2024\/11\/server-tech-18x12.jpg 18w, https:\/\/toptier-company.com\/wp-content\/uploads\/2024\/11\/server-tech.jpg 1044w\" sizes=\"(max-width: 1024px) 100vw, 1024px\" \/>\t\t\t\t\t\t\t\t\t\t\t\t\t\t\t<\/div>\n\t\t\t\t<\/div>\n\t\t\t\t<\/div>\n\t\t\t\t\t<\/div>\n\t\t\t\t<\/div>\n\t\t<div class=\"elementor-element elementor-element-9670697 e-con-full e-flex e-con e-child\" data-id=\"9670697\" data-element_type=\"container\">\n\t\t\t\t<div class=\"elementor-element elementor-element-856bc52 elementor-widget__width-inherit elementor-widget elementor-widget-text-editor\" data-id=\"856bc52\" data-element_type=\"widget\" data-widget_type=\"text-editor.default\">\n\t\t\t\t<div class=\"elementor-widget-container\">\n\t\t\t\t\t\t\t\t\t<p><strong>En Top Tier Company, no solo proveemos tecnolog\u00eda; construimos relaciones duraderas basadas en la confianza, la experticia y el compromiso con el \u00e9xito de nuestros clientes. Elija Top Tier Company y d\u00e9 el siguiente paso en su viaje de transformaci\u00f3n digital con un socio que entiende sus necesidades y est\u00e1 equipado para llevarle al futuro.<\/strong><\/p>\t\t\t\t\t\t\t\t<\/div>\n\t\t\t\t<\/div>\n\t\t\t\t<div class=\"elementor-element elementor-element-c1dffae elementor-align-center elementor-tablet-align-left elementor-mobile-align-center elementor-widget elementor-widget-button\" data-id=\"c1dffae\" data-element_type=\"widget\" data-widget_type=\"button.default\">\n\t\t\t\t<div class=\"elementor-widget-container\">\n\t\t\t\t\t\t\t\t\t<div class=\"elementor-button-wrapper\">\n\t\t\t\t\t<a class=\"elementor-button elementor-button-link elementor-size-sm\" href=\"https:\/\/toptier-company.com\/es\/contact\/\">\n\t\t\t\t\t\t<span class=\"elementor-button-content-wrapper\">\n\t\t\t\t\t\t\t\t\t<span class=\"elementor-button-text\">\u00a1Empecemos nuestro \u00e9xito conjunto hoy mismo! <\/span>\n\t\t\t\t\t<\/span>\n\t\t\t\t\t<\/a>\n\t\t\t\t<\/div>\n\t\t\t\t\t\t\t\t<\/div>\n\t\t\t\t<\/div>\n\t\t\t\t<\/div>\n\t\t\t\t\t<\/div>\n\t\t\t\t<\/div>\n\t\t\t\t<\/div>","protected":false},"excerpt":{"rendered":"<p>ABOUT TOP TIER COMPANY At Top Tier Company, we pride ourselves on being a leader in providing advanced technology solutions in Cambodia and globally. Our track record, vision, and team position us as strategic partners for companies looking to drive their digital transformation. Company History Top Tier Company was born with the vision of filling [&hellip;]<\/p>","protected":false},"author":3,"featured_media":0,"parent":0,"menu_order":0,"comment_status":"closed","ping_status":"closed","template":"elementor_header_footer","meta":{"footnotes":""},"class_list":["post-120","page","type-page","status-publish","hentry"],"_links":{"self":[{"href":"https:\/\/toptier-company.com\/es\/wp-json\/wp\/v2\/pages\/120","targetHints":{"allow":["GET"]}}],"collection":[{"href":"https:\/\/toptier-company.com\/es\/wp-json\/wp\/v2\/pages"}],"about":[{"href":"https:\/\/toptier-company.com\/es\/wp-json\/wp\/v2\/types\/page"}],"author":[{"embeddable":true,"href":"https:\/\/toptier-company.com\/es\/wp-json\/wp\/v2\/users\/3"}],"replies":[{"embeddable":true,"href":"https:\/\/toptier-company.com\/es\/wp-json\/wp\/v2\/comments?post=120"}],"version-history":[{"count":46,"href":"https:\/\/toptier-company.com\/es\/wp-json\/wp\/v2\/pages\/120\/revisions"}],"predecessor-version":[{"id":298,"href":"https:\/\/toptier-company.com\/es\/wp-json\/wp\/v2\/pages\/120\/revisions\/298"}],"wp:attachment":[{"href":"https:\/\/toptier-company.com\/es\/wp-json\/wp\/v2\/media?parent=120"}],"curies":[{"name":"wp","href":"https:\/\/api.w.org\/{rel}","templated":true}]}}