{"id":124,"date":"2024-10-31T20:45:14","date_gmt":"2024-10-31T20:45:14","guid":{"rendered":"https:\/\/toptier-company.com\/?page_id=124"},"modified":"2024-11-04T20:37:49","modified_gmt":"2024-11-04T20:37:49","slug":"solutions","status":"publish","type":"page","link":"https:\/\/toptier-company.com\/es\/solutions\/","title":{"rendered":"Soluciones"},"content":{"rendered":"<div data-elementor-type=\"wp-page\" data-elementor-id=\"124\" class=\"elementor elementor-124\" data-elementor-post-type=\"page\">\n\t\t\t\t<div class=\"elementor-element elementor-element-39c7ff51 e-flex e-con-boxed e-con e-parent\" data-id=\"39c7ff51\" data-element_type=\"container\" data-settings=\"{&quot;background_background&quot;:&quot;classic&quot;}\">\n\t\t\t\t\t<div class=\"e-con-inner\">\n\t\t\t\t<div class=\"elementor-element elementor-element-36727c49 elementor-widget elementor-widget-heading\" data-id=\"36727c49\" data-element_type=\"widget\" data-widget_type=\"heading.default\">\n\t\t\t\t<div class=\"elementor-widget-container\">\n\t\t\t\t\t<h1 class=\"elementor-heading-title elementor-size-default\">SOLUCIONES POR INDUSTRIA      <\/h1>\t\t\t\t<\/div>\n\t\t\t\t<\/div>\n\t\t\t\t<div class=\"elementor-element elementor-element-79287794 elementor-widget elementor-widget-text-editor\" data-id=\"79287794\" data-element_type=\"widget\" data-widget_type=\"text-editor.default\">\n\t\t\t\t<div class=\"elementor-widget-container\">\n\t\t\t\t\t\t\t\t\t<p>En Top Tier Company, reconocemos que cada industria enfrenta retos tecnol\u00f3gicos y de seguridad espec\u00edficos. Nuestras soluciones personalizadas est\u00e1n meticulosamente dise\u00f1adas para atender las exigencias \u00fanicas de cada sector, asegurando que su organizaci\u00f3n cuente con las herramientas y estrategias m\u00e1s innovadoras y eficaces para prosperar en el panorama digital actual. Nos comprometemos a proporcionar soluciones a medida que no solo abordan sus desaf\u00edos inmediatos, sino que tambi\u00e9n preparan su empresa para las oportunidades y retos futuros en un entorno tecnol\u00f3gico en constante evoluci\u00f3n.<\/p>\t\t\t\t\t\t\t\t<\/div>\n\t\t\t\t<\/div>\n\t\t\t\t\t<\/div>\n\t\t\t\t<\/div>\n\t\t<div class=\"elementor-element elementor-element-43d6deea e-flex e-con-boxed e-con e-parent\" data-id=\"43d6deea\" data-element_type=\"container\" data-settings=\"{&quot;background_background&quot;:&quot;classic&quot;}\">\n\t\t\t\t\t<div class=\"e-con-inner\">\n\t\t<div class=\"elementor-element elementor-element-7090ee8e e-flex e-con-boxed e-con e-child\" data-id=\"7090ee8e\" data-element_type=\"container\">\n\t\t\t\t\t<div class=\"e-con-inner\">\n\t\t\t\t<div class=\"elementor-element elementor-element-22b3db8a elementor-widget elementor-widget-heading\" data-id=\"22b3db8a\" data-element_type=\"widget\" data-widget_type=\"heading.default\">\n\t\t\t\t<div class=\"elementor-widget-container\">\n\t\t\t\t\t<h2 class=\"elementor-heading-title elementor-size-default\">Sector Financiero <\/h2>\t\t\t\t<\/div>\n\t\t\t\t<\/div>\n\t\t\t\t\t<\/div>\n\t\t\t\t<\/div>\n\t\t<div class=\"elementor-element elementor-element-1ae25721 e-flex e-con-boxed e-con e-child\" data-id=\"1ae25721\" data-element_type=\"container\">\n\t\t\t\t\t<div class=\"e-con-inner\">\n\t\t<div class=\"elementor-element elementor-element-74da2daa e-con-full e-flex e-con e-child\" data-id=\"74da2daa\" data-element_type=\"container\">\n\t\t\t\t<div class=\"elementor-element elementor-element-6d734f42 elementor-widget elementor-widget-text-editor\" data-id=\"6d734f42\" data-element_type=\"widget\" data-widget_type=\"text-editor.default\">\n\t\t\t\t<div class=\"elementor-widget-container\">\n\t\t\t\t\t\t\t\t\t<p><strong>El sector financiero enfrenta desaf\u00edos \u00fanicos en t\u00e9rminos de seguridad, cumplimiento normativo y la necesidad de innovaci\u00f3n constante. Nuestras soluciones para el sector financiero incluyen:<\/strong><\/p><ul><li>Seguridad Cibern\u00e9tica Avanzada: Protecci\u00f3n contra fraudes, ataques DDoS y amenazas avanzadas persistentes (APT).<\/li><li>Cumplimiento Normativo: Soluciones para cumplir con regulaciones como PCI DSS, GDPR, y normativas locales.<\/li><li>Banca Digital: Plataformas seguras para banca en l\u00ednea y m\u00f3vil.<\/li><li>An\u00e1lisis de Datos y BI: Herramientas para el an\u00e1lisis predictivo y la toma de decisiones basada en datos.<\/li><li>Infraestructura de Alta Disponibilidad: Garantizando operaciones 24\/7 con m\u00ednimo tiempo de inactividad.<\/li><\/ul><p>\u00a0<\/p><p><strong>Beneficios:<\/strong><\/p><ul><li>Reducci\u00f3n de riesgos de seguridad y fraude<\/li><li>Mejora en la experiencia del cliente<\/li><li>Optimizaci\u00f3n de procesos y reducci\u00f3n de costos operativos<\/li><\/ul>\t\t\t\t\t\t\t\t<\/div>\n\t\t\t\t<\/div>\n\t\t\t\t<\/div>\n\t\t<div class=\"elementor-element elementor-element-5640c0fc e-con-full e-flex e-con e-child\" data-id=\"5640c0fc\" data-element_type=\"container\">\n\t\t\t\t<div class=\"elementor-element elementor-element-2a34f43e elementor-widget elementor-widget-image\" data-id=\"2a34f43e\" data-element_type=\"widget\" data-widget_type=\"image.default\">\n\t\t\t\t<div class=\"elementor-widget-container\">\n\t\t\t\t\t\t\t\t\t\t\t\t\t\t\t<img fetchpriority=\"high\" decoding=\"async\" width=\"1024\" height=\"683\" src=\"https:\/\/toptier-company.com\/wp-content\/uploads\/2024\/11\/finance-1024x683.jpg\" class=\"attachment-large size-large wp-image-425\" alt=\"\" srcset=\"https:\/\/toptier-company.com\/wp-content\/uploads\/2024\/11\/finance-1024x683.jpg 1024w, https:\/\/toptier-company.com\/wp-content\/uploads\/2024\/11\/finance-300x200.jpg 300w, https:\/\/toptier-company.com\/wp-content\/uploads\/2024\/11\/finance-768x512.jpg 768w, https:\/\/toptier-company.com\/wp-content\/uploads\/2024\/11\/finance-18x12.jpg 18w, https:\/\/toptier-company.com\/wp-content\/uploads\/2024\/11\/finance.jpg 1200w\" sizes=\"(max-width: 1024px) 100vw, 1024px\" \/>\t\t\t\t\t\t\t\t\t\t\t\t\t\t\t<\/div>\n\t\t\t\t<\/div>\n\t\t\t\t<\/div>\n\t\t\t\t\t<\/div>\n\t\t\t\t<\/div>\n\t\t\t\t\t<\/div>\n\t\t\t\t<\/div>\n\t\t<div class=\"elementor-element elementor-element-4b85df53 e-flex e-con-boxed e-con e-parent\" data-id=\"4b85df53\" data-element_type=\"container\" data-settings=\"{&quot;background_background&quot;:&quot;classic&quot;}\">\n\t\t\t\t\t<div class=\"e-con-inner\">\n\t\t<div class=\"elementor-element elementor-element-7d09353e e-flex e-con-boxed e-con e-child\" data-id=\"7d09353e\" data-element_type=\"container\">\n\t\t\t\t\t<div class=\"e-con-inner\">\n\t\t\t\t<div class=\"elementor-element elementor-element-6b14687b elementor-widget elementor-widget-heading\" data-id=\"6b14687b\" data-element_type=\"widget\" data-widget_type=\"heading.default\">\n\t\t\t\t<div class=\"elementor-widget-container\">\n\t\t\t\t\t<h2 class=\"elementor-heading-title elementor-size-default\">Sector Gubernamental<\/h2>\t\t\t\t<\/div>\n\t\t\t\t<\/div>\n\t\t\t\t\t<\/div>\n\t\t\t\t<\/div>\n\t\t<div class=\"elementor-element elementor-element-18fe6e4d e-flex e-con-boxed e-con e-child\" data-id=\"18fe6e4d\" data-element_type=\"container\">\n\t\t\t\t\t<div class=\"e-con-inner\">\n\t\t<div class=\"elementor-element elementor-element-6a639ece e-con-full e-flex e-con e-child\" data-id=\"6a639ece\" data-element_type=\"container\">\n\t\t\t\t<div class=\"elementor-element elementor-element-4f06f7b3 elementor-widget elementor-widget-image\" data-id=\"4f06f7b3\" data-element_type=\"widget\" data-widget_type=\"image.default\">\n\t\t\t\t<div class=\"elementor-widget-container\">\n\t\t\t\t\t\t\t\t\t\t\t\t\t\t\t<img decoding=\"async\" width=\"1024\" height=\"683\" src=\"https:\/\/toptier-company.com\/wp-content\/uploads\/2024\/11\/goverment-1024x683.jpg\" class=\"attachment-large size-large wp-image-427\" alt=\"\" srcset=\"https:\/\/toptier-company.com\/wp-content\/uploads\/2024\/11\/goverment-1024x683.jpg 1024w, https:\/\/toptier-company.com\/wp-content\/uploads\/2024\/11\/goverment-300x200.jpg 300w, https:\/\/toptier-company.com\/wp-content\/uploads\/2024\/11\/goverment-768x512.jpg 768w, https:\/\/toptier-company.com\/wp-content\/uploads\/2024\/11\/goverment-18x12.jpg 18w, https:\/\/toptier-company.com\/wp-content\/uploads\/2024\/11\/goverment.jpg 1200w\" sizes=\"(max-width: 1024px) 100vw, 1024px\" \/>\t\t\t\t\t\t\t\t\t\t\t\t\t\t\t<\/div>\n\t\t\t\t<\/div>\n\t\t\t\t<\/div>\n\t\t<div class=\"elementor-element elementor-element-5621817 e-con-full e-flex e-con e-child\" data-id=\"5621817\" data-element_type=\"container\">\n\t\t\t\t<div class=\"elementor-element elementor-element-732409d8 elementor-widget elementor-widget-text-editor\" data-id=\"732409d8\" data-element_type=\"widget\" data-widget_type=\"text-editor.default\">\n\t\t\t\t<div class=\"elementor-widget-container\">\n\t\t\t\t\t\t\t\t\t<p><strong>Las entidades gubernamentales requieren soluciones que garanticen la seguridad nacional, la eficiencia en la prestaci\u00f3n de servicios y la transparencia. Ofrecemos:<\/strong><\/p><ul><li>Plataformas de E-Gobierno: Sistemas para la prestaci\u00f3n eficiente de servicios p\u00fablicos en l\u00ednea.<\/li><li>Seguridad de Infraestructuras Cr\u00edticas: Protecci\u00f3n de sistemas esenciales contra ciberataques.<\/li><li>Gesti\u00f3n de Identidades y Accesos: Control riguroso de acceso a informaci\u00f3n sensible.<\/li><li>Big Data y An\u00e1lisis: Herramientas para el an\u00e1lisis de grandes vol\u00famenes de datos para la toma de decisiones.<\/li><li>Soluciones de Smart City: Tecnolog\u00edas para mejorar la gesti\u00f3n urbana y la calidad de vida de los ciudadanos.<\/li><\/ul><p>\u00a0<\/p><p><strong>Beneficios:<\/strong><\/p><ul><li>Mejora en la eficiencia y transparencia gubernamental<\/li><li>Aumento de la confianza ciudadana<\/li><li>Optimizaci\u00f3n de recursos p\u00fablicos<\/li><\/ul>\t\t\t\t\t\t\t\t<\/div>\n\t\t\t\t<\/div>\n\t\t\t\t<\/div>\n\t\t\t\t\t<\/div>\n\t\t\t\t<\/div>\n\t\t\t\t\t<\/div>\n\t\t\t\t<\/div>\n\t\t<div class=\"elementor-element elementor-element-9bf1c55 e-flex e-con-boxed e-con e-parent\" data-id=\"9bf1c55\" data-element_type=\"container\" data-settings=\"{&quot;background_background&quot;:&quot;classic&quot;}\">\n\t\t\t\t\t<div class=\"e-con-inner\">\n\t\t<div class=\"elementor-element elementor-element-248ff9b5 e-flex e-con-boxed e-con e-child\" data-id=\"248ff9b5\" data-element_type=\"container\">\n\t\t\t\t\t<div class=\"e-con-inner\">\n\t\t\t\t<div class=\"elementor-element elementor-element-52327d24 elementor-widget elementor-widget-heading\" data-id=\"52327d24\" data-element_type=\"widget\" data-widget_type=\"heading.default\">\n\t\t\t\t<div class=\"elementor-widget-container\">\n\t\t\t\t\t<h2 class=\"elementor-heading-title elementor-size-default\">Sector Salud<\/h2>\t\t\t\t<\/div>\n\t\t\t\t<\/div>\n\t\t\t\t\t<\/div>\n\t\t\t\t<\/div>\n\t\t<div class=\"elementor-element elementor-element-583397f3 e-flex e-con-boxed e-con e-child\" data-id=\"583397f3\" data-element_type=\"container\">\n\t\t\t\t\t<div class=\"e-con-inner\">\n\t\t<div class=\"elementor-element elementor-element-2655ae5 e-con-full e-flex e-con e-child\" data-id=\"2655ae5\" data-element_type=\"container\">\n\t\t\t\t<div class=\"elementor-element elementor-element-1691eac1 elementor-widget elementor-widget-text-editor\" data-id=\"1691eac1\" data-element_type=\"widget\" data-widget_type=\"text-editor.default\">\n\t\t\t\t<div class=\"elementor-widget-container\">\n\t\t\t\t\t\t\t\t\t<p><strong>La transformaci\u00f3n digital en el sector salud es crucial para mejorar la atenci\u00f3n al paciente y la eficiencia operativa. Nuestras soluciones incluyen:<\/strong><\/p><ul><li>Sistemas de Historias Cl\u00ednicas Electr\u00f3nicas (EHR): Gesti\u00f3n segura y eficiente de la informaci\u00f3n del paciente.<\/li><li>Telemedicina: Plataformas para consultas remotas y monitoreo de pacientes.<\/li><li>An\u00e1lisis Predictivo en Salud: Herramientas para anticipar brotes y mejorar la atenci\u00f3n preventiva.<\/li><li>Seguridad de Datos M\u00e9dicos: Protecci\u00f3n de informaci\u00f3n sensible de pacientes en cumplimiento con las leyes de protecci\u00f3n de informaci\u00f3n personal y otras regulaciones.<\/li><li>IoT M\u00e9dico: Integraci\u00f3n y gesti\u00f3n segura de dispositivos m\u00e9dicos conectados.<\/li><\/ul><p>\u00a0<\/p><p><strong>Beneficios:<\/strong><\/p><ul><li>Mejora en la calidad de atenci\u00f3n al paciente<\/li><li>Reducci\u00f3n de costos operativos<\/li><li>Aumento de la eficiencia en la gesti\u00f3n hospitalaria<\/li><\/ul>\t\t\t\t\t\t\t\t<\/div>\n\t\t\t\t<\/div>\n\t\t\t\t<\/div>\n\t\t<div class=\"elementor-element elementor-element-1711202b e-con-full e-flex e-con e-child\" data-id=\"1711202b\" data-element_type=\"container\">\n\t\t\t\t<div class=\"elementor-element elementor-element-6966bff1 elementor-widget elementor-widget-image\" data-id=\"6966bff1\" data-element_type=\"widget\" data-widget_type=\"image.default\">\n\t\t\t\t<div class=\"elementor-widget-container\">\n\t\t\t\t\t\t\t\t\t\t\t\t\t\t\t<img decoding=\"async\" width=\"1024\" height=\"683\" src=\"https:\/\/toptier-company.com\/wp-content\/uploads\/2024\/11\/medical-1024x683.jpg\" class=\"attachment-large size-large wp-image-428\" alt=\"\" srcset=\"https:\/\/toptier-company.com\/wp-content\/uploads\/2024\/11\/medical-1024x683.jpg 1024w, https:\/\/toptier-company.com\/wp-content\/uploads\/2024\/11\/medical-300x200.jpg 300w, https:\/\/toptier-company.com\/wp-content\/uploads\/2024\/11\/medical-768x512.jpg 768w, https:\/\/toptier-company.com\/wp-content\/uploads\/2024\/11\/medical-18x12.jpg 18w, https:\/\/toptier-company.com\/wp-content\/uploads\/2024\/11\/medical.jpg 1200w\" sizes=\"(max-width: 1024px) 100vw, 1024px\" \/>\t\t\t\t\t\t\t\t\t\t\t\t\t\t\t<\/div>\n\t\t\t\t<\/div>\n\t\t\t\t<\/div>\n\t\t\t\t\t<\/div>\n\t\t\t\t<\/div>\n\t\t\t\t\t<\/div>\n\t\t\t\t<\/div>\n\t\t<div class=\"elementor-element elementor-element-32ddc303 e-flex e-con-boxed e-con e-parent\" data-id=\"32ddc303\" data-element_type=\"container\" data-settings=\"{&quot;background_background&quot;:&quot;classic&quot;}\">\n\t\t\t\t\t<div class=\"e-con-inner\">\n\t\t<div class=\"elementor-element elementor-element-27ea27eb e-flex e-con-boxed e-con e-child\" data-id=\"27ea27eb\" data-element_type=\"container\">\n\t\t\t\t\t<div class=\"e-con-inner\">\n\t\t\t\t<div class=\"elementor-element elementor-element-53e8ed54 elementor-widget elementor-widget-heading\" data-id=\"53e8ed54\" data-element_type=\"widget\" data-widget_type=\"heading.default\">\n\t\t\t\t<div class=\"elementor-widget-container\">\n\t\t\t\t\t<h2 class=\"elementor-heading-title elementor-size-default\">Sector Educativo<\/h2>\t\t\t\t<\/div>\n\t\t\t\t<\/div>\n\t\t\t\t\t<\/div>\n\t\t\t\t<\/div>\n\t\t<div class=\"elementor-element elementor-element-3ff8f650 e-flex e-con-boxed e-con e-child\" data-id=\"3ff8f650\" data-element_type=\"container\">\n\t\t\t\t\t<div class=\"e-con-inner\">\n\t\t<div class=\"elementor-element elementor-element-5a873146 e-con-full e-flex e-con e-child\" data-id=\"5a873146\" data-element_type=\"container\">\n\t\t\t\t<div class=\"elementor-element elementor-element-78f154ba elementor-widget elementor-widget-image\" data-id=\"78f154ba\" data-element_type=\"widget\" data-widget_type=\"image.default\">\n\t\t\t\t<div class=\"elementor-widget-container\">\n\t\t\t\t\t\t\t\t\t\t\t\t\t\t\t<img loading=\"lazy\" decoding=\"async\" width=\"1024\" height=\"636\" src=\"https:\/\/toptier-company.com\/wp-content\/uploads\/2024\/11\/education-1024x636.jpg\" class=\"attachment-large size-large wp-image-429\" alt=\"\" srcset=\"https:\/\/toptier-company.com\/wp-content\/uploads\/2024\/11\/education-1024x636.jpg 1024w, https:\/\/toptier-company.com\/wp-content\/uploads\/2024\/11\/education-300x186.jpg 300w, https:\/\/toptier-company.com\/wp-content\/uploads\/2024\/11\/education-768x477.jpg 768w, https:\/\/toptier-company.com\/wp-content\/uploads\/2024\/11\/education-18x12.jpg 18w, https:\/\/toptier-company.com\/wp-content\/uploads\/2024\/11\/education.jpg 1200w\" sizes=\"(max-width: 1024px) 100vw, 1024px\" \/>\t\t\t\t\t\t\t\t\t\t\t\t\t\t\t<\/div>\n\t\t\t\t<\/div>\n\t\t\t\t<\/div>\n\t\t<div class=\"elementor-element elementor-element-173de0e6 e-con-full e-flex e-con e-child\" data-id=\"173de0e6\" data-element_type=\"container\">\n\t\t\t\t<div class=\"elementor-element elementor-element-78f04e2f elementor-widget elementor-widget-text-editor\" data-id=\"78f04e2f\" data-element_type=\"widget\" data-widget_type=\"text-editor.default\">\n\t\t\t\t<div class=\"elementor-widget-container\">\n\t\t\t\t\t\t\t\t\t<p><strong>La tecnolog\u00eda est\u00e1 transformando la educaci\u00f3n, y nuestras soluciones est\u00e1n dise\u00f1adas para apoyar este cambio:<\/strong><\/p><ul><li>Plataformas de Aprendizaje en L\u00ednea: Sistemas de gesti\u00f3n de aprendizaje (LMS) robustos y seguros.<\/li><li>Seguridad en Entornos Educativos: Protecci\u00f3n de datos de estudiantes y personal docente.<\/li><li>Infraestructura para Aulas Inteligentes: Soluciones de conectividad y dispositivos para una educaci\u00f3n interactiva.<\/li><li>An\u00e1lisis de Datos Educativos: Herramientas para seguimiento del rendimiento estudiantil y mejora de programas educativos.<\/li><li>Gesti\u00f3n de Identidades y Accesos: Control de acceso seguro a recursos educativos en l\u00ednea.<\/li><\/ul><p>\u00a0<\/p><p><strong>Beneficios:<\/strong><\/p><ul><li>Mejora en la experiencia de aprendizaje<\/li><li>Aumento en la eficiencia administrativa<\/li><li>Preparaci\u00f3n de estudiantes para la era digital<\/li><\/ul>\t\t\t\t\t\t\t\t<\/div>\n\t\t\t\t<\/div>\n\t\t\t\t<\/div>\n\t\t\t\t\t<\/div>\n\t\t\t\t<\/div>\n\t\t\t\t\t<\/div>\n\t\t\t\t<\/div>\n\t\t<div class=\"elementor-element elementor-element-7194a51d e-flex e-con-boxed e-con e-child\" data-id=\"7194a51d\" data-element_type=\"container\" data-settings=\"{&quot;background_background&quot;:&quot;classic&quot;}\">\n\t\t\t\t\t<div class=\"e-con-inner\">\n\t\t\t\t<div class=\"elementor-element elementor-element-2633f7b5 elementor-widget__width-inherit elementor-widget elementor-widget-text-editor\" data-id=\"2633f7b5\" data-element_type=\"widget\" data-widget_type=\"text-editor.default\">\n\t\t\t\t<div class=\"elementor-widget-container\">\n\t\t\t\t\t\t\t\t\t<p>En Top Tier Company, no solo proporcionamos tecnolog\u00eda, sino que nos asociamos con usted para entender profundamente los desaf\u00edos espec\u00edficos de su industria. Nuestro enfoque consultivo nos permite dise\u00f1ar e implementar soluciones que no solo abordan sus necesidades actuales, sino que tambi\u00e9n le preparan para el futuro.<\/p><p><strong>Nuestro equipo de expertos en cada industria trabaja en estrecha colaboraci\u00f3n con usted para:<\/strong><\/p><ol><li>Evaluar sus necesidades espec\u00edficas y desaf\u00edos \u00fanicos<\/li><li>Dise\u00f1ar soluciones personalizadas que se alineen con sus objetivos estrat\u00e9gicos<\/li><li>Implementar tecnolog\u00edas de vanguardia con m\u00ednima interrupci\u00f3n de sus operaciones<\/li><li>Proporcionar soporte continuo y optimizaci\u00f3n para garantizar el m\u00e1ximo retorno de su inversi\u00f3n<\/li><\/ol><p>\u00a0<\/p><p>Ya sea que est\u00e9 buscando fortalecer su seguridad, mejorar la eficiencia operativa, o impulsar la innovaci\u00f3n en su sector, Top Tier Company tiene las soluciones y la experiencia para ayudarle a alcanzar sus objetivos.<\/p>\t\t\t\t\t\t\t\t<\/div>\n\t\t\t\t<\/div>\n\t\t\t\t<div class=\"elementor-element elementor-element-64b7f386 elementor-align-center elementor-tablet-align-left elementor-mobile-align-center elementor-widget elementor-widget-button\" data-id=\"64b7f386\" data-element_type=\"widget\" data-widget_type=\"button.default\">\n\t\t\t\t<div class=\"elementor-widget-container\">\n\t\t\t\t\t\t\t\t\t<div class=\"elementor-button-wrapper\">\n\t\t\t\t\t<a class=\"elementor-button elementor-button-link elementor-size-sm\" href=\"https:\/\/toptier-company.com\/es\/contact\/\">\n\t\t\t\t\t\t<span class=\"elementor-button-content-wrapper\">\n\t\t\t\t\t\t\t\t\t<span class=\"elementor-button-text\">Cont\u00e1ctenos hoy<\/span>\n\t\t\t\t\t<\/span>\n\t\t\t\t\t<\/a>\n\t\t\t\t<\/div>\n\t\t\t\t\t\t\t\t<\/div>\n\t\t\t\t<\/div>\n\t\t\t\t<div class=\"elementor-element elementor-element-5e309936 elementor-widget__width-inherit elementor-widget elementor-widget-text-editor\" data-id=\"5e309936\" data-element_type=\"widget\" data-widget_type=\"text-editor.default\">\n\t\t\t\t<div class=\"elementor-widget-container\">\n\t\t\t\t\t\t\t\t\t<p>Para descubrir c\u00f3mo nuestras soluciones espec\u00edficas para su industria pueden transformar su organizaci\u00f3n y darle una ventaja competitiva en la era digital.<\/p>\t\t\t\t\t\t\t\t<\/div>\n\t\t\t\t<\/div>\n\t\t\t\t\t<\/div>\n\t\t\t\t<\/div>\n\t\t\t\t<\/div>","protected":false},"excerpt":{"rendered":"<p>SOLUTIONS BY INDUSTRY At Top Tier Company, we recognize that every industry faces specific technology and security challenges. Our customized solutions are meticulously designed to meet the unique demands of each industry, ensuring your organization has the most innovative and effective tools and strategies to thrive in today&#8217;s digital landscape. We are committed to providing [&hellip;]<\/p>","protected":false},"author":3,"featured_media":0,"parent":0,"menu_order":0,"comment_status":"closed","ping_status":"closed","template":"","meta":{"footnotes":""},"class_list":["post-124","page","type-page","status-publish","hentry"],"_links":{"self":[{"href":"https:\/\/toptier-company.com\/es\/wp-json\/wp\/v2\/pages\/124","targetHints":{"allow":["GET"]}}],"collection":[{"href":"https:\/\/toptier-company.com\/es\/wp-json\/wp\/v2\/pages"}],"about":[{"href":"https:\/\/toptier-company.com\/es\/wp-json\/wp\/v2\/types\/page"}],"author":[{"embeddable":true,"href":"https:\/\/toptier-company.com\/es\/wp-json\/wp\/v2\/users\/3"}],"replies":[{"embeddable":true,"href":"https:\/\/toptier-company.com\/es\/wp-json\/wp\/v2\/comments?post=124"}],"version-history":[{"count":7,"href":"https:\/\/toptier-company.com\/es\/wp-json\/wp\/v2\/pages\/124\/revisions"}],"predecessor-version":[{"id":432,"href":"https:\/\/toptier-company.com\/es\/wp-json\/wp\/v2\/pages\/124\/revisions\/432"}],"wp:attachment":[{"href":"https:\/\/toptier-company.com\/es\/wp-json\/wp\/v2\/media?parent=124"}],"curies":[{"name":"wp","href":"https:\/\/api.w.org\/{rel}","templated":true}]}}