{"id":126,"date":"2024-10-31T20:45:37","date_gmt":"2024-10-31T20:45:37","guid":{"rendered":"https:\/\/toptier-company.com\/?page_id=126"},"modified":"2024-11-05T21:38:31","modified_gmt":"2024-11-05T21:38:31","slug":"faqs","status":"publish","type":"page","link":"https:\/\/toptier-company.com\/es\/faqs\/","title":{"rendered":"Preguntas Frecuentes"},"content":{"rendered":"<div data-elementor-type=\"wp-page\" data-elementor-id=\"126\" class=\"elementor elementor-126\" data-elementor-post-type=\"page\">\n\t\t\t\t<div class=\"elementor-element elementor-element-4829eb49 e-flex e-con-boxed e-con e-parent\" data-id=\"4829eb49\" data-element_type=\"container\" data-settings=\"{&quot;background_background&quot;:&quot;classic&quot;}\">\n\t\t\t\t\t<div class=\"e-con-inner\">\n\t\t\t\t<div class=\"elementor-element elementor-element-4349c4d3 elementor-widget elementor-widget-heading\" data-id=\"4349c4d3\" data-element_type=\"widget\" data-widget_type=\"heading.default\">\n\t\t\t\t<div class=\"elementor-widget-container\">\n\t\t\t\t\t<h2 class=\"elementor-heading-title elementor-size-default\">PREGUNTAS FRECUENTES<\/h2>\t\t\t\t<\/div>\n\t\t\t\t<\/div>\n\t\t\t\t<div class=\"elementor-element elementor-element-3cfb797a elementor-widget elementor-widget-text-editor\" data-id=\"3cfb797a\" data-element_type=\"widget\" data-widget_type=\"text-editor.default\">\n\t\t\t\t<div class=\"elementor-widget-container\">\n\t\t\t\t\t\t\t\t\t<p>En Top Tier Company, nos esforzamos por proporcionar la informaci\u00f3n m\u00e1s clara y completa sobre nuestros servicios. A continuaci\u00f3n, encontrar\u00e1 respuestas a algunas de las preguntas m\u00e1s comunes que recibimos de nuestros clientes y potenciales clientes.<\/p>\t\t\t\t\t\t\t\t<\/div>\n\t\t\t\t<\/div>\n\t\t\t\t\t<\/div>\n\t\t\t\t<\/div>\n\t\t<div class=\"elementor-element elementor-element-6a8b0c85 e-flex e-con-boxed e-con e-parent\" data-id=\"6a8b0c85\" data-element_type=\"container\">\n\t\t\t\t\t<div class=\"e-con-inner\">\n\t\t<div class=\"elementor-element elementor-element-5ef741b4 e-con-full e-flex e-con e-child\" data-id=\"5ef741b4\" data-element_type=\"container\">\n\t\t<div class=\"elementor-element elementor-element-529edab8 e-flex e-con-boxed e-con e-child\" data-id=\"529edab8\" data-element_type=\"container\">\n\t\t\t\t\t<div class=\"e-con-inner\">\n\t\t\t\t<div class=\"elementor-element elementor-element-4988293a elementor-widget elementor-widget-heading\" data-id=\"4988293a\" data-element_type=\"widget\" data-widget_type=\"heading.default\">\n\t\t\t\t<div class=\"elementor-widget-container\">\n\t\t\t\t\t<h2 class=\"elementor-heading-title elementor-size-default\">Servicios Generales<\/h2>\t\t\t\t<\/div>\n\t\t\t\t<\/div>\n\t\t\t\t\t<\/div>\n\t\t\t\t<\/div>\n\t\t\t\t<\/div>\n\t\t<div class=\"elementor-element elementor-element-6d98a82c e-con-full e-flex e-con e-child\" data-id=\"6d98a82c\" data-element_type=\"container\">\n\t\t\t\t<div class=\"elementor-element elementor-element-1fae750 elementor-widget elementor-widget-text-editor\" data-id=\"1fae750\" data-element_type=\"widget\" data-widget_type=\"text-editor.default\">\n\t\t\t\t<div class=\"elementor-widget-container\">\n\t\t\t\t\t\t\t\t\t<p><strong>\u00bfQu\u00e9 tipos de empresas pueden beneficiarse de sus servicios?<\/strong><br \/>Nuestros servicios est\u00e1n dise\u00f1ados para adaptarse a una amplia gama de empresas, desde peque\u00f1as y medianas hasta grandes corporaciones. Trabajamos con clientes en diversos sectores, incluyendo finanzas, salud, educaci\u00f3n y gobierno.<\/p><p><strong>\u00bfOfrecen soluciones personalizadas?<\/strong><br \/>S\u00ed, entendemos que cada empresa tiene necesidades \u00fanicas. Nuestro equipo de expertos trabaja estrechamente con cada cliente para desarrollar soluciones a medida que se adapten a sus requerimientos espec\u00edficos y objetivos de negocio.<\/p><p><strong>\u00bfC\u00f3mo garantizan la calidad de sus servicios?<\/strong><br \/>Mantenemos altos est\u00e1ndares de calidad a trav\u00e9s de procesos rigurosos, personal altamente capacitado y certificado, y el uso de las \u00faltimas tecnolog\u00edas. Adem\u00e1s, realizamos evaluaciones continuas y nos adherimos a las mejores pr\u00e1cticas de la industria.<\/p>\t\t\t\t\t\t\t\t<\/div>\n\t\t\t\t<\/div>\n\t\t\t\t<\/div>\n\t\t\t\t\t<\/div>\n\t\t\t\t<\/div>\n\t\t<div class=\"elementor-element elementor-element-2d35c18 e-flex e-con-boxed e-con e-parent\" data-id=\"2d35c18\" data-element_type=\"container\">\n\t\t\t\t\t<div class=\"e-con-inner\">\n\t\t<div class=\"elementor-element elementor-element-5641f11 e-con-full e-flex e-con e-child\" data-id=\"5641f11\" data-element_type=\"container\">\n\t\t<div class=\"elementor-element elementor-element-cefca16 e-flex e-con-boxed e-con e-child\" data-id=\"cefca16\" data-element_type=\"container\">\n\t\t\t\t\t<div class=\"e-con-inner\">\n\t\t\t\t<div class=\"elementor-element elementor-element-45fd63b elementor-widget elementor-widget-heading\" data-id=\"45fd63b\" data-element_type=\"widget\" data-widget_type=\"heading.default\">\n\t\t\t\t<div class=\"elementor-widget-container\">\n\t\t\t\t\t<h2 class=\"elementor-heading-title elementor-size-default\">Seguridad y Privacidad<\/h2>\t\t\t\t<\/div>\n\t\t\t\t<\/div>\n\t\t\t\t\t<\/div>\n\t\t\t\t<\/div>\n\t\t\t\t<\/div>\n\t\t<div class=\"elementor-element elementor-element-ef4b68c e-con-full e-flex e-con e-child\" data-id=\"ef4b68c\" data-element_type=\"container\">\n\t\t\t\t<div class=\"elementor-element elementor-element-67faa79 elementor-widget elementor-widget-text-editor\" data-id=\"67faa79\" data-element_type=\"widget\" data-widget_type=\"text-editor.default\">\n\t\t\t\t<div class=\"elementor-widget-container\">\n\t\t\t\t\t\t\t\t\t<p><strong>\u00bfC\u00f3mo protegen la informaci\u00f3n confidencial de los clientes?<\/strong><br \/>La seguridad de los datos de nuestros clientes es nuestra prioridad. Implementamos m\u00faltiples capas de seguridad, incluyendo cifrado de datos, controles de acceso estrictos y monitoreo continuo. Adem\u00e1s, cumplimos con todas las regulaciones de privacidad y protecci\u00f3n de datos aplicables.<\/p><p><strong>\u00bfQu\u00e9 medidas toman para prevenir ciberataques?<\/strong><br \/>Utilizamos tecnolog\u00edas de seguridad de vanguardia, incluyendo firewalls avanzados, sistemas de detecci\u00f3n y prevenci\u00f3n de intrusiones, y an\u00e1lisis de comportamiento para identificar y mitigar amenazas potenciales. Tambi\u00e9n realizamos auditor\u00edas de seguridad regulares y mantenemos nuestros sistemas actualizados con los \u00faltimos parches de seguridad.<\/p>\t\t\t\t\t\t\t\t<\/div>\n\t\t\t\t<\/div>\n\t\t\t\t<\/div>\n\t\t\t\t\t<\/div>\n\t\t\t\t<\/div>\n\t\t<div class=\"elementor-element elementor-element-9cad63c e-flex e-con-boxed e-con e-parent\" data-id=\"9cad63c\" data-element_type=\"container\">\n\t\t\t\t\t<div class=\"e-con-inner\">\n\t\t<div class=\"elementor-element elementor-element-0bd4551 e-con-full e-flex e-con e-child\" data-id=\"0bd4551\" data-element_type=\"container\">\n\t\t<div class=\"elementor-element elementor-element-3602a14 e-flex e-con-boxed e-con e-child\" data-id=\"3602a14\" data-element_type=\"container\">\n\t\t\t\t\t<div class=\"e-con-inner\">\n\t\t\t\t<div class=\"elementor-element elementor-element-fca7f58 elementor-widget elementor-widget-heading\" data-id=\"fca7f58\" data-element_type=\"widget\" data-widget_type=\"heading.default\">\n\t\t\t\t<div class=\"elementor-widget-container\">\n\t\t\t\t\t<h2 class=\"elementor-heading-title elementor-size-default\">Implementaci\u00f3n y Soporte<\/h2>\t\t\t\t<\/div>\n\t\t\t\t<\/div>\n\t\t\t\t\t<\/div>\n\t\t\t\t<\/div>\n\t\t\t\t<\/div>\n\t\t<div class=\"elementor-element elementor-element-78b3e76 e-con-full e-flex e-con e-child\" data-id=\"78b3e76\" data-element_type=\"container\">\n\t\t\t\t<div class=\"elementor-element elementor-element-2c9a595 elementor-widget elementor-widget-text-editor\" data-id=\"2c9a595\" data-element_type=\"widget\" data-widget_type=\"text-editor.default\">\n\t\t\t\t<div class=\"elementor-widget-container\">\n\t\t\t\t\t\t\t\t\t<p><strong>\u00bfCu\u00e1l es el proceso t\u00edpico de implementaci\u00f3n de sus servicios?<\/strong><br \/>Nuestro proceso de implementaci\u00f3n generalmente incluye las siguientes fases: evaluaci\u00f3n inicial, dise\u00f1o de la soluci\u00f3n, implementaci\u00f3n, pruebas, capacitaci\u00f3n y soporte continuo. La duraci\u00f3n y los detalles espec\u00edficos var\u00edan seg\u00fan el alcance del proyecto y las necesidades del cliente.<\/p><p><strong>\u00bfOfrecen capacitaci\u00f3n para nuestro personal?<\/strong><br \/>S\u00ed, proporcionamos capacitaci\u00f3n integral para asegurar que su equipo pueda aprovechar al m\u00e1ximo nuestras soluciones. Esto puede incluir sesiones de formaci\u00f3n presenciales, webinars, y recursos en l\u00ednea.<\/p>\t\t\t\t\t\t\t\t<\/div>\n\t\t\t\t<\/div>\n\t\t\t\t<\/div>\n\t\t\t\t\t<\/div>\n\t\t\t\t<\/div>\n\t\t<div class=\"elementor-element elementor-element-48c1aeb e-flex e-con-boxed e-con e-parent\" data-id=\"48c1aeb\" data-element_type=\"container\">\n\t\t\t\t\t<div class=\"e-con-inner\">\n\t\t<div class=\"elementor-element elementor-element-f52a1f0 e-con-full e-flex e-con e-child\" data-id=\"f52a1f0\" data-element_type=\"container\">\n\t\t<div class=\"elementor-element elementor-element-bc50860 e-flex e-con-boxed e-con e-child\" data-id=\"bc50860\" data-element_type=\"container\">\n\t\t\t\t\t<div class=\"e-con-inner\">\n\t\t\t\t<div class=\"elementor-element elementor-element-89ec618 elementor-widget elementor-widget-heading\" data-id=\"89ec618\" data-element_type=\"widget\" data-widget_type=\"heading.default\">\n\t\t\t\t<div class=\"elementor-widget-container\">\n\t\t\t\t\t<h2 class=\"elementor-heading-title elementor-size-default\">Tecnolog\u00eda y Compatibilidad<\/h2>\t\t\t\t<\/div>\n\t\t\t\t<\/div>\n\t\t\t\t\t<\/div>\n\t\t\t\t<\/div>\n\t\t\t\t<\/div>\n\t\t<div class=\"elementor-element elementor-element-ea305bb e-con-full e-flex e-con e-child\" data-id=\"ea305bb\" data-element_type=\"container\">\n\t\t\t\t<div class=\"elementor-element elementor-element-154f00e elementor-widget elementor-widget-text-editor\" data-id=\"154f00e\" data-element_type=\"widget\" data-widget_type=\"text-editor.default\">\n\t\t\t\t<div class=\"elementor-widget-container\">\n\t\t\t\t\t\t\t\t\t<p><strong>\u00bfSus soluciones son compatibles con nuestros sistemas existentes?<\/strong><br \/>Dise\u00f1amos nuestras soluciones para ser altamente compatibles e integrables con una amplia gama de sistemas y plataformas existentes. Durante la fase de evaluaci\u00f3n, analizamos su infraestructura actual para garantizar una integraci\u00f3n sin problemas.<\/p><p><strong>\u00bfCon qu\u00e9 frecuencia actualizan sus tecnolog\u00edas y servicios?<\/strong><br \/>Nos mantenemos a la vanguardia de la innovaci\u00f3n tecnol\u00f3gica. Actualizamos constantemente nuestras soluciones y servicios para incorporar las \u00faltimas tecnolog\u00edas y mejores pr\u00e1cticas de la industria, asegurando que nuestros clientes siempre tengan acceso a las herramientas m\u00e1s avanzadas.<\/p>\t\t\t\t\t\t\t\t<\/div>\n\t\t\t\t<\/div>\n\t\t\t\t<\/div>\n\t\t\t\t\t<\/div>\n\t\t\t\t<\/div>\n\t\t<div class=\"elementor-element elementor-element-7efedf8 e-flex e-con-boxed e-con e-parent\" data-id=\"7efedf8\" data-element_type=\"container\">\n\t\t\t\t\t<div class=\"e-con-inner\">\n\t\t<div class=\"elementor-element elementor-element-c4ea7df e-con-full e-flex e-con e-child\" data-id=\"c4ea7df\" data-element_type=\"container\">\n\t\t<div class=\"elementor-element elementor-element-977be85 e-flex e-con-boxed e-con e-child\" data-id=\"977be85\" data-element_type=\"container\">\n\t\t\t\t\t<div class=\"e-con-inner\">\n\t\t\t\t<div class=\"elementor-element elementor-element-bcc011d elementor-widget elementor-widget-heading\" data-id=\"bcc011d\" data-element_type=\"widget\" data-widget_type=\"heading.default\">\n\t\t\t\t<div class=\"elementor-widget-container\">\n\t\t\t\t\t<h2 class=\"elementor-heading-title elementor-size-default\">Costos y Contratos<\/h2>\t\t\t\t<\/div>\n\t\t\t\t<\/div>\n\t\t\t\t\t<\/div>\n\t\t\t\t<\/div>\n\t\t\t\t<\/div>\n\t\t<div class=\"elementor-element elementor-element-9b95896 e-con-full e-flex e-con e-child\" data-id=\"9b95896\" data-element_type=\"container\">\n\t\t\t\t<div class=\"elementor-element elementor-element-30b6fe2 elementor-widget elementor-widget-text-editor\" data-id=\"30b6fe2\" data-element_type=\"widget\" data-widget_type=\"text-editor.default\">\n\t\t\t\t<div class=\"elementor-widget-container\">\n\t\t\t\t\t\t\t\t\t<p><strong>\u00bfC\u00f3mo se estructuran sus precios?<br \/><\/strong>Nuestros modelos de precios son flexibles y se adaptan a las necesidades espec\u00edficas de cada cliente. Ofrecemos opciones que pueden incluir tarifas basadas en proyectos, suscripciones mensuales o anuales, y modelos de pago por uso. Durante la consulta inicial, discutiremos las opciones que mejor se ajusten a su presupuesto y requisitos.<\/p><p><strong>\u00bfRequieren contratos a largo plazo?<\/strong><br \/>La duraci\u00f3n de nuestros contratos var\u00eda seg\u00fan el servicio y las necesidades del cliente. Ofrecemos opciones flexibles que pueden incluir acuerdos a corto y largo plazo. \nNuestro objetivo es proporcionar la m\u00e1xima flexibilidad mientras garantizamos un servicio de alta calidad y continuo.<\/p>\t\t\t\t\t\t\t\t<\/div>\n\t\t\t\t<\/div>\n\t\t\t\t<\/div>\n\t\t\t\t\t<\/div>\n\t\t\t\t<\/div>\n\t\t<div class=\"elementor-element elementor-element-61edd99 e-flex e-con-boxed e-con e-parent\" data-id=\"61edd99\" data-element_type=\"container\">\n\t\t\t\t\t<div class=\"e-con-inner\">\n\t\t\t\t<div class=\"elementor-element elementor-element-5fd273e elementor-widget elementor-widget-text-editor\" data-id=\"5fd273e\" data-element_type=\"widget\" data-widget_type=\"text-editor.default\">\n\t\t\t\t<div class=\"elementor-widget-container\">\n\t\t\t\t\t\t\t\t\t<h3>Estamos aqu\u00ed para ayudarle a encontrar las mejores soluciones para sus necesidades de TI y seguridad cibern\u00e9tica.<\/h3>\n<p>Si tiene alguna pregunta adicional que no est\u00e9 cubierta aqu\u00ed, no dude en ponerse en contacto con nuestro equipo de ventas o soporte.<\/p>\n<p><\/p>\t\t\t\t\t\t\t\t<\/div>\n\t\t\t\t<\/div>\n\t\t\t\t<div class=\"elementor-element elementor-element-b0c3f44 elementor-align-left elementor-tablet-align-left elementor-mobile-align-center elementor-widget elementor-widget-button\" data-id=\"b0c3f44\" data-element_type=\"widget\" data-widget_type=\"button.default\">\n\t\t\t\t<div class=\"elementor-widget-container\">\n\t\t\t\t\t\t\t\t\t<div class=\"elementor-button-wrapper\">\n\t\t\t\t\t<a class=\"elementor-button elementor-button-link elementor-size-sm\" href=\"https:\/\/toptier-company.com\/es\/contact\/\">\n\t\t\t\t\t\t<span class=\"elementor-button-content-wrapper\">\n\t\t\t\t\t\t\t\t\t<span class=\"elementor-button-text\">Cont\u00e1ctenos hoy<\/span>\n\t\t\t\t\t<\/span>\n\t\t\t\t\t<\/a>\n\t\t\t\t<\/div>\n\t\t\t\t\t\t\t\t<\/div>\n\t\t\t\t<\/div>\n\t\t\t\t\t<\/div>\n\t\t\t\t<\/div>\n\t\t\t\t<\/div>","protected":false},"excerpt":{"rendered":"<p>FREQUENTLY ASKED QUESTIONS At Top Tier Company, we strive to provide the clearest and most comprehensive information about our services. Below you will find answers to some of the most common questions we receive from our customers and potential customers. General Services What types of businesses can benefit from your services?Our services are designed to [&hellip;]<\/p>","protected":false},"author":3,"featured_media":0,"parent":0,"menu_order":0,"comment_status":"closed","ping_status":"closed","template":"elementor_header_footer","meta":{"footnotes":""},"class_list":["post-126","page","type-page","status-publish","hentry"],"_links":{"self":[{"href":"https:\/\/toptier-company.com\/es\/wp-json\/wp\/v2\/pages\/126","targetHints":{"allow":["GET"]}}],"collection":[{"href":"https:\/\/toptier-company.com\/es\/wp-json\/wp\/v2\/pages"}],"about":[{"href":"https:\/\/toptier-company.com\/es\/wp-json\/wp\/v2\/types\/page"}],"author":[{"embeddable":true,"href":"https:\/\/toptier-company.com\/es\/wp-json\/wp\/v2\/users\/3"}],"replies":[{"embeddable":true,"href":"https:\/\/toptier-company.com\/es\/wp-json\/wp\/v2\/comments?post=126"}],"version-history":[{"count":7,"href":"https:\/\/toptier-company.com\/es\/wp-json\/wp\/v2\/pages\/126\/revisions"}],"predecessor-version":[{"id":531,"href":"https:\/\/toptier-company.com\/es\/wp-json\/wp\/v2\/pages\/126\/revisions\/531"}],"wp:attachment":[{"href":"https:\/\/toptier-company.com\/es\/wp-json\/wp\/v2\/media?parent=126"}],"curies":[{"name":"wp","href":"https:\/\/api.w.org\/{rel}","templated":true}]}}