{"id":206,"date":"2024-11-01T17:12:41","date_gmt":"2024-11-01T17:12:41","guid":{"rendered":"https:\/\/toptier-company.com\/?page_id=206"},"modified":"2024-11-06T19:24:02","modified_gmt":"2024-11-06T19:24:02","slug":"advanced-connectivity-solutions","status":"publish","type":"page","link":"https:\/\/toptier-company.com\/es\/advanced-connectivity-solutions\/","title":{"rendered":"Soluciones de Conectividad Avanzada"},"content":{"rendered":"<div data-elementor-type=\"wp-page\" data-elementor-id=\"206\" class=\"elementor elementor-206\" data-elementor-post-type=\"page\">\n\t\t\t\t<div class=\"elementor-element elementor-element-00abe07 e-flex e-con-boxed e-con e-parent\" data-id=\"00abe07\" data-element_type=\"container\" data-settings=\"{&quot;background_background&quot;:&quot;classic&quot;}\">\n\t\t\t\t\t<div class=\"e-con-inner\">\n\t\t\t\t<div class=\"elementor-element elementor-element-8abdd61 elementor-widget elementor-widget-heading\" data-id=\"8abdd61\" data-element_type=\"widget\" data-widget_type=\"heading.default\">\n\t\t\t\t<div class=\"elementor-widget-container\">\n\t\t\t\t\t<h1 class=\"elementor-heading-title elementor-size-default\">Soluciones de Conectividad Avanzada<\/h1>\t\t\t\t<\/div>\n\t\t\t\t<\/div>\n\t\t\t\t<div class=\"elementor-element elementor-element-9bd1702 elementor-widget elementor-widget-text-editor\" data-id=\"9bd1702\" data-element_type=\"widget\" data-widget_type=\"text-editor.default\">\n\t\t\t\t<div class=\"elementor-widget-container\">\n\t\t\t\t\t\t\t\t\t<p>En el mundo empresarial actual, la conectividad es la columna vertebral de las operaciones. Nuestras Soluciones de Conectividad Avanzada est\u00e1n dise\u00f1adas para proporcionar a su empresa una infraestructura de comunicaci\u00f3n robusta, segura y altamente eficiente.<\/p>\t\t\t\t\t\t\t\t<\/div>\n\t\t\t\t<\/div>\n\t\t\t\t\t<\/div>\n\t\t\t\t<\/div>\n\t\t<div class=\"elementor-element elementor-element-c45f6a8 e-flex e-con-boxed e-con e-parent\" data-id=\"c45f6a8\" data-element_type=\"container\" data-settings=\"{&quot;background_background&quot;:&quot;classic&quot;}\">\n\t\t\t\t\t<div class=\"e-con-inner\">\n\t\t<div class=\"elementor-element elementor-element-99b64c8 e-flex e-con-boxed e-con e-child\" data-id=\"99b64c8\" data-element_type=\"container\">\n\t\t\t\t\t<div class=\"e-con-inner\">\n\t\t\t\t<div class=\"elementor-element elementor-element-93c7a79 elementor-widget elementor-widget-heading\" data-id=\"93c7a79\" data-element_type=\"widget\" data-widget_type=\"heading.default\">\n\t\t\t\t<div class=\"elementor-widget-container\">\n\t\t\t\t\t<h2 class=\"elementor-heading-title elementor-size-default\">Internet de alta velocidad para empresas<\/h2>\t\t\t\t<\/div>\n\t\t\t\t<\/div>\n\t\t\t\t\t<\/div>\n\t\t\t\t<\/div>\n\t\t<div class=\"elementor-element elementor-element-35d8760 e-flex e-con-boxed e-con e-child\" data-id=\"35d8760\" data-element_type=\"container\">\n\t\t\t\t\t<div class=\"e-con-inner\">\n\t\t<div class=\"elementor-element elementor-element-b468da4 e-con-full e-flex e-con e-child\" data-id=\"b468da4\" data-element_type=\"container\">\n\t\t\t\t<div class=\"elementor-element elementor-element-4234b78 elementor-widget elementor-widget-text-editor\" data-id=\"4234b78\" data-element_type=\"widget\" data-widget_type=\"text-editor.default\">\n\t\t\t\t<div class=\"elementor-widget-container\">\n\t\t\t\t\t\t\t\t\t<p><strong>Ofrecemos servicios de Internet de alta velocidad espec\u00edficamente dise\u00f1ados para satisfacer las demandas de las empresas modernas. Nuestras soluciones incluyen:<\/strong><\/p><ul><li>Conexiones de fibra \u00f3ptica dedicadas con velocidades de hasta 10 Gbps<\/li><li>Ancho de banda garantizado y sim\u00e9trico<\/li><li>Monitoreo 24\/7 y soporte t\u00e9cnico especializado<\/li><li>Acuerdos de nivel de servicio (SLA) con garant\u00eda de tiempo de actividad del 99.99%<\/li><\/ul><p>\u00a0<\/p><p><strong>Beneficios:<\/strong><\/p><ul><li>Mejora la productividad con tiempos de carga m\u00e1s r\u00e1pidos<\/li><li>Facilita la adopci\u00f3n de tecnolog\u00edas basadas en la nube<\/li><li>Soporta videoconferencias y transmisiones en tiempo real sin interrupciones<\/li><\/ul>\t\t\t\t\t\t\t\t<\/div>\n\t\t\t\t<\/div>\n\t\t\t\t<\/div>\n\t\t<div class=\"elementor-element elementor-element-cd49267 e-con-full e-flex e-con e-child\" data-id=\"cd49267\" data-element_type=\"container\">\n\t\t\t\t<div class=\"elementor-element elementor-element-9bf1062 elementor-widget elementor-widget-image\" data-id=\"9bf1062\" data-element_type=\"widget\" data-widget_type=\"image.default\">\n\t\t\t\t<div class=\"elementor-widget-container\">\n\t\t\t\t\t\t\t\t\t\t\t\t\t\t\t<img fetchpriority=\"high\" decoding=\"async\" width=\"1024\" height=\"684\" src=\"https:\/\/toptier-company.com\/wp-content\/uploads\/2024\/11\/internet-1024x684.jpg\" class=\"attachment-large size-large wp-image-309\" alt=\"\" srcset=\"https:\/\/toptier-company.com\/wp-content\/uploads\/2024\/11\/internet-1024x684.jpg 1024w, https:\/\/toptier-company.com\/wp-content\/uploads\/2024\/11\/internet-300x200.jpg 300w, https:\/\/toptier-company.com\/wp-content\/uploads\/2024\/11\/internet-768x513.jpg 768w, https:\/\/toptier-company.com\/wp-content\/uploads\/2024\/11\/internet-18x12.jpg 18w, https:\/\/toptier-company.com\/wp-content\/uploads\/2024\/11\/internet.jpg 1200w\" sizes=\"(max-width: 1024px) 100vw, 1024px\" \/>\t\t\t\t\t\t\t\t\t\t\t\t\t\t\t<\/div>\n\t\t\t\t<\/div>\n\t\t\t\t<\/div>\n\t\t\t\t\t<\/div>\n\t\t\t\t<\/div>\n\t\t\t\t\t<\/div>\n\t\t\t\t<\/div>\n\t\t<div class=\"elementor-element elementor-element-521234c e-flex e-con-boxed e-con e-parent\" data-id=\"521234c\" data-element_type=\"container\" data-settings=\"{&quot;background_background&quot;:&quot;classic&quot;}\">\n\t\t\t\t\t<div class=\"e-con-inner\">\n\t\t<div class=\"elementor-element elementor-element-f807bb6 e-flex e-con-boxed e-con e-child\" data-id=\"f807bb6\" data-element_type=\"container\">\n\t\t\t\t\t<div class=\"e-con-inner\">\n\t\t\t\t<div class=\"elementor-element elementor-element-85d2b45 elementor-widget elementor-widget-heading\" data-id=\"85d2b45\" data-element_type=\"widget\" data-widget_type=\"heading.default\">\n\t\t\t\t<div class=\"elementor-widget-container\">\n\t\t\t\t\t<h2 class=\"elementor-heading-title elementor-size-default\">Redes privadas virtuales (VPN)<\/h2>\t\t\t\t<\/div>\n\t\t\t\t<\/div>\n\t\t\t\t\t<\/div>\n\t\t\t\t<\/div>\n\t\t<div class=\"elementor-element elementor-element-a2d42db e-flex e-con-boxed e-con e-child\" data-id=\"a2d42db\" data-element_type=\"container\">\n\t\t\t\t\t<div class=\"e-con-inner\">\n\t\t<div class=\"elementor-element elementor-element-8e6c8a6 e-con-full e-flex e-con e-child\" data-id=\"8e6c8a6\" data-element_type=\"container\">\n\t\t\t\t<div class=\"elementor-element elementor-element-0dbcefd elementor-widget elementor-widget-image\" data-id=\"0dbcefd\" data-element_type=\"widget\" data-widget_type=\"image.default\">\n\t\t\t\t<div class=\"elementor-widget-container\">\n\t\t\t\t\t\t\t\t\t\t\t\t\t\t\t<img decoding=\"async\" width=\"1024\" height=\"683\" src=\"https:\/\/toptier-company.com\/wp-content\/uploads\/2024\/11\/vpn-1024x683.jpg\" class=\"attachment-large size-large wp-image-317\" alt=\"\" srcset=\"https:\/\/toptier-company.com\/wp-content\/uploads\/2024\/11\/vpn-1024x683.jpg 1024w, https:\/\/toptier-company.com\/wp-content\/uploads\/2024\/11\/vpn-300x200.jpg 300w, https:\/\/toptier-company.com\/wp-content\/uploads\/2024\/11\/vpn-768x512.jpg 768w, https:\/\/toptier-company.com\/wp-content\/uploads\/2024\/11\/vpn-18x12.jpg 18w, https:\/\/toptier-company.com\/wp-content\/uploads\/2024\/11\/vpn.jpg 1200w\" sizes=\"(max-width: 1024px) 100vw, 1024px\" \/>\t\t\t\t\t\t\t\t\t\t\t\t\t\t\t<\/div>\n\t\t\t\t<\/div>\n\t\t\t\t<\/div>\n\t\t<div class=\"elementor-element elementor-element-d4076fe e-con-full e-flex e-con e-child\" data-id=\"d4076fe\" data-element_type=\"container\">\n\t\t\t\t<div class=\"elementor-element elementor-element-6dd36c3 elementor-widget elementor-widget-text-editor\" data-id=\"6dd36c3\" data-element_type=\"widget\" data-widget_type=\"text-editor.default\">\n\t\t\t\t<div class=\"elementor-widget-container\">\n\t\t\t\t\t\t\t\t\t<p><strong>Nuestras soluciones VPN proporcionan una conexi\u00f3n segura y encriptada entre sus oficinas, empleados remotos y recursos en la nube:<\/strong><\/p><ul><li>Site-to-site VPN to connect multiple locations<\/li><li>VPN de sitio a sitio para conectar m\u00faltiples ubicaciones<\/li><li>VPN de acceso remoto para trabajadores m\u00f3viles<\/li><li>Cifrado de extremo a extremo utilizando protocolos de seguridad avanzados<\/li><\/ul><p>Beneficios:<\/p><ul><li>Garantiza la seguridad de los datos en tr\u00e1nsito<\/li><li>Permite el acceso seguro a recursos corporativos desde cualquier ubicaci\u00f3n<\/li><li>Facilita la colaboraci\u00f3n entre equipos distribuidos geogr\u00e1ficamente<\/li><\/ul>\t\t\t\t\t\t\t\t<\/div>\n\t\t\t\t<\/div>\n\t\t\t\t<\/div>\n\t\t\t\t\t<\/div>\n\t\t\t\t<\/div>\n\t\t\t\t\t<\/div>\n\t\t\t\t<\/div>\n\t\t<div class=\"elementor-element elementor-element-8e50cc9 e-flex e-con-boxed e-con e-parent\" data-id=\"8e50cc9\" data-element_type=\"container\" data-settings=\"{&quot;background_background&quot;:&quot;classic&quot;}\">\n\t\t\t\t\t<div class=\"e-con-inner\">\n\t\t<div class=\"elementor-element elementor-element-3e62f69 e-flex e-con-boxed e-con e-child\" data-id=\"3e62f69\" data-element_type=\"container\">\n\t\t\t\t\t<div class=\"e-con-inner\">\n\t\t\t\t<div class=\"elementor-element elementor-element-9d06025 elementor-widget elementor-widget-heading\" data-id=\"9d06025\" data-element_type=\"widget\" data-widget_type=\"heading.default\">\n\t\t\t\t<div class=\"elementor-widget-container\">\n\t\t\t\t\t<h2 class=\"elementor-heading-title elementor-size-default\">Conectividad m\u00f3vil 4G\/5G<\/h2>\t\t\t\t<\/div>\n\t\t\t\t<\/div>\n\t\t\t\t\t<\/div>\n\t\t\t\t<\/div>\n\t\t<div class=\"elementor-element elementor-element-464c87c e-flex e-con-boxed e-con e-child\" data-id=\"464c87c\" data-element_type=\"container\">\n\t\t\t\t\t<div class=\"e-con-inner\">\n\t\t<div class=\"elementor-element elementor-element-4197b33 e-con-full e-flex e-con e-child\" data-id=\"4197b33\" data-element_type=\"container\">\n\t\t\t\t<div class=\"elementor-element elementor-element-37faf86 elementor-widget elementor-widget-text-editor\" data-id=\"37faf86\" data-element_type=\"widget\" data-widget_type=\"text-editor.default\">\n\t\t\t\t<div class=\"elementor-widget-container\">\n\t\t\t\t\t\t\t\t\t<p><strong>Mantenga a su fuerza laboral conectada con nuestras soluciones de conectividad m\u00f3vil de \u00faltima generaci\u00f3n:<\/strong><\/p><ul><li>Planes de datos empresariales con cobertura nacional e internacional<\/li><li>Dispositivos m\u00f3viles y routers 4G\/5G de grado empresarial<\/li><li>Gesti\u00f3n centralizada de dispositivos y pol\u00edticas de seguridad<\/li><li>Integraci\u00f3n con redes corporativas y sistemas de comunicaci\u00f3n unificada<\/li><\/ul><p>\u00a0<\/p><p><strong>Beneficios:<\/strong><\/p><ul><li>Permite la productividad en movimiento<\/li><li>Soporta aplicaciones empresariales que requieren baja latencia<\/li><li>Facilita la implementaci\u00f3n de soluciones IoT y edge computing<\/li><\/ul>\t\t\t\t\t\t\t\t<\/div>\n\t\t\t\t<\/div>\n\t\t\t\t<\/div>\n\t\t<div class=\"elementor-element elementor-element-295ba0b e-con-full e-flex e-con e-child\" data-id=\"295ba0b\" data-element_type=\"container\">\n\t\t\t\t<div class=\"elementor-element elementor-element-940e1d1 elementor-widget elementor-widget-image\" data-id=\"940e1d1\" data-element_type=\"widget\" data-widget_type=\"image.default\">\n\t\t\t\t<div class=\"elementor-widget-container\">\n\t\t\t\t\t\t\t\t\t\t\t\t\t\t\t<img decoding=\"async\" width=\"1024\" height=\"683\" src=\"https:\/\/toptier-company.com\/wp-content\/uploads\/2024\/11\/5g-1024x683.jpg\" class=\"attachment-large size-large wp-image-322\" alt=\"\" srcset=\"https:\/\/toptier-company.com\/wp-content\/uploads\/2024\/11\/5g-1024x683.jpg 1024w, https:\/\/toptier-company.com\/wp-content\/uploads\/2024\/11\/5g-300x200.jpg 300w, https:\/\/toptier-company.com\/wp-content\/uploads\/2024\/11\/5g-768x512.jpg 768w, https:\/\/toptier-company.com\/wp-content\/uploads\/2024\/11\/5g-18x12.jpg 18w, https:\/\/toptier-company.com\/wp-content\/uploads\/2024\/11\/5g.jpg 1200w\" sizes=\"(max-width: 1024px) 100vw, 1024px\" \/>\t\t\t\t\t\t\t\t\t\t\t\t\t\t\t<\/div>\n\t\t\t\t<\/div>\n\t\t\t\t<\/div>\n\t\t\t\t\t<\/div>\n\t\t\t\t<\/div>\n\t\t\t\t\t<\/div>\n\t\t\t\t<\/div>\n\t\t<div class=\"elementor-element elementor-element-f322c70 e-flex e-con-boxed e-con e-parent\" data-id=\"f322c70\" data-element_type=\"container\" data-settings=\"{&quot;background_background&quot;:&quot;classic&quot;}\">\n\t\t\t\t\t<div class=\"e-con-inner\">\n\t\t<div class=\"elementor-element elementor-element-8de63ba e-flex e-con-boxed e-con e-child\" data-id=\"8de63ba\" data-element_type=\"container\">\n\t\t\t\t\t<div class=\"e-con-inner\">\n\t\t\t\t<div class=\"elementor-element elementor-element-cd3f2d6 elementor-widget elementor-widget-heading\" data-id=\"cd3f2d6\" data-element_type=\"widget\" data-widget_type=\"heading.default\">\n\t\t\t\t<div class=\"elementor-widget-container\">\n\t\t\t\t\t<h2 class=\"elementor-heading-title elementor-size-default\">Servicios de l\u00ednea arrendada<\/h2>\t\t\t\t<\/div>\n\t\t\t\t<\/div>\n\t\t\t\t\t<\/div>\n\t\t\t\t<\/div>\n\t\t<div class=\"elementor-element elementor-element-b24771e e-flex e-con-boxed e-con e-child\" data-id=\"b24771e\" data-element_type=\"container\">\n\t\t\t\t\t<div class=\"e-con-inner\">\n\t\t<div class=\"elementor-element elementor-element-5a11e04 e-con-full e-flex e-con e-child\" data-id=\"5a11e04\" data-element_type=\"container\">\n\t\t\t\t<div class=\"elementor-element elementor-element-71c8b93 elementor-widget elementor-widget-image\" data-id=\"71c8b93\" data-element_type=\"widget\" data-widget_type=\"image.default\">\n\t\t\t\t<div class=\"elementor-widget-container\">\n\t\t\t\t\t\t\t\t\t\t\t\t\t\t\t<img loading=\"lazy\" decoding=\"async\" width=\"1024\" height=\"730\" src=\"https:\/\/toptier-company.com\/wp-content\/uploads\/2024\/11\/network-internet-1024x730.jpg\" class=\"attachment-large size-large wp-image-567\" alt=\"\" srcset=\"https:\/\/toptier-company.com\/wp-content\/uploads\/2024\/11\/network-internet-1024x730.jpg 1024w, https:\/\/toptier-company.com\/wp-content\/uploads\/2024\/11\/network-internet-300x214.jpg 300w, https:\/\/toptier-company.com\/wp-content\/uploads\/2024\/11\/network-internet-768x548.jpg 768w, https:\/\/toptier-company.com\/wp-content\/uploads\/2024\/11\/network-internet-18x12.jpg 18w, https:\/\/toptier-company.com\/wp-content\/uploads\/2024\/11\/network-internet.jpg 1200w\" sizes=\"(max-width: 1024px) 100vw, 1024px\" \/>\t\t\t\t\t\t\t\t\t\t\t\t\t\t\t<\/div>\n\t\t\t\t<\/div>\n\t\t\t\t<\/div>\n\t\t<div class=\"elementor-element elementor-element-27c3261 e-con-full e-flex e-con e-child\" data-id=\"27c3261\" data-element_type=\"container\">\n\t\t\t\t<div class=\"elementor-element elementor-element-d85a2f1 elementor-widget elementor-widget-text-editor\" data-id=\"d85a2f1\" data-element_type=\"widget\" data-widget_type=\"text-editor.default\">\n\t\t\t\t<div class=\"elementor-widget-container\">\n\t\t\t\t\t\t\t\t\t<p><strong>Ofrecemos conexiones dedicadas punto a punto para empresas que requieren el m\u00e1s alto nivel de rendimiento y seguridad:<\/strong><\/p><ul><li>Ancho de banda garantizado y sim\u00e9trico de hasta 100 Gbps<\/li><li>Latencia ultra baja y jitter m\u00ednimo<\/li><li>Opciones de redundancia y diversidad de rutas<\/li><li>Soporte para protocolos de red espec\u00edficos de la industria<\/li><\/ul><p>\u00a0<\/p><p><strong>Beneficios:<\/strong><\/p><ul><li>Ideal para aplicaciones cr\u00edticas que requieren un rendimiento constante<\/li><li>Proporciona un control total sobre la calidad del servicio<\/li><li>Soporta la transmisi\u00f3n de grandes vol\u00famenes de datos entre ubicaciones<\/li><\/ul>\t\t\t\t\t\t\t\t<\/div>\n\t\t\t\t<\/div>\n\t\t\t\t<\/div>\n\t\t\t\t\t<\/div>\n\t\t\t\t<\/div>\n\t\t\t\t\t<\/div>\n\t\t\t\t<\/div>\n\t\t<div class=\"elementor-element elementor-element-6e6d8da e-flex e-con-boxed e-con e-child\" data-id=\"6e6d8da\" data-element_type=\"container\">\n\t\t\t\t\t<div class=\"e-con-inner\">\n\t\t\t\t<div class=\"elementor-element elementor-element-49e2c88 elementor-widget__width-inherit elementor-widget elementor-widget-text-editor\" data-id=\"49e2c88\" data-element_type=\"widget\" data-widget_type=\"text-editor.default\">\n\t\t\t\t<div class=\"elementor-widget-container\">\n\t\t\t\t\t\t\t\t\t<p>Nuestras Soluciones de Conectividad Avanzada est\u00e1n dise\u00f1adas para adaptarse a las necesidades espec\u00edficas de su empresa, independientemente de su tama\u00f1o o sector. Con Top Tier Company como su socio de conectividad, puede estar seguro de que su infraestructura de comunicaci\u00f3n estar\u00e1 preparada para enfrentar los desaf\u00edos del presente y del futuro.<\/p><p>Para obtener m\u00e1s informaci\u00f3n sobre c\u00f3mo nuestras Soluciones de Conectividad Avanzada pueden beneficiar a su empresa, no dude en contactar a nuestro equipo de expertos. Estamos aqu\u00ed para ayudarle a dise\u00f1ar e implementar la soluci\u00f3n de conectividad perfecta para sus necesidades empresariales.<\/p>\t\t\t\t\t\t\t\t<\/div>\n\t\t\t\t<\/div>\n\t\t\t\t<div class=\"elementor-element elementor-element-46df0ec elementor-align-center elementor-tablet-align-left elementor-mobile-align-center elementor-widget elementor-widget-button\" data-id=\"46df0ec\" data-element_type=\"widget\" data-widget_type=\"button.default\">\n\t\t\t\t<div class=\"elementor-widget-container\">\n\t\t\t\t\t\t\t\t\t<div class=\"elementor-button-wrapper\">\n\t\t\t\t\t<a class=\"elementor-button elementor-button-link elementor-size-sm\" href=\"https:\/\/toptier-company.com\/es\/contact\/\">\n\t\t\t\t\t\t<span class=\"elementor-button-content-wrapper\">\n\t\t\t\t\t\t\t\t\t<span class=\"elementor-button-text\">Cont\u00e1ctenos <\/span>\n\t\t\t\t\t<\/span>\n\t\t\t\t\t<\/a>\n\t\t\t\t<\/div>\n\t\t\t\t\t\t\t\t<\/div>\n\t\t\t\t<\/div>\n\t\t\t\t\t<\/div>\n\t\t\t\t<\/div>\n\t\t\t\t<\/div>","protected":false},"excerpt":{"rendered":"<p>Advanced Connectivity Solutions In today&#8217;s business world, connectivity is the backbone of operations. Our Advanced Connectivity Solutions are designed to provide your company with a robust, secure, and highly efficient communication infrastructure. High-speed internet for business We offer high-speed internet services specifically designed to meet the demands of modern businesses. Our solutions include: Dedicated fiber [&hellip;]<\/p>","protected":false},"author":3,"featured_media":0,"parent":0,"menu_order":0,"comment_status":"closed","ping_status":"closed","template":"","meta":{"footnotes":""},"class_list":["post-206","page","type-page","status-publish","hentry"],"_links":{"self":[{"href":"https:\/\/toptier-company.com\/es\/wp-json\/wp\/v2\/pages\/206","targetHints":{"allow":["GET"]}}],"collection":[{"href":"https:\/\/toptier-company.com\/es\/wp-json\/wp\/v2\/pages"}],"about":[{"href":"https:\/\/toptier-company.com\/es\/wp-json\/wp\/v2\/types\/page"}],"author":[{"embeddable":true,"href":"https:\/\/toptier-company.com\/es\/wp-json\/wp\/v2\/users\/3"}],"replies":[{"embeddable":true,"href":"https:\/\/toptier-company.com\/es\/wp-json\/wp\/v2\/comments?post=206"}],"version-history":[{"count":19,"href":"https:\/\/toptier-company.com\/es\/wp-json\/wp\/v2\/pages\/206\/revisions"}],"predecessor-version":[{"id":570,"href":"https:\/\/toptier-company.com\/es\/wp-json\/wp\/v2\/pages\/206\/revisions\/570"}],"wp:attachment":[{"href":"https:\/\/toptier-company.com\/es\/wp-json\/wp\/v2\/media?parent=206"}],"curies":[{"name":"wp","href":"https:\/\/api.w.org\/{rel}","templated":true}]}}