{"id":208,"date":"2024-11-01T17:13:01","date_gmt":"2024-11-01T17:13:01","guid":{"rendered":"https:\/\/toptier-company.com\/?page_id=208"},"modified":"2024-11-04T16:54:12","modified_gmt":"2024-11-04T16:54:12","slug":"cloud-services-data-center","status":"publish","type":"page","link":"https:\/\/toptier-company.com\/es\/cloud-services-data-center\/","title":{"rendered":"Servicios en la Nube y Data Center"},"content":{"rendered":"<div data-elementor-type=\"wp-page\" data-elementor-id=\"208\" class=\"elementor elementor-208\" data-elementor-post-type=\"page\">\n\t\t\t\t<div class=\"elementor-element elementor-element-5cf4b44 e-flex e-con-boxed e-con e-parent\" data-id=\"5cf4b44\" data-element_type=\"container\" data-settings=\"{&quot;background_background&quot;:&quot;classic&quot;}\">\n\t\t\t\t\t<div class=\"e-con-inner\">\n\t\t\t\t<div class=\"elementor-element elementor-element-78236e8d elementor-widget elementor-widget-heading\" data-id=\"78236e8d\" data-element_type=\"widget\" data-widget_type=\"heading.default\">\n\t\t\t\t<div class=\"elementor-widget-container\">\n\t\t\t\t\t<h1 class=\"elementor-heading-title elementor-size-default\">Servicios en la Nube y Data Center<\/h1>\t\t\t\t<\/div>\n\t\t\t\t<\/div>\n\t\t\t\t<div class=\"elementor-element elementor-element-6a73bca elementor-widget elementor-widget-text-editor\" data-id=\"6a73bca\" data-element_type=\"widget\" data-widget_type=\"text-editor.default\">\n\t\t\t\t<div class=\"elementor-widget-container\">\n\t\t\t\t\t\t\t\t\t<p>En Top Tier Company, ofrecemos soluciones de nube y data center de vanguardia dise\u00f1adas para impulsar la transformaci\u00f3n digital de su empresa. Nuestros servicios est\u00e1n optimizados para proporcionar flexibilidad, escalabilidad y seguridad, permiti\u00e9ndole aprovechar al m\u00e1ximo las tecnolog\u00edas cloud mientras mantiene el control total de sus datos y aplicaciones.<\/p>\t\t\t\t\t\t\t\t<\/div>\n\t\t\t\t<\/div>\n\t\t\t\t\t<\/div>\n\t\t\t\t<\/div>\n\t\t<div class=\"elementor-element elementor-element-6a5142c8 e-flex e-con-boxed e-con e-parent\" data-id=\"6a5142c8\" data-element_type=\"container\" data-settings=\"{&quot;background_background&quot;:&quot;classic&quot;}\">\n\t\t\t\t\t<div class=\"e-con-inner\">\n\t\t<div class=\"elementor-element elementor-element-39d8ab21 e-flex e-con-boxed e-con e-child\" data-id=\"39d8ab21\" data-element_type=\"container\">\n\t\t\t\t\t<div class=\"e-con-inner\">\n\t\t\t\t<div class=\"elementor-element elementor-element-1558df3 elementor-widget elementor-widget-heading\" data-id=\"1558df3\" data-element_type=\"widget\" data-widget_type=\"heading.default\">\n\t\t\t\t<div class=\"elementor-widget-container\">\n\t\t\t\t\t<h2 class=\"elementor-heading-title elementor-size-default\">Alojamiento en la nube (IaaS, PaaS, SaaS)<\/h2>\t\t\t\t<\/div>\n\t\t\t\t<\/div>\n\t\t\t\t\t<\/div>\n\t\t\t\t<\/div>\n\t\t<div class=\"elementor-element elementor-element-1cc6e372 e-flex e-con-boxed e-con e-child\" data-id=\"1cc6e372\" data-element_type=\"container\">\n\t\t\t\t\t<div class=\"e-con-inner\">\n\t\t<div class=\"elementor-element elementor-element-7fa18d03 e-con-full e-flex e-con e-child\" data-id=\"7fa18d03\" data-element_type=\"container\">\n\t\t\t\t<div class=\"elementor-element elementor-element-1f8b3cc4 elementor-widget elementor-widget-text-editor\" data-id=\"1f8b3cc4\" data-element_type=\"widget\" data-widget_type=\"text-editor.default\">\n\t\t\t\t<div class=\"elementor-widget-container\">\n\t\t\t\t\t\t\t\t\t<p><strong>Ofrecemos una gama completa de servicios de alojamiento en la nube para satisfacer sus necesidades espec\u00edficas:<\/strong><\/p><ul><li>Infraestructura como Servicio (IaaS): Proporcionamos recursos de computaci\u00f3n, almacenamiento y redes altamente escalables. Nuestra IaaS le permite reducir costos de hardware y mantenimiento, mientras mejora la flexibilidad y el rendimiento de su infraestructura TI.<\/li><li>Plataforma como Servicio (PaaS): Nuestra PaaS ofrece un entorno de desarrollo e implementaci\u00f3n completo en la nube. Acelere el desarrollo de aplicaciones, reduzca la complejidad y mejore la colaboraci\u00f3n entre equipos de desarrollo.<\/li><li>Software como Servicio (SaaS): Acceda a aplicaciones empresariales cr\u00edticas a trav\u00e9s de la nube, eliminando la necesidad de instalar y ejecutar software en sus propios sistemas. Nuestras soluciones SaaS incluyen CRM, ERP, colaboraci\u00f3n y m\u00e1s.<\/li><\/ul><p>\u00a0<\/p><p><strong>Beneficios:<\/strong><\/p><ul><li>Reducci\u00f3n de costos de infraestructura<\/li><li>Escalabilidad bajo demanda<\/li><li>Acceso a tecnolog\u00edas de punta sin inversiones iniciales elevadas<\/li><li>Mejora en la agilidad y velocidad de implementaci\u00f3n<\/li><\/ul>\t\t\t\t\t\t\t\t<\/div>\n\t\t\t\t<\/div>\n\t\t\t\t<\/div>\n\t\t<div class=\"elementor-element elementor-element-13ed5490 e-con-full e-flex e-con e-child\" data-id=\"13ed5490\" data-element_type=\"container\">\n\t\t\t\t<div class=\"elementor-element elementor-element-4af3e02f elementor-widget elementor-widget-image\" data-id=\"4af3e02f\" data-element_type=\"widget\" data-widget_type=\"image.default\">\n\t\t\t\t<div class=\"elementor-widget-container\">\n\t\t\t\t\t\t\t\t\t\t\t\t\t\t\t<img fetchpriority=\"high\" decoding=\"async\" width=\"1024\" height=\"836\" src=\"https:\/\/toptier-company.com\/wp-content\/uploads\/2024\/11\/cloud-hosting-1024x836.jpg\" class=\"attachment-large size-large wp-image-333\" alt=\"\" srcset=\"https:\/\/toptier-company.com\/wp-content\/uploads\/2024\/11\/cloud-hosting-1024x836.jpg 1024w, https:\/\/toptier-company.com\/wp-content\/uploads\/2024\/11\/cloud-hosting-300x245.jpg 300w, https:\/\/toptier-company.com\/wp-content\/uploads\/2024\/11\/cloud-hosting-768x627.jpg 768w, https:\/\/toptier-company.com\/wp-content\/uploads\/2024\/11\/cloud-hosting-15x12.jpg 15w, https:\/\/toptier-company.com\/wp-content\/uploads\/2024\/11\/cloud-hosting.jpg 1200w\" sizes=\"(max-width: 1024px) 100vw, 1024px\" \/>\t\t\t\t\t\t\t\t\t\t\t\t\t\t\t<\/div>\n\t\t\t\t<\/div>\n\t\t\t\t<\/div>\n\t\t\t\t\t<\/div>\n\t\t\t\t<\/div>\n\t\t\t\t\t<\/div>\n\t\t\t\t<\/div>\n\t\t<div class=\"elementor-element elementor-element-352bbfee e-flex e-con-boxed e-con e-parent\" data-id=\"352bbfee\" data-element_type=\"container\" data-settings=\"{&quot;background_background&quot;:&quot;classic&quot;}\">\n\t\t\t\t\t<div class=\"e-con-inner\">\n\t\t<div class=\"elementor-element elementor-element-4d4264fb e-flex e-con-boxed e-con e-child\" data-id=\"4d4264fb\" data-element_type=\"container\">\n\t\t\t\t\t<div class=\"e-con-inner\">\n\t\t\t\t<div class=\"elementor-element elementor-element-207092ec elementor-widget elementor-widget-heading\" data-id=\"207092ec\" data-element_type=\"widget\" data-widget_type=\"heading.default\">\n\t\t\t\t<div class=\"elementor-widget-container\">\n\t\t\t\t\t<h2 class=\"elementor-heading-title elementor-size-default\">Almacenamiento y respaldo en la nube<\/h2>\t\t\t\t<\/div>\n\t\t\t\t<\/div>\n\t\t\t\t\t<\/div>\n\t\t\t\t<\/div>\n\t\t<div class=\"elementor-element elementor-element-1e4b73f5 e-flex e-con-boxed e-con e-child\" data-id=\"1e4b73f5\" data-element_type=\"container\">\n\t\t\t\t\t<div class=\"e-con-inner\">\n\t\t<div class=\"elementor-element elementor-element-3d418a4a e-con-full e-flex e-con e-child\" data-id=\"3d418a4a\" data-element_type=\"container\">\n\t\t\t\t<div class=\"elementor-element elementor-element-26313fc2 elementor-widget elementor-widget-image\" data-id=\"26313fc2\" data-element_type=\"widget\" data-widget_type=\"image.default\">\n\t\t\t\t<div class=\"elementor-widget-container\">\n\t\t\t\t\t\t\t\t\t\t\t\t\t\t\t<img decoding=\"async\" width=\"1024\" height=\"832\" src=\"https:\/\/toptier-company.com\/wp-content\/uploads\/2024\/11\/cloud-backup-1024x832.jpg\" class=\"attachment-large size-large wp-image-338\" alt=\"\" srcset=\"https:\/\/toptier-company.com\/wp-content\/uploads\/2024\/11\/cloud-backup-1024x832.jpg 1024w, https:\/\/toptier-company.com\/wp-content\/uploads\/2024\/11\/cloud-backup-300x244.jpg 300w, https:\/\/toptier-company.com\/wp-content\/uploads\/2024\/11\/cloud-backup-768x624.jpg 768w, https:\/\/toptier-company.com\/wp-content\/uploads\/2024\/11\/cloud-backup-15x12.jpg 15w, https:\/\/toptier-company.com\/wp-content\/uploads\/2024\/11\/cloud-backup.jpg 1200w\" sizes=\"(max-width: 1024px) 100vw, 1024px\" \/>\t\t\t\t\t\t\t\t\t\t\t\t\t\t\t<\/div>\n\t\t\t\t<\/div>\n\t\t\t\t<\/div>\n\t\t<div class=\"elementor-element elementor-element-4a1c248b e-con-full e-flex e-con e-child\" data-id=\"4a1c248b\" data-element_type=\"container\">\n\t\t\t\t<div class=\"elementor-element elementor-element-52fd1249 elementor-widget elementor-widget-text-editor\" data-id=\"52fd1249\" data-element_type=\"widget\" data-widget_type=\"text-editor.default\">\n\t\t\t\t<div class=\"elementor-widget-container\">\n\t\t\t\t\t\t\t\t\t<p><strong>Nuestras soluciones de almacenamiento y respaldo en la nube garantizan la seguridad y disponibilidad de sus datos cr\u00edticos:<\/strong><\/p><ul><li>Almacenamiento escalable y seguro para todo tipo de datos<\/li><li>Respaldos autom\u00e1ticos y programados<\/li><li>Cifrado de datos en reposo y en tr\u00e1nsito<\/li><li>Replicaci\u00f3n geogr\u00e1fica para mayor resiliencia<\/li><li>Gesti\u00f3n de ciclo de vida de datos para optimizar costos<\/li><\/ul><p>\u00a0<\/p><p><strong>Beneficios:<\/strong><\/p><ul><li>Protecci\u00f3n contra p\u00e9rdida de datos<\/li><li>Cumplimiento de normativas de retenci\u00f3n de datos<\/li><li>Acceso r\u00e1pido y seguro a la informaci\u00f3n desde cualquier lugar<\/li><li>Reducci\u00f3n de costos de almacenamiento on-premise<\/li><\/ul>\t\t\t\t\t\t\t\t<\/div>\n\t\t\t\t<\/div>\n\t\t\t\t<\/div>\n\t\t\t\t\t<\/div>\n\t\t\t\t<\/div>\n\t\t\t\t\t<\/div>\n\t\t\t\t<\/div>\n\t\t<div class=\"elementor-element elementor-element-706c259e e-flex e-con-boxed e-con e-parent\" data-id=\"706c259e\" data-element_type=\"container\" data-settings=\"{&quot;background_background&quot;:&quot;classic&quot;}\">\n\t\t\t\t\t<div class=\"e-con-inner\">\n\t\t<div class=\"elementor-element elementor-element-1659eb2c e-flex e-con-boxed e-con e-child\" data-id=\"1659eb2c\" data-element_type=\"container\">\n\t\t\t\t\t<div class=\"e-con-inner\">\n\t\t\t\t<div class=\"elementor-element elementor-element-221816e7 elementor-widget elementor-widget-heading\" data-id=\"221816e7\" data-element_type=\"widget\" data-widget_type=\"heading.default\">\n\t\t\t\t<div class=\"elementor-widget-container\">\n\t\t\t\t\t<h2 class=\"elementor-heading-title elementor-size-default\">Colocaci\u00f3n en data centers<\/h2>\t\t\t\t<\/div>\n\t\t\t\t<\/div>\n\t\t\t\t\t<\/div>\n\t\t\t\t<\/div>\n\t\t<div class=\"elementor-element elementor-element-13cc1fa7 e-flex e-con-boxed e-con e-child\" data-id=\"13cc1fa7\" data-element_type=\"container\">\n\t\t\t\t\t<div class=\"e-con-inner\">\n\t\t<div class=\"elementor-element elementor-element-3bfe1cb1 e-con-full e-flex e-con e-child\" data-id=\"3bfe1cb1\" data-element_type=\"container\">\n\t\t\t\t<div class=\"elementor-element elementor-element-65c485c3 elementor-widget elementor-widget-text-editor\" data-id=\"65c485c3\" data-element_type=\"widget\" data-widget_type=\"text-editor.default\">\n\t\t\t\t<div class=\"elementor-widget-container\">\n\t\t\t\t\t\t\t\t\t<p><strong>Nuestros servicios de colocaci\u00f3n le permiten alojar su infraestructura en nuestros data centers de clase mundial:<\/strong><\/p><ul><li>Espacios seguros y controlados para sus servidores y equipos<\/li><li>Conectividad de alta velocidad y baja latencia<\/li><li>Sistemas de energ\u00eda redundantes y refrigeraci\u00f3n de alta eficiencia<\/li><li>Monitoreo 24\/7 y soporte t\u00e9cnico especializado<\/li><li>Opciones flexibles de espacio, desde racks individuales hasta suites privadas<\/li><\/ul><p>\u00a0<\/p><p><strong>Beneficios:<\/strong><\/p><ul><li>Reducci\u00f3n de costos operativos de TI<\/li><li>Mejora en la confiabilidad y tiempo de actividad<\/li><li>Acceso a infraestructura de nivel empresarial sin grandes inversiones de capital<\/li><li>Escalabilidad para adaptarse al crecimiento de su negocio<\/li><\/ul>\t\t\t\t\t\t\t\t<\/div>\n\t\t\t\t<\/div>\n\t\t\t\t<\/div>\n\t\t<div class=\"elementor-element elementor-element-1a52405 e-con-full e-flex e-con e-child\" data-id=\"1a52405\" data-element_type=\"container\">\n\t\t\t\t<div class=\"elementor-element elementor-element-7dea915e elementor-widget elementor-widget-image\" data-id=\"7dea915e\" data-element_type=\"widget\" data-widget_type=\"image.default\">\n\t\t\t\t<div class=\"elementor-widget-container\">\n\t\t\t\t\t\t\t\t\t\t\t\t\t\t\t<img decoding=\"async\" width=\"1024\" height=\"714\" src=\"https:\/\/toptier-company.com\/wp-content\/uploads\/2024\/11\/server-cloud-1024x714.jpg\" class=\"attachment-large size-large wp-image-342\" alt=\"\" srcset=\"https:\/\/toptier-company.com\/wp-content\/uploads\/2024\/11\/server-cloud-1024x714.jpg 1024w, https:\/\/toptier-company.com\/wp-content\/uploads\/2024\/11\/server-cloud-300x209.jpg 300w, https:\/\/toptier-company.com\/wp-content\/uploads\/2024\/11\/server-cloud-768x536.jpg 768w, https:\/\/toptier-company.com\/wp-content\/uploads\/2024\/11\/server-cloud-18x12.jpg 18w, https:\/\/toptier-company.com\/wp-content\/uploads\/2024\/11\/server-cloud.jpg 1200w\" sizes=\"(max-width: 1024px) 100vw, 1024px\" \/>\t\t\t\t\t\t\t\t\t\t\t\t\t\t\t<\/div>\n\t\t\t\t<\/div>\n\t\t\t\t<\/div>\n\t\t\t\t\t<\/div>\n\t\t\t\t<\/div>\n\t\t\t\t\t<\/div>\n\t\t\t\t<\/div>\n\t\t<div class=\"elementor-element elementor-element-4aaa4299 e-flex e-con-boxed e-con e-parent\" data-id=\"4aaa4299\" data-element_type=\"container\" data-settings=\"{&quot;background_background&quot;:&quot;classic&quot;}\">\n\t\t\t\t\t<div class=\"e-con-inner\">\n\t\t<div class=\"elementor-element elementor-element-496a596 e-flex e-con-boxed e-con e-child\" data-id=\"496a596\" data-element_type=\"container\">\n\t\t\t\t\t<div class=\"e-con-inner\">\n\t\t\t\t<div class=\"elementor-element elementor-element-8719edf elementor-widget elementor-widget-heading\" data-id=\"8719edf\" data-element_type=\"widget\" data-widget_type=\"heading.default\">\n\t\t\t\t<div class=\"elementor-widget-container\">\n\t\t\t\t\t<h2 class=\"elementor-heading-title elementor-size-default\">Recuperaci\u00f3n ante desastres como servicio (DRaaS)<\/h2>\t\t\t\t<\/div>\n\t\t\t\t<\/div>\n\t\t\t\t\t<\/div>\n\t\t\t\t<\/div>\n\t\t<div class=\"elementor-element elementor-element-11a88a51 e-flex e-con-boxed e-con e-child\" data-id=\"11a88a51\" data-element_type=\"container\">\n\t\t\t\t\t<div class=\"e-con-inner\">\n\t\t<div class=\"elementor-element elementor-element-6dcfbfc e-con-full e-flex e-con e-child\" data-id=\"6dcfbfc\" data-element_type=\"container\">\n\t\t\t\t<div class=\"elementor-element elementor-element-13bac5e6 elementor-widget elementor-widget-image\" data-id=\"13bac5e6\" data-element_type=\"widget\" data-widget_type=\"image.default\">\n\t\t\t\t<div class=\"elementor-widget-container\">\n\t\t\t\t\t\t\t\t\t\t\t\t\t\t\t<img loading=\"lazy\" decoding=\"async\" width=\"1024\" height=\"671\" src=\"https:\/\/toptier-company.com\/wp-content\/uploads\/2024\/11\/disaster-1024x671.jpg\" class=\"attachment-large size-large wp-image-344\" alt=\"\" srcset=\"https:\/\/toptier-company.com\/wp-content\/uploads\/2024\/11\/disaster-1024x671.jpg 1024w, https:\/\/toptier-company.com\/wp-content\/uploads\/2024\/11\/disaster-300x197.jpg 300w, https:\/\/toptier-company.com\/wp-content\/uploads\/2024\/11\/disaster-768x503.jpg 768w, https:\/\/toptier-company.com\/wp-content\/uploads\/2024\/11\/disaster-18x12.jpg 18w, https:\/\/toptier-company.com\/wp-content\/uploads\/2024\/11\/disaster.jpg 1200w\" sizes=\"(max-width: 1024px) 100vw, 1024px\" \/>\t\t\t\t\t\t\t\t\t\t\t\t\t\t\t<\/div>\n\t\t\t\t<\/div>\n\t\t\t\t<\/div>\n\t\t<div class=\"elementor-element elementor-element-5404b242 e-con-full e-flex e-con e-child\" data-id=\"5404b242\" data-element_type=\"container\">\n\t\t\t\t<div class=\"elementor-element elementor-element-2279fae1 elementor-widget elementor-widget-text-editor\" data-id=\"2279fae1\" data-element_type=\"widget\" data-widget_type=\"text-editor.default\">\n\t\t\t\t<div class=\"elementor-widget-container\">\n\t\t\t\t\t\t\t\t\t<p><strong>Nuestro DRaaS proporciona una soluci\u00f3n integral para la recuperaci\u00f3n ante desastres:<\/strong><\/p><ul><li>Replicaci\u00f3n continua de datos y aplicaciones cr\u00edticas<\/li><li>Planes de recuperaci\u00f3n personalizados y automatizados<\/li><li>Pruebas regulares de recuperaci\u00f3n sin impacto en la producci\u00f3n<\/li><li>Opciones de recuperaci\u00f3n flexibles, desde autoservicio hasta recuperaci\u00f3n totalmente gestionada<\/li><li>Soporte para entornos f\u00edsicos, virtuales y en la nube<\/li><\/ul><p>\u00a0<\/p><p><strong>Beneficios:<\/strong><\/p><ul><li>Minimizaci\u00f3n del tiempo de inactividad y p\u00e9rdida de datos en caso de desastre<\/li><li>Reducci\u00f3n significativa del RTO (Tiempo de Recuperaci\u00f3n Objetivo) y RPO (Punto de Recuperaci\u00f3n Objetivo)<\/li><li>Cumplimiento de requisitos regulatorios de continuidad del negocio<\/li><li>Protecci\u00f3n contra una amplia gama de amenazas, desde fallos de hardware hasta ciberataques<\/li><\/ul>\t\t\t\t\t\t\t\t<\/div>\n\t\t\t\t<\/div>\n\t\t\t\t<\/div>\n\t\t\t\t\t<\/div>\n\t\t\t\t<\/div>\n\t\t\t\t\t<\/div>\n\t\t\t\t<\/div>\n\t\t<div class=\"elementor-element elementor-element-2e2bd77e e-flex e-con-boxed e-con e-child\" data-id=\"2e2bd77e\" data-element_type=\"container\">\n\t\t\t\t\t<div class=\"e-con-inner\">\n\t\t\t\t<div class=\"elementor-element elementor-element-71afb33 elementor-widget__width-inherit elementor-widget elementor-widget-text-editor\" data-id=\"71afb33\" data-element_type=\"widget\" data-widget_type=\"text-editor.default\">\n\t\t\t\t<div class=\"elementor-widget-container\">\n\t\t\t\t\t\t\t\t\t<p>En Top Tier Company, entendemos que cada empresa tiene necesidades \u00fanicas en cuanto a servicios en la nube y data center. Nuestro equipo de expertos trabajar\u00e1 estrechamente con usted para dise\u00f1ar e implementar soluciones personalizadas que se alineen con sus objetivos de negocio y requisitos t\u00e9cnicos. Ya sea que est\u00e9 buscando migrar a la nube, optimizar su infraestructura actual o implementar una estrategia de recuperaci\u00f3n ante desastres robusta, estamos aqu\u00ed para ayudarle en cada paso del camino.<\/p><p>Conf\u00ede en Top Tier Company para impulsar su transformaci\u00f3n digital y llevar sus operaciones de TI al siguiente nivel.<\/p>\t\t\t\t\t\t\t\t<\/div>\n\t\t\t\t<\/div>\n\t\t\t\t<div class=\"elementor-element elementor-element-7655913b elementor-align-center elementor-tablet-align-left elementor-mobile-align-center elementor-widget elementor-widget-button\" data-id=\"7655913b\" data-element_type=\"widget\" data-widget_type=\"button.default\">\n\t\t\t\t<div class=\"elementor-widget-container\">\n\t\t\t\t\t\t\t\t\t<div class=\"elementor-button-wrapper\">\n\t\t\t\t\t<a class=\"elementor-button elementor-button-link elementor-size-sm\" href=\"https:\/\/toptier-company.com\/es\/contact\/\">\n\t\t\t\t\t\t<span class=\"elementor-button-content-wrapper\">\n\t\t\t\t\t\t\t\t\t<span class=\"elementor-button-text\">Cont\u00e1ctenos hoy <\/span>\n\t\t\t\t\t<\/span>\n\t\t\t\t\t<\/a>\n\t\t\t\t<\/div>\n\t\t\t\t\t\t\t\t<\/div>\n\t\t\t\t<\/div>\n\t\t\t\t<div class=\"elementor-element elementor-element-6510d2b elementor-widget__width-inherit elementor-widget elementor-widget-text-editor\" data-id=\"6510d2b\" data-element_type=\"widget\" data-widget_type=\"text-editor.default\">\n\t\t\t\t<div class=\"elementor-widget-container\">\n\t\t\t\t\t\t\t\t\t<p>Para descubrir c\u00f3mo nuestros Servicios en la Nube y Data Center pueden beneficiar a su organizaci\u00f3n.<\/p>\t\t\t\t\t\t\t\t<\/div>\n\t\t\t\t<\/div>\n\t\t\t\t\t<\/div>\n\t\t\t\t<\/div>\n\t\t\t\t<\/div>","protected":false},"excerpt":{"rendered":"<p>Cloud Services and Data Center At Top Tier Company, we offer cutting-edge cloud and data center solutions designed to drive your company&#8217;s digital transformation. Our services are optimized to provide flexibility, scalability, and security, allowing you to take full advantage of cloud technologies while maintaining full control of your data and applications. Cloud hosting (IaaS, [&hellip;]<\/p>","protected":false},"author":3,"featured_media":0,"parent":0,"menu_order":0,"comment_status":"closed","ping_status":"closed","template":"","meta":{"footnotes":""},"class_list":["post-208","page","type-page","status-publish","hentry"],"_links":{"self":[{"href":"https:\/\/toptier-company.com\/es\/wp-json\/wp\/v2\/pages\/208","targetHints":{"allow":["GET"]}}],"collection":[{"href":"https:\/\/toptier-company.com\/es\/wp-json\/wp\/v2\/pages"}],"about":[{"href":"https:\/\/toptier-company.com\/es\/wp-json\/wp\/v2\/types\/page"}],"author":[{"embeddable":true,"href":"https:\/\/toptier-company.com\/es\/wp-json\/wp\/v2\/users\/3"}],"replies":[{"embeddable":true,"href":"https:\/\/toptier-company.com\/es\/wp-json\/wp\/v2\/comments?post=208"}],"version-history":[{"count":13,"href":"https:\/\/toptier-company.com\/es\/wp-json\/wp\/v2\/pages\/208\/revisions"}],"predecessor-version":[{"id":347,"href":"https:\/\/toptier-company.com\/es\/wp-json\/wp\/v2\/pages\/208\/revisions\/347"}],"wp:attachment":[{"href":"https:\/\/toptier-company.com\/es\/wp-json\/wp\/v2\/media?parent=208"}],"curies":[{"name":"wp","href":"https:\/\/api.w.org\/{rel}","templated":true}]}}