{"id":210,"date":"2024-11-01T17:13:27","date_gmt":"2024-11-01T17:13:27","guid":{"rendered":"https:\/\/toptier-company.com\/?page_id=210"},"modified":"2024-11-04T17:12:54","modified_gmt":"2024-11-04T17:12:54","slug":"enterprise-communication-solutions","status":"publish","type":"page","link":"https:\/\/toptier-company.com\/es\/enterprise-communication-solutions\/","title":{"rendered":"Soluciones de Comunicaci\u00f3n Empresarial"},"content":{"rendered":"<div data-elementor-type=\"wp-page\" data-elementor-id=\"210\" class=\"elementor elementor-210\" data-elementor-post-type=\"page\">\n\t\t\t\t<div class=\"elementor-element elementor-element-4dbc5d6a e-flex e-con-boxed e-con e-parent\" data-id=\"4dbc5d6a\" data-element_type=\"container\" data-settings=\"{&quot;background_background&quot;:&quot;classic&quot;}\">\n\t\t\t\t\t<div class=\"e-con-inner\">\n\t\t\t\t<div class=\"elementor-element elementor-element-62666e37 elementor-widget elementor-widget-heading\" data-id=\"62666e37\" data-element_type=\"widget\" data-widget_type=\"heading.default\">\n\t\t\t\t<div class=\"elementor-widget-container\">\n\t\t\t\t\t<h1 class=\"elementor-heading-title elementor-size-default\">Soluciones de Comunicaci\u00f3n Empresarial<\/h1>\t\t\t\t<\/div>\n\t\t\t\t<\/div>\n\t\t\t\t<div class=\"elementor-element elementor-element-20ba9444 elementor-widget elementor-widget-text-editor\" data-id=\"20ba9444\" data-element_type=\"widget\" data-widget_type=\"text-editor.default\">\n\t\t\t\t<div class=\"elementor-widget-container\">\n\t\t\t\t\t\t\t\t\t<p>En Top Tier Company, entendemos que la comunicaci\u00f3n efectiva es la columna vertebral de cualquier empresa exitosa. Nuestras Soluciones de Comunicaci\u00f3n Empresarial est\u00e1n dise\u00f1adas para transformar la manera en que su organizaci\u00f3n se conecta, colabora y atiende a sus clientes. Ofrecemos un conjunto integral de herramientas y servicios que aprovechan las \u00faltimas tecnolog\u00edas para mejorar la productividad, reducir costos y proporcionar una experiencia de comunicaci\u00f3n sin interrupciones.<\/p>\t\t\t\t\t\t\t\t<\/div>\n\t\t\t\t<\/div>\n\t\t\t\t\t<\/div>\n\t\t\t\t<\/div>\n\t\t<div class=\"elementor-element elementor-element-45cf48a1 e-flex e-con-boxed e-con e-parent\" data-id=\"45cf48a1\" data-element_type=\"container\" data-settings=\"{&quot;background_background&quot;:&quot;classic&quot;}\">\n\t\t\t\t\t<div class=\"e-con-inner\">\n\t\t<div class=\"elementor-element elementor-element-1bdf232b e-flex e-con-boxed e-con e-child\" data-id=\"1bdf232b\" data-element_type=\"container\">\n\t\t\t\t\t<div class=\"e-con-inner\">\n\t\t\t\t<div class=\"elementor-element elementor-element-1fa34ad0 elementor-widget elementor-widget-heading\" data-id=\"1fa34ad0\" data-element_type=\"widget\" data-widget_type=\"heading.default\">\n\t\t\t\t<div class=\"elementor-widget-container\">\n\t\t\t\t\t<h2 class=\"elementor-heading-title elementor-size-default\">Telefon\u00eda IP<\/h2>\t\t\t\t<\/div>\n\t\t\t\t<\/div>\n\t\t\t\t\t<\/div>\n\t\t\t\t<\/div>\n\t\t<div class=\"elementor-element elementor-element-178bba44 e-flex e-con-boxed e-con e-child\" data-id=\"178bba44\" data-element_type=\"container\">\n\t\t\t\t\t<div class=\"e-con-inner\">\n\t\t<div class=\"elementor-element elementor-element-30033e10 e-con-full e-flex e-con e-child\" data-id=\"30033e10\" data-element_type=\"container\">\n\t\t\t\t<div class=\"elementor-element elementor-element-7da53cdb elementor-widget elementor-widget-text-editor\" data-id=\"7da53cdb\" data-element_type=\"widget\" data-widget_type=\"text-editor.default\">\n\t\t\t\t<div class=\"elementor-widget-container\">\n\t\t\t\t\t\t\t\t\t<p><strong>Nuestra soluci\u00f3n de Telefon\u00eda IP (Voz sobre Protocolo de Internet) revoluciona las comunicaciones de voz tradicionales, ofreciendo una plataforma flexible y rentable:<\/strong><\/p><ul><li>Sistemas de telefon\u00eda basados en la nube y on-premise<\/li><li>Integraci\u00f3n con aplicaciones empresariales existentes<\/li><li>Funciones avanzadas como desv\u00edo de llamadas, conferencias y mensajer\u00eda de voz visual<\/li><li>Escalabilidad para adaptarse al crecimiento de su empresa<\/li><li>Reducci\u00f3n significativa de costos en comparaci\u00f3n con los sistemas telef\u00f3nicos tradicionales<\/li><\/ul><p>\u00a0<\/p><p><strong>Beneficios:<\/strong><\/p><ul><li>Mejora la movilidad y flexibilidad de los empleados<\/li><li>Reduce los gastos de mantenimiento y actualizaci\u00f3n de hardware<\/li><li>Facilita la expansi\u00f3n a nuevas ubicaciones sin infraestructura adicional<\/li><\/ul>\t\t\t\t\t\t\t\t<\/div>\n\t\t\t\t<\/div>\n\t\t\t\t<\/div>\n\t\t<div class=\"elementor-element elementor-element-1391e8b5 e-con-full e-flex e-con e-child\" data-id=\"1391e8b5\" data-element_type=\"container\">\n\t\t\t\t<div class=\"elementor-element elementor-element-d8c61c7 elementor-widget elementor-widget-image\" data-id=\"d8c61c7\" data-element_type=\"widget\" data-widget_type=\"image.default\">\n\t\t\t\t<div class=\"elementor-widget-container\">\n\t\t\t\t\t\t\t\t\t\t\t\t\t\t\t<img fetchpriority=\"high\" decoding=\"async\" width=\"1024\" height=\"708\" src=\"https:\/\/toptier-company.com\/wp-content\/uploads\/2024\/11\/ip-tel-1024x708.jpg\" class=\"attachment-large size-large wp-image-349\" alt=\"\" srcset=\"https:\/\/toptier-company.com\/wp-content\/uploads\/2024\/11\/ip-tel-1024x708.jpg 1024w, https:\/\/toptier-company.com\/wp-content\/uploads\/2024\/11\/ip-tel-300x208.jpg 300w, https:\/\/toptier-company.com\/wp-content\/uploads\/2024\/11\/ip-tel-768x531.jpg 768w, https:\/\/toptier-company.com\/wp-content\/uploads\/2024\/11\/ip-tel-18x12.jpg 18w, https:\/\/toptier-company.com\/wp-content\/uploads\/2024\/11\/ip-tel.jpg 1200w\" sizes=\"(max-width: 1024px) 100vw, 1024px\" \/>\t\t\t\t\t\t\t\t\t\t\t\t\t\t\t<\/div>\n\t\t\t\t<\/div>\n\t\t\t\t<\/div>\n\t\t\t\t\t<\/div>\n\t\t\t\t<\/div>\n\t\t\t\t\t<\/div>\n\t\t\t\t<\/div>\n\t\t<div class=\"elementor-element elementor-element-3ca97886 e-flex e-con-boxed e-con e-parent\" data-id=\"3ca97886\" data-element_type=\"container\" data-settings=\"{&quot;background_background&quot;:&quot;classic&quot;}\">\n\t\t\t\t\t<div class=\"e-con-inner\">\n\t\t<div class=\"elementor-element elementor-element-7bb9db41 e-flex e-con-boxed e-con e-child\" data-id=\"7bb9db41\" data-element_type=\"container\">\n\t\t\t\t\t<div class=\"e-con-inner\">\n\t\t\t\t<div class=\"elementor-element elementor-element-39e18bf0 elementor-widget elementor-widget-heading\" data-id=\"39e18bf0\" data-element_type=\"widget\" data-widget_type=\"heading.default\">\n\t\t\t\t<div class=\"elementor-widget-container\">\n\t\t\t\t\t<h2 class=\"elementor-heading-title elementor-size-default\">Videoconferencia y colaboraci\u00f3n en l\u00ednea<\/h2>\t\t\t\t<\/div>\n\t\t\t\t<\/div>\n\t\t\t\t\t<\/div>\n\t\t\t\t<\/div>\n\t\t<div class=\"elementor-element elementor-element-1aecb593 e-flex e-con-boxed e-con e-child\" data-id=\"1aecb593\" data-element_type=\"container\">\n\t\t\t\t\t<div class=\"e-con-inner\">\n\t\t<div class=\"elementor-element elementor-element-5665d62a e-con-full e-flex e-con e-child\" data-id=\"5665d62a\" data-element_type=\"container\">\n\t\t\t\t<div class=\"elementor-element elementor-element-634908b5 elementor-widget elementor-widget-image\" data-id=\"634908b5\" data-element_type=\"widget\" data-widget_type=\"image.default\">\n\t\t\t\t<div class=\"elementor-widget-container\">\n\t\t\t\t\t\t\t\t\t\t\t\t\t\t\t<img decoding=\"async\" width=\"1024\" height=\"683\" src=\"https:\/\/toptier-company.com\/wp-content\/uploads\/2024\/11\/video-call-1024x683.jpg\" class=\"attachment-large size-large wp-image-354\" alt=\"\" srcset=\"https:\/\/toptier-company.com\/wp-content\/uploads\/2024\/11\/video-call-1024x683.jpg 1024w, https:\/\/toptier-company.com\/wp-content\/uploads\/2024\/11\/video-call-300x200.jpg 300w, https:\/\/toptier-company.com\/wp-content\/uploads\/2024\/11\/video-call-768x512.jpg 768w, https:\/\/toptier-company.com\/wp-content\/uploads\/2024\/11\/video-call-18x12.jpg 18w, https:\/\/toptier-company.com\/wp-content\/uploads\/2024\/11\/video-call.jpg 1200w\" sizes=\"(max-width: 1024px) 100vw, 1024px\" \/>\t\t\t\t\t\t\t\t\t\t\t\t\t\t\t<\/div>\n\t\t\t\t<\/div>\n\t\t\t\t<\/div>\n\t\t<div class=\"elementor-element elementor-element-5f66c053 e-con-full e-flex e-con e-child\" data-id=\"5f66c053\" data-element_type=\"container\">\n\t\t\t\t<div class=\"elementor-element elementor-element-2d91fbc2 elementor-widget elementor-widget-text-editor\" data-id=\"2d91fbc2\" data-element_type=\"widget\" data-widget_type=\"text-editor.default\">\n\t\t\t\t<div class=\"elementor-widget-container\">\n\t\t\t\t\t\t\t\t\t<p><strong>Nuestras soluciones de videoconferencia y colaboraci\u00f3n en l\u00ednea eliminan las barreras geogr\u00e1ficas y permiten una comunicaci\u00f3n cara a cara efectiva:<\/strong><\/p><ul><li>Plataformas de videoconferencia HD de alta calidad<\/li><li>Herramientas de colaboraci\u00f3n en tiempo real (pizarras digitales, compartir pantalla)<\/li><li>Integraci\u00f3n con calendarios y sistemas de correo electr\u00f3nico<\/li><li>Salas de reuniones virtuales personalizables<\/li><li>Soporte para dispositivos m\u00f3viles y de escritorio<\/li><\/ul><p>\u00a0<\/p><p><strong>Beneficios:<\/strong><\/p><ul><li>Reduce los costos de viaje y aumenta la productividad<\/li><li>Mejora la toma de decisiones con comunicaciones m\u00e1s ricas<\/li><li>Facilita la colaboraci\u00f3n entre equipos distribuidos geogr\u00e1ficamente<\/li><\/ul>\t\t\t\t\t\t\t\t<\/div>\n\t\t\t\t<\/div>\n\t\t\t\t<\/div>\n\t\t\t\t\t<\/div>\n\t\t\t\t<\/div>\n\t\t\t\t\t<\/div>\n\t\t\t\t<\/div>\n\t\t<div class=\"elementor-element elementor-element-74985a73 e-flex e-con-boxed e-con e-parent\" data-id=\"74985a73\" data-element_type=\"container\" data-settings=\"{&quot;background_background&quot;:&quot;classic&quot;}\">\n\t\t\t\t\t<div class=\"e-con-inner\">\n\t\t<div class=\"elementor-element elementor-element-63dd5b8e e-flex e-con-boxed e-con e-child\" data-id=\"63dd5b8e\" data-element_type=\"container\">\n\t\t\t\t\t<div class=\"e-con-inner\">\n\t\t\t\t<div class=\"elementor-element elementor-element-42b8f837 elementor-widget elementor-widget-heading\" data-id=\"42b8f837\" data-element_type=\"widget\" data-widget_type=\"heading.default\">\n\t\t\t\t<div class=\"elementor-widget-container\">\n\t\t\t\t\t<h2 class=\"elementor-heading-title elementor-size-default\">Soluciones de contact center<\/h2>\t\t\t\t<\/div>\n\t\t\t\t<\/div>\n\t\t\t\t\t<\/div>\n\t\t\t\t<\/div>\n\t\t<div class=\"elementor-element elementor-element-582e2086 e-flex e-con-boxed e-con e-child\" data-id=\"582e2086\" data-element_type=\"container\">\n\t\t\t\t\t<div class=\"e-con-inner\">\n\t\t<div class=\"elementor-element elementor-element-d240d9f e-con-full e-flex e-con e-child\" data-id=\"d240d9f\" data-element_type=\"container\">\n\t\t\t\t<div class=\"elementor-element elementor-element-2751bec9 elementor-widget elementor-widget-text-editor\" data-id=\"2751bec9\" data-element_type=\"widget\" data-widget_type=\"text-editor.default\">\n\t\t\t\t<div class=\"elementor-widget-container\">\n\t\t\t\t\t\t\t\t\t<p><strong>Nuestras soluciones de contact center est\u00e1n dise\u00f1adas para optimizar las interacciones con los clientes y mejorar la eficiencia operativa:<\/strong><\/p><ul><li>Sistemas de distribuci\u00f3n autom\u00e1tica de llamadas (ACD)<\/li><li>Integraci\u00f3n de m\u00faltiples canales (voz, chat, correo electr\u00f3nico, redes sociales)<\/li><li>Herramientas de an\u00e1lisis y reportes en tiempo real<\/li><li>Grabaci\u00f3n de llamadas y control de calidad<\/li><li>Integraci\u00f3n con sistemas CRM para una visi\u00f3n 360\u00b0 del cliente<\/li><\/ul><p>\u00a0<\/p><p><strong>Beneficios:<\/strong><\/p><ul><li>Mejora la satisfacci\u00f3n del cliente con tiempos de respuesta m\u00e1s r\u00e1pidos<\/li><li>Aumenta la eficiencia de los agentes con herramientas integradas<\/li><li>Proporciona insights valiosos para la toma de decisiones estrat\u00e9gicas<\/li><\/ul>\t\t\t\t\t\t\t\t<\/div>\n\t\t\t\t<\/div>\n\t\t\t\t<\/div>\n\t\t<div class=\"elementor-element elementor-element-1a5e739d e-con-full e-flex e-con e-child\" data-id=\"1a5e739d\" data-element_type=\"container\">\n\t\t\t\t<div class=\"elementor-element elementor-element-24383547 elementor-widget elementor-widget-image\" data-id=\"24383547\" data-element_type=\"widget\" data-widget_type=\"image.default\">\n\t\t\t\t<div class=\"elementor-widget-container\">\n\t\t\t\t\t\t\t\t\t\t\t\t\t\t\t<img decoding=\"async\" width=\"1024\" height=\"725\" src=\"https:\/\/toptier-company.com\/wp-content\/uploads\/2024\/11\/call-center-solution-1024x725.jpg\" class=\"attachment-large size-large wp-image-359\" alt=\"\" srcset=\"https:\/\/toptier-company.com\/wp-content\/uploads\/2024\/11\/call-center-solution-1024x725.jpg 1024w, https:\/\/toptier-company.com\/wp-content\/uploads\/2024\/11\/call-center-solution-300x213.jpg 300w, https:\/\/toptier-company.com\/wp-content\/uploads\/2024\/11\/call-center-solution-768x544.jpg 768w, https:\/\/toptier-company.com\/wp-content\/uploads\/2024\/11\/call-center-solution-18x12.jpg 18w, https:\/\/toptier-company.com\/wp-content\/uploads\/2024\/11\/call-center-solution.jpg 1200w\" sizes=\"(max-width: 1024px) 100vw, 1024px\" \/>\t\t\t\t\t\t\t\t\t\t\t\t\t\t\t<\/div>\n\t\t\t\t<\/div>\n\t\t\t\t<\/div>\n\t\t\t\t\t<\/div>\n\t\t\t\t<\/div>\n\t\t\t\t\t<\/div>\n\t\t\t\t<\/div>\n\t\t<div class=\"elementor-element elementor-element-41fb70d0 e-flex e-con-boxed e-con e-parent\" data-id=\"41fb70d0\" data-element_type=\"container\" data-settings=\"{&quot;background_background&quot;:&quot;classic&quot;}\">\n\t\t\t\t\t<div class=\"e-con-inner\">\n\t\t<div class=\"elementor-element elementor-element-5f401ef6 e-flex e-con-boxed e-con e-child\" data-id=\"5f401ef6\" data-element_type=\"container\">\n\t\t\t\t\t<div class=\"e-con-inner\">\n\t\t\t\t<div class=\"elementor-element elementor-element-59c0a144 elementor-widget elementor-widget-heading\" data-id=\"59c0a144\" data-element_type=\"widget\" data-widget_type=\"heading.default\">\n\t\t\t\t<div class=\"elementor-widget-container\">\n\t\t\t\t\t<h2 class=\"elementor-heading-title elementor-size-default\">Comunicaciones unificadas<\/h2>\t\t\t\t<\/div>\n\t\t\t\t<\/div>\n\t\t\t\t\t<\/div>\n\t\t\t\t<\/div>\n\t\t<div class=\"elementor-element elementor-element-27bde497 e-flex e-con-boxed e-con e-child\" data-id=\"27bde497\" data-element_type=\"container\">\n\t\t\t\t\t<div class=\"e-con-inner\">\n\t\t<div class=\"elementor-element elementor-element-159836d9 e-con-full e-flex e-con e-child\" data-id=\"159836d9\" data-element_type=\"container\">\n\t\t\t\t<div class=\"elementor-element elementor-element-3be8c5a7 elementor-widget elementor-widget-image\" data-id=\"3be8c5a7\" data-element_type=\"widget\" data-widget_type=\"image.default\">\n\t\t\t\t<div class=\"elementor-widget-container\">\n\t\t\t\t\t\t\t\t\t\t\t\t\t\t\t<img loading=\"lazy\" decoding=\"async\" width=\"999\" height=\"1024\" src=\"https:\/\/toptier-company.com\/wp-content\/uploads\/2024\/11\/center-999x1024.jpg\" class=\"attachment-large size-large wp-image-360\" alt=\"\" srcset=\"https:\/\/toptier-company.com\/wp-content\/uploads\/2024\/11\/center-999x1024.jpg 999w, https:\/\/toptier-company.com\/wp-content\/uploads\/2024\/11\/center-293x300.jpg 293w, https:\/\/toptier-company.com\/wp-content\/uploads\/2024\/11\/center-768x787.jpg 768w, https:\/\/toptier-company.com\/wp-content\/uploads\/2024\/11\/center-12x12.jpg 12w, https:\/\/toptier-company.com\/wp-content\/uploads\/2024\/11\/center.jpg 1143w\" sizes=\"(max-width: 999px) 100vw, 999px\" \/>\t\t\t\t\t\t\t\t\t\t\t\t\t\t\t<\/div>\n\t\t\t\t<\/div>\n\t\t\t\t<\/div>\n\t\t<div class=\"elementor-element elementor-element-2abe81e3 e-con-full e-flex e-con e-child\" data-id=\"2abe81e3\" data-element_type=\"container\">\n\t\t\t\t<div class=\"elementor-element elementor-element-5d2a5c0c elementor-widget elementor-widget-text-editor\" data-id=\"5d2a5c0c\" data-element_type=\"widget\" data-widget_type=\"text-editor.default\">\n\t\t\t\t<div class=\"elementor-widget-container\">\n\t\t\t\t\t\t\t\t\t<p><strong>Nuestras soluciones de comunicaciones unificadas integran todas las herramientas de comunicaci\u00f3n en una plataforma cohesiva:<\/strong><\/p><ul><li>Mensajer\u00eda instant\u00e1nea empresarial<\/li><li>Presencia y estado de disponibilidad<\/li><li>Integraci\u00f3n de voz, video y datos<\/li><li>Acceso unificado a mensajes (correo electr\u00f3nico, correo de voz, fax)<\/li><li>Movilidad empresarial con aplicaciones para smartphones y tablets<\/li><\/ul><p>\u00a0<\/p><p><strong>Beneficios:<\/strong><\/p><ul><li>Simplifica la gesti\u00f3n de m\u00faltiples herramientas de comunicaci\u00f3n<\/li><li>Mejora la colaboraci\u00f3n y productividad de los empleados<\/li><li>Proporciona una experiencia de usuario consistente en todos los dispositivos<\/li><\/ul><p>\u00a0<\/p><p><strong>En Top Tier Company, no solo proporcionamos tecnolog\u00eda de punta, sino que tambi\u00e9n ofrecemos un servicio integral que incluye:<\/strong><\/p><ul><li>Consultor\u00eda personalizada para identificar la mejor soluci\u00f3n para su empresa<\/li><li>Implementaci\u00f3n y configuraci\u00f3n profesional<\/li><li>Capacitaci\u00f3n exhaustiva para sus empleados<\/li><li>Soporte t\u00e9cnico 24\/7 para garantizar la continuidad de sus comunicaciones<\/li><\/ul>\t\t\t\t\t\t\t\t<\/div>\n\t\t\t\t<\/div>\n\t\t\t\t<\/div>\n\t\t\t\t\t<\/div>\n\t\t\t\t<\/div>\n\t\t\t\t\t<\/div>\n\t\t\t\t<\/div>\n\t\t<div class=\"elementor-element elementor-element-52af7481 e-flex e-con-boxed e-con e-child\" data-id=\"52af7481\" data-element_type=\"container\">\n\t\t\t\t\t<div class=\"e-con-inner\">\n\t\t\t\t<div class=\"elementor-element elementor-element-13ef76d0 elementor-widget__width-inherit elementor-widget elementor-widget-text-editor\" data-id=\"13ef76d0\" data-element_type=\"widget\" data-widget_type=\"text-editor.default\">\n\t\t\t\t<div class=\"elementor-widget-container\">\n\t\t\t\t\t\t\t\t\t<p>Nuestras Soluciones de Comunicaci\u00f3n Empresarial est\u00e1n dise\u00f1adas para evolucionar con su negocio, proporcionando la flexibilidad y escalabilidad necesarias para enfrentar los desaf\u00edos del ma\u00f1ana. Ya sea que est\u00e9 buscando modernizar su sistema telef\u00f3nico, implementar una soluci\u00f3n de colaboraci\u00f3n en la nube o revolucionar su centro de contacto, Top Tier Company tiene la experiencia y la tecnolog\u00eda para llevar sus comunicaciones al siguiente nivel.<\/p>\t\t\t\t\t\t\t\t<\/div>\n\t\t\t\t<\/div>\n\t\t\t\t<div class=\"elementor-element elementor-element-236fbf45 elementor-align-center elementor-tablet-align-left elementor-mobile-align-center elementor-widget elementor-widget-button\" data-id=\"236fbf45\" data-element_type=\"widget\" data-widget_type=\"button.default\">\n\t\t\t\t<div class=\"elementor-widget-container\">\n\t\t\t\t\t\t\t\t\t<div class=\"elementor-button-wrapper\">\n\t\t\t\t\t<a class=\"elementor-button elementor-button-link elementor-size-sm\" href=\"https:\/\/toptier-company.com\/es\/contact\/\">\n\t\t\t\t\t\t<span class=\"elementor-button-content-wrapper\">\n\t\t\t\t\t\t\t\t\t<span class=\"elementor-button-text\">Cont\u00e1ctenos hoy<\/span>\n\t\t\t\t\t<\/span>\n\t\t\t\t\t<\/a>\n\t\t\t\t<\/div>\n\t\t\t\t\t\t\t\t<\/div>\n\t\t\t\t<\/div>\n\t\t\t\t<div class=\"elementor-element elementor-element-f0b6dc9 elementor-widget__width-inherit elementor-widget elementor-widget-text-editor\" data-id=\"f0b6dc9\" data-element_type=\"widget\" data-widget_type=\"text-editor.default\">\n\t\t\t\t<div class=\"elementor-widget-container\">\n\t\t\t\t\t\t\t\t\t<p>Para descubrir c\u00f3mo nuestras Soluciones de Comunicaci\u00f3n Empresarial pueden transformar la forma en que su organizaci\u00f3n se conecta, colabora y compite en el mercado global.<\/p>\t\t\t\t\t\t\t\t<\/div>\n\t\t\t\t<\/div>\n\t\t\t\t\t<\/div>\n\t\t\t\t<\/div>\n\t\t\t\t<\/div>","protected":false},"excerpt":{"rendered":"<p>Enterprise Communication Solutions At Top Tier Company, we understand that effective communication is the backbone of any successful company. Our Business Communication Solutions are designed to transform the way your organization connects, collaborates, and serves your customers. We offer a comprehensive suite of tools and services that leverage the latest technologies to improve productivity, reduce [&hellip;]<\/p>","protected":false},"author":3,"featured_media":0,"parent":0,"menu_order":0,"comment_status":"closed","ping_status":"closed","template":"","meta":{"footnotes":""},"class_list":["post-210","page","type-page","status-publish","hentry"],"_links":{"self":[{"href":"https:\/\/toptier-company.com\/es\/wp-json\/wp\/v2\/pages\/210","targetHints":{"allow":["GET"]}}],"collection":[{"href":"https:\/\/toptier-company.com\/es\/wp-json\/wp\/v2\/pages"}],"about":[{"href":"https:\/\/toptier-company.com\/es\/wp-json\/wp\/v2\/types\/page"}],"author":[{"embeddable":true,"href":"https:\/\/toptier-company.com\/es\/wp-json\/wp\/v2\/users\/3"}],"replies":[{"embeddable":true,"href":"https:\/\/toptier-company.com\/es\/wp-json\/wp\/v2\/comments?post=210"}],"version-history":[{"count":13,"href":"https:\/\/toptier-company.com\/es\/wp-json\/wp\/v2\/pages\/210\/revisions"}],"predecessor-version":[{"id":366,"href":"https:\/\/toptier-company.com\/es\/wp-json\/wp\/v2\/pages\/210\/revisions\/366"}],"wp:attachment":[{"href":"https:\/\/toptier-company.com\/es\/wp-json\/wp\/v2\/media?parent=210"}],"curies":[{"name":"wp","href":"https:\/\/api.w.org\/{rel}","templated":true}]}}