{"id":214,"date":"2024-11-01T17:14:05","date_gmt":"2024-11-01T17:14:05","guid":{"rendered":"https:\/\/toptier-company.com\/?page_id=214"},"modified":"2024-11-04T18:03:05","modified_gmt":"2024-11-04T18:03:05","slug":"digital-transformation-it-consulting","status":"publish","type":"page","link":"https:\/\/toptier-company.com\/es\/digital-transformation-it-consulting\/","title":{"rendered":"Transformaci\u00f3n Digital y Consultor\u00eda TI"},"content":{"rendered":"<div data-elementor-type=\"wp-page\" data-elementor-id=\"214\" class=\"elementor elementor-214\" data-elementor-post-type=\"page\">\n\t\t\t\t<div class=\"elementor-element elementor-element-222fde e-flex e-con-boxed e-con e-parent\" data-id=\"222fde\" data-element_type=\"container\" data-settings=\"{&quot;background_background&quot;:&quot;classic&quot;}\">\n\t\t\t\t\t<div class=\"e-con-inner\">\n\t\t\t\t<div class=\"elementor-element elementor-element-708ea826 elementor-widget elementor-widget-heading\" data-id=\"708ea826\" data-element_type=\"widget\" data-widget_type=\"heading.default\">\n\t\t\t\t<div class=\"elementor-widget-container\">\n\t\t\t\t\t<h1 class=\"elementor-heading-title elementor-size-default\">Transformaci\u00f3n Digital y Consultor\u00eda TI<\/h1>\t\t\t\t<\/div>\n\t\t\t\t<\/div>\n\t\t\t\t<div class=\"elementor-element elementor-element-6b1812a6 elementor-widget elementor-widget-text-editor\" data-id=\"6b1812a6\" data-element_type=\"widget\" data-widget_type=\"text-editor.default\">\n\t\t\t\t<div class=\"elementor-widget-container\">\n\t\t\t\t\t\t\t\t\t<p>En Top Tier Company, entendemos que la transformaci\u00f3n digital es esencial para el \u00e9xito y la competitividad de las empresas modernas. Nuestra divisi\u00f3n de Transformaci\u00f3n Digital y Consultor\u00eda TI est\u00e1 dise\u00f1ada para guiar a su organizaci\u00f3n a trav\u00e9s del complejo proceso de adopci\u00f3n y optimizaci\u00f3n de tecnolog\u00edas digitales, asegurando que su empresa est\u00e9 preparada para los desaf\u00edos del futuro digital.<\/p>\t\t\t\t\t\t\t\t<\/div>\n\t\t\t\t<\/div>\n\t\t\t\t\t<\/div>\n\t\t\t\t<\/div>\n\t\t<div class=\"elementor-element elementor-element-336c964f e-flex e-con-boxed e-con e-parent\" data-id=\"336c964f\" data-element_type=\"container\" data-settings=\"{&quot;background_background&quot;:&quot;classic&quot;}\">\n\t\t\t\t\t<div class=\"e-con-inner\">\n\t\t<div class=\"elementor-element elementor-element-1256a87a e-flex e-con-boxed e-con e-child\" data-id=\"1256a87a\" data-element_type=\"container\">\n\t\t\t\t\t<div class=\"e-con-inner\">\n\t\t\t\t<div class=\"elementor-element elementor-element-69f5fbc9 elementor-widget elementor-widget-heading\" data-id=\"69f5fbc9\" data-element_type=\"widget\" data-widget_type=\"heading.default\">\n\t\t\t\t<div class=\"elementor-widget-container\">\n\t\t\t\t\t<h2 class=\"elementor-heading-title elementor-size-default\">Asesor\u00eda en estrategia digital<\/h2>\t\t\t\t<\/div>\n\t\t\t\t<\/div>\n\t\t\t\t\t<\/div>\n\t\t\t\t<\/div>\n\t\t<div class=\"elementor-element elementor-element-109ee2b0 e-flex e-con-boxed e-con e-child\" data-id=\"109ee2b0\" data-element_type=\"container\">\n\t\t\t\t\t<div class=\"e-con-inner\">\n\t\t<div class=\"elementor-element elementor-element-4f37aff e-con-full e-flex e-con e-child\" data-id=\"4f37aff\" data-element_type=\"container\">\n\t\t\t\t<div class=\"elementor-element elementor-element-48bf7f2b elementor-widget elementor-widget-text-editor\" data-id=\"48bf7f2b\" data-element_type=\"widget\" data-widget_type=\"text-editor.default\">\n\t\t\t\t<div class=\"elementor-widget-container\">\n\t\t\t\t\t\t\t\t\t<p>Nuestra asesor\u00eda en estrategia digital es el punto de partida para una transformaci\u00f3n exitosa. Ofrecemos:<\/p><ul><li>Evaluaci\u00f3n de madurez digital: Analizamos el estado actual de su organizaci\u00f3n en t\u00e9rminos de tecnolog\u00eda, procesos y cultura digital.<\/li><li>Desarrollo de roadmap digital: Creamos un plan detallado y personalizado para su transformaci\u00f3n digital, alineado con sus objetivos de negocio.<\/li><li>Identificaci\u00f3n de oportunidades tecnol\u00f3gicas: Exploramos c\u00f3mo las nuevas tecnolog\u00edas pueden impulsar la innovaci\u00f3n y la eficiencia en su empresa.<\/li><li>Gesti\u00f3n del cambio: Ayudamos a su organizaci\u00f3n a adaptarse a los nuevos procesos y tecnolog\u00edas, minimizando la resistencia y maximizando la adopci\u00f3n.<\/li><li>Optimizaci\u00f3n de procesos digitales: Redise\u00f1amos sus procesos de negocio para aprovechar al m\u00e1ximo las capacidades digitales.<\/li><\/ul>\t\t\t\t\t\t\t\t<\/div>\n\t\t\t\t<\/div>\n\t\t\t\t<\/div>\n\t\t<div class=\"elementor-element elementor-element-3a41c00d e-con-full e-flex e-con e-child\" data-id=\"3a41c00d\" data-element_type=\"container\">\n\t\t\t\t<div class=\"elementor-element elementor-element-75bb43fd elementor-widget elementor-widget-image\" data-id=\"75bb43fd\" data-element_type=\"widget\" data-widget_type=\"image.default\">\n\t\t\t\t<div class=\"elementor-widget-container\">\n\t\t\t\t\t\t\t\t\t\t\t\t\t\t\t<img fetchpriority=\"high\" decoding=\"async\" width=\"1024\" height=\"639\" src=\"https:\/\/toptier-company.com\/wp-content\/uploads\/2024\/11\/digital-1024x639.jpg\" class=\"attachment-large size-large wp-image-393\" alt=\"\" srcset=\"https:\/\/toptier-company.com\/wp-content\/uploads\/2024\/11\/digital-1024x639.jpg 1024w, https:\/\/toptier-company.com\/wp-content\/uploads\/2024\/11\/digital-300x187.jpg 300w, https:\/\/toptier-company.com\/wp-content\/uploads\/2024\/11\/digital-768x479.jpg 768w, https:\/\/toptier-company.com\/wp-content\/uploads\/2024\/11\/digital-18x12.jpg 18w, https:\/\/toptier-company.com\/wp-content\/uploads\/2024\/11\/digital.jpg 1200w\" sizes=\"(max-width: 1024px) 100vw, 1024px\" \/>\t\t\t\t\t\t\t\t\t\t\t\t\t\t\t<\/div>\n\t\t\t\t<\/div>\n\t\t\t\t<\/div>\n\t\t\t\t\t<\/div>\n\t\t\t\t<\/div>\n\t\t\t\t\t<\/div>\n\t\t\t\t<\/div>\n\t\t<div class=\"elementor-element elementor-element-48fca12e e-flex e-con-boxed e-con e-parent\" data-id=\"48fca12e\" data-element_type=\"container\" data-settings=\"{&quot;background_background&quot;:&quot;classic&quot;}\">\n\t\t\t\t\t<div class=\"e-con-inner\">\n\t\t<div class=\"elementor-element elementor-element-5e1436a6 e-flex e-con-boxed e-con e-child\" data-id=\"5e1436a6\" data-element_type=\"container\">\n\t\t\t\t\t<div class=\"e-con-inner\">\n\t\t\t\t<div class=\"elementor-element elementor-element-1ff9f4d1 elementor-widget elementor-widget-heading\" data-id=\"1ff9f4d1\" data-element_type=\"widget\" data-widget_type=\"heading.default\">\n\t\t\t\t<div class=\"elementor-widget-container\">\n\t\t\t\t\t<h2 class=\"elementor-heading-title elementor-size-default\">Implementaci\u00f3n de soluciones IoT<\/h2>\t\t\t\t<\/div>\n\t\t\t\t<\/div>\n\t\t\t\t\t<\/div>\n\t\t\t\t<\/div>\n\t\t<div class=\"elementor-element elementor-element-1b0d8dc9 e-flex e-con-boxed e-con e-child\" data-id=\"1b0d8dc9\" data-element_type=\"container\">\n\t\t\t\t\t<div class=\"e-con-inner\">\n\t\t<div class=\"elementor-element elementor-element-5a3c3a3d e-con-full e-flex e-con e-child\" data-id=\"5a3c3a3d\" data-element_type=\"container\">\n\t\t\t\t<div class=\"elementor-element elementor-element-46bcfda7 elementor-widget elementor-widget-image\" data-id=\"46bcfda7\" data-element_type=\"widget\" data-widget_type=\"image.default\">\n\t\t\t\t<div class=\"elementor-widget-container\">\n\t\t\t\t\t\t\t\t\t\t\t\t\t\t\t<img decoding=\"async\" width=\"1024\" height=\"724\" src=\"https:\/\/toptier-company.com\/wp-content\/uploads\/2024\/11\/iot-1024x724.jpg\" class=\"attachment-large size-large wp-image-394\" alt=\"\" srcset=\"https:\/\/toptier-company.com\/wp-content\/uploads\/2024\/11\/iot-1024x724.jpg 1024w, https:\/\/toptier-company.com\/wp-content\/uploads\/2024\/11\/iot-300x212.jpg 300w, https:\/\/toptier-company.com\/wp-content\/uploads\/2024\/11\/iot-768x543.jpg 768w, https:\/\/toptier-company.com\/wp-content\/uploads\/2024\/11\/iot-18x12.jpg 18w, https:\/\/toptier-company.com\/wp-content\/uploads\/2024\/11\/iot.jpg 1200w\" sizes=\"(max-width: 1024px) 100vw, 1024px\" \/>\t\t\t\t\t\t\t\t\t\t\t\t\t\t\t<\/div>\n\t\t\t\t<\/div>\n\t\t\t\t<\/div>\n\t\t<div class=\"elementor-element elementor-element-7034ab60 e-con-full e-flex e-con e-child\" data-id=\"7034ab60\" data-element_type=\"container\">\n\t\t\t\t<div class=\"elementor-element elementor-element-1d988ca0 elementor-widget elementor-widget-text-editor\" data-id=\"1d988ca0\" data-element_type=\"widget\" data-widget_type=\"text-editor.default\">\n\t\t\t\t<div class=\"elementor-widget-container\">\n\t\t\t\t\t\t\t\t\t<p><strong>El Internet de las Cosas (IoT) est\u00e1 revolucionando la forma en que las empresas operan y se conectan con sus clientes. Nuestros servicios de implementaci\u00f3n de IoT incluyen:<\/strong><\/p><ul><li>Dise\u00f1o de arquitectura IoT: Creamos una infraestructura robusta y escalable para sus dispositivos conectados.<\/li><li>Selecci\u00f3n e integraci\u00f3n de dispositivos: Identificamos y configuramos los dispositivos IoT m\u00e1s adecuados para sus necesidades.<\/li><li>Desarrollo de plataformas IoT: Construimos plataformas personalizadas para la gesti\u00f3n y an\u00e1lisis de datos de IoT.<\/li><li>Seguridad de IoT: Implementamos medidas de seguridad avanzadas para proteger sus dispositivos y datos conectados.<\/li><li>Mantenimiento predictivo: Utilizamos datos de IoT para anticipar y prevenir fallos en equipos y sistemas.<\/li><\/ul>\t\t\t\t\t\t\t\t<\/div>\n\t\t\t\t<\/div>\n\t\t\t\t<\/div>\n\t\t\t\t\t<\/div>\n\t\t\t\t<\/div>\n\t\t\t\t\t<\/div>\n\t\t\t\t<\/div>\n\t\t<div class=\"elementor-element elementor-element-25fe73c2 e-flex e-con-boxed e-con e-parent\" data-id=\"25fe73c2\" data-element_type=\"container\" data-settings=\"{&quot;background_background&quot;:&quot;classic&quot;}\">\n\t\t\t\t\t<div class=\"e-con-inner\">\n\t\t<div class=\"elementor-element elementor-element-717e0a30 e-flex e-con-boxed e-con e-child\" data-id=\"717e0a30\" data-element_type=\"container\">\n\t\t\t\t\t<div class=\"e-con-inner\">\n\t\t\t\t<div class=\"elementor-element elementor-element-74d46fe0 elementor-widget elementor-widget-heading\" data-id=\"74d46fe0\" data-element_type=\"widget\" data-widget_type=\"heading.default\">\n\t\t\t\t<div class=\"elementor-widget-container\">\n\t\t\t\t\t<h2 class=\"elementor-heading-title elementor-size-default\">Servicios de Big Data y an\u00e1lisis<\/h2>\t\t\t\t<\/div>\n\t\t\t\t<\/div>\n\t\t\t\t\t<\/div>\n\t\t\t\t<\/div>\n\t\t<div class=\"elementor-element elementor-element-5333abde e-flex e-con-boxed e-con e-child\" data-id=\"5333abde\" data-element_type=\"container\">\n\t\t\t\t\t<div class=\"e-con-inner\">\n\t\t<div class=\"elementor-element elementor-element-5a380071 e-con-full e-flex e-con e-child\" data-id=\"5a380071\" data-element_type=\"container\">\n\t\t\t\t<div class=\"elementor-element elementor-element-7cd15d2f elementor-widget elementor-widget-text-editor\" data-id=\"7cd15d2f\" data-element_type=\"widget\" data-widget_type=\"text-editor.default\">\n\t\t\t\t<div class=\"elementor-widget-container\">\n\t\t\t\t\t\t\t\t\t<p><strong>El poder de los datos es innegable en la era digital. Nuestros servicios de Big Data y an\u00e1lisis le ayudan a aprovechar al m\u00e1ximo sus datos:<\/strong><\/p><ul><li>Implementaci\u00f3n de infraestructura de Big Data: Configuramos entornos de procesamiento de datos a gran escala como Hadoop y Spark.<\/li><li>Desarrollo de pipelines de datos: Creamos flujos de trabajo eficientes para la recolecci\u00f3n, procesamiento y almacenamiento de datos.<\/li><li>An\u00e1lisis predictivo y prescriptivo: Utilizamos modelos avanzados de machine learning para prever tendencias y recomendar acciones.<\/li><li>Visualizaci\u00f3n de datos: Desarrollamos dashboards interactivos y reportes que transforman datos complejos en insights accionables.<\/li><li>Gobierno de datos: Establecemos pol\u00edticas y procedimientos para garantizar la calidad, seguridad y cumplimiento normativo de sus datos.<\/li><\/ul>\t\t\t\t\t\t\t\t<\/div>\n\t\t\t\t<\/div>\n\t\t\t\t<\/div>\n\t\t<div class=\"elementor-element elementor-element-411bd8da e-con-full e-flex e-con e-child\" data-id=\"411bd8da\" data-element_type=\"container\">\n\t\t\t\t<div class=\"elementor-element elementor-element-29874abe elementor-widget elementor-widget-image\" data-id=\"29874abe\" data-element_type=\"widget\" data-widget_type=\"image.default\">\n\t\t\t\t<div class=\"elementor-widget-container\">\n\t\t\t\t\t\t\t\t\t\t\t\t\t\t\t<img decoding=\"async\" width=\"1024\" height=\"683\" src=\"https:\/\/toptier-company.com\/wp-content\/uploads\/2024\/11\/big-data-1024x683.jpg\" class=\"attachment-large size-large wp-image-399\" alt=\"\" srcset=\"https:\/\/toptier-company.com\/wp-content\/uploads\/2024\/11\/big-data-1024x683.jpg 1024w, https:\/\/toptier-company.com\/wp-content\/uploads\/2024\/11\/big-data-300x200.jpg 300w, https:\/\/toptier-company.com\/wp-content\/uploads\/2024\/11\/big-data-768x512.jpg 768w, https:\/\/toptier-company.com\/wp-content\/uploads\/2024\/11\/big-data-18x12.jpg 18w, https:\/\/toptier-company.com\/wp-content\/uploads\/2024\/11\/big-data.jpg 1200w\" sizes=\"(max-width: 1024px) 100vw, 1024px\" \/>\t\t\t\t\t\t\t\t\t\t\t\t\t\t\t<\/div>\n\t\t\t\t<\/div>\n\t\t\t\t<\/div>\n\t\t\t\t\t<\/div>\n\t\t\t\t<\/div>\n\t\t\t\t\t<\/div>\n\t\t\t\t<\/div>\n\t\t<div class=\"elementor-element elementor-element-52bc47c6 e-flex e-con-boxed e-con e-parent\" data-id=\"52bc47c6\" data-element_type=\"container\" data-settings=\"{&quot;background_background&quot;:&quot;classic&quot;}\">\n\t\t\t\t\t<div class=\"e-con-inner\">\n\t\t<div class=\"elementor-element elementor-element-40ebda6 e-flex e-con-boxed e-con e-child\" data-id=\"40ebda6\" data-element_type=\"container\">\n\t\t\t\t\t<div class=\"e-con-inner\">\n\t\t\t\t<div class=\"elementor-element elementor-element-384a8a77 elementor-widget elementor-widget-heading\" data-id=\"384a8a77\" data-element_type=\"widget\" data-widget_type=\"heading.default\">\n\t\t\t\t<div class=\"elementor-widget-container\">\n\t\t\t\t\t<h2 class=\"elementor-heading-title elementor-size-default\">Desarrollo de aplicaciones empresariales<\/h2>\t\t\t\t<\/div>\n\t\t\t\t<\/div>\n\t\t\t\t\t<\/div>\n\t\t\t\t<\/div>\n\t\t<div class=\"elementor-element elementor-element-23dc4cb8 e-flex e-con-boxed e-con e-child\" data-id=\"23dc4cb8\" data-element_type=\"container\">\n\t\t\t\t\t<div class=\"e-con-inner\">\n\t\t<div class=\"elementor-element elementor-element-527fa48a e-con-full e-flex e-con e-child\" data-id=\"527fa48a\" data-element_type=\"container\">\n\t\t\t\t<div class=\"elementor-element elementor-element-7e4703e0 elementor-widget elementor-widget-image\" data-id=\"7e4703e0\" data-element_type=\"widget\" data-widget_type=\"image.default\">\n\t\t\t\t<div class=\"elementor-widget-container\">\n\t\t\t\t\t\t\t\t\t\t\t\t\t\t\t<img loading=\"lazy\" decoding=\"async\" width=\"1024\" height=\"814\" src=\"https:\/\/toptier-company.com\/wp-content\/uploads\/2024\/11\/app-1024x814.jpg\" class=\"attachment-large size-large wp-image-400\" alt=\"\" srcset=\"https:\/\/toptier-company.com\/wp-content\/uploads\/2024\/11\/app-1024x814.jpg 1024w, https:\/\/toptier-company.com\/wp-content\/uploads\/2024\/11\/app-300x239.jpg 300w, https:\/\/toptier-company.com\/wp-content\/uploads\/2024\/11\/app-768x611.jpg 768w, https:\/\/toptier-company.com\/wp-content\/uploads\/2024\/11\/app-15x12.jpg 15w, https:\/\/toptier-company.com\/wp-content\/uploads\/2024\/11\/app.jpg 1200w\" sizes=\"(max-width: 1024px) 100vw, 1024px\" \/>\t\t\t\t\t\t\t\t\t\t\t\t\t\t\t<\/div>\n\t\t\t\t<\/div>\n\t\t\t\t<\/div>\n\t\t<div class=\"elementor-element elementor-element-5979b30e e-con-full e-flex e-con e-child\" data-id=\"5979b30e\" data-element_type=\"container\">\n\t\t\t\t<div class=\"elementor-element elementor-element-4d249828 elementor-widget elementor-widget-text-editor\" data-id=\"4d249828\" data-element_type=\"widget\" data-widget_type=\"text-editor.default\">\n\t\t\t\t<div class=\"elementor-widget-container\">\n\t\t\t\t\t\t\t\t\t<p><strong>Nuestro equipo de desarrollo crea aplicaciones empresariales a medida que impulsan la eficiencia y la innovaci\u00f3n:<\/strong><\/p><ul><li>Aplicaciones web y m\u00f3viles: Desarrollamos soluciones multiplataforma que se adaptan a las necesidades de su fuerza de trabajo m\u00f3vil.<\/li><li>Integraci\u00f3n de sistemas: Conectamos sus aplicaciones existentes con nuevas soluciones para un flujo de datos y procesos sin interrupciones.<\/li><li>Desarrollo \u00e1gil y DevOps: Utilizamos metodolog\u00edas \u00e1giles y pr\u00e1cticas de DevOps para un desarrollo r\u00e1pido y de alta calidad.<\/li><li>Aplicaciones basadas en la nube: Creamos aplicaciones nativas de la nube que aprovechan la escalabilidad y flexibilidad de las plataformas cloud.<\/li><li>Modernizaci\u00f3n de aplicaciones legacy: Actualizamos sus aplicaciones antiguas para que sean compatibles con las tecnolog\u00edas modernas.<\/li><\/ul><p>\u00a0<\/p><p><strong>En Top Tier Company, no solo proporcionamos tecnolog\u00eda de vanguardia, sino que tambi\u00e9n ofrecemos un enfoque integral que incluye:<\/strong><\/p><ul><li>Consultor\u00eda estrat\u00e9gica: Trabajamos estrechamente con su equipo directivo para alinear la transformaci\u00f3n digital con sus objetivos de negocio.<\/li><li>Capacitaci\u00f3n y transferencia de conocimientos: Aseguramos que su equipo est\u00e9 preparado para aprovechar al m\u00e1ximo las nuevas tecnolog\u00edas.<\/li><li>Soporte continuo: Ofrecemos asistencia t\u00e9cnica y mantenimiento para garantizar el \u00e9xito a largo plazo de sus iniciativas digitales.<\/li><li>Medici\u00f3n de ROI: Implementamos m\u00e9tricas claras para evaluar el impacto de la transformaci\u00f3n digital en su negocio.<\/li><\/ul>\t\t\t\t\t\t\t\t<\/div>\n\t\t\t\t<\/div>\n\t\t\t\t<\/div>\n\t\t\t\t\t<\/div>\n\t\t\t\t<\/div>\n\t\t\t\t\t<\/div>\n\t\t\t\t<\/div>\n\t\t<div class=\"elementor-element elementor-element-29a514a7 e-flex e-con-boxed e-con e-child\" data-id=\"29a514a7\" data-element_type=\"container\">\n\t\t\t\t\t<div class=\"e-con-inner\">\n\t\t\t\t<div class=\"elementor-element elementor-element-54c78874 elementor-widget__width-inherit elementor-widget elementor-widget-text-editor\" data-id=\"54c78874\" data-element_type=\"widget\" data-widget_type=\"text-editor.default\">\n\t\t\t\t<div class=\"elementor-widget-container\">\n\t\t\t\t\t\t\t\t\t<p>Nuestra divisi\u00f3n de Transformaci\u00f3n Digital y Consultor\u00eda TI est\u00e1 comprometida con el \u00e9xito de su organizaci\u00f3n en la era digital. Con nuestra experiencia y enfoque personalizado, le ayudamos a navegar los desaf\u00edos de la transformaci\u00f3n digital y a aprovechar las oportunidades que ofrece la tecnolog\u00eda para impulsar el crecimiento y la innovaci\u00f3n en su empresa.<\/p>\t\t\t\t\t\t\t\t<\/div>\n\t\t\t\t<\/div>\n\t\t\t\t<div class=\"elementor-element elementor-element-5098aedd elementor-align-center elementor-tablet-align-left elementor-mobile-align-center elementor-widget elementor-widget-button\" data-id=\"5098aedd\" data-element_type=\"widget\" data-widget_type=\"button.default\">\n\t\t\t\t<div class=\"elementor-widget-container\">\n\t\t\t\t\t\t\t\t\t<div class=\"elementor-button-wrapper\">\n\t\t\t\t\t<a class=\"elementor-button elementor-button-link elementor-size-sm\" href=\"https:\/\/toptier-company.com\/es\/contact\/\">\n\t\t\t\t\t\t<span class=\"elementor-button-content-wrapper\">\n\t\t\t\t\t\t\t\t\t<span class=\"elementor-button-text\">Cont\u00e1ctenos hoy<\/span>\n\t\t\t\t\t<\/span>\n\t\t\t\t\t<\/a>\n\t\t\t\t<\/div>\n\t\t\t\t\t\t\t\t<\/div>\n\t\t\t\t<\/div>\n\t\t\t\t<div class=\"elementor-element elementor-element-21c904ce elementor-widget__width-inherit elementor-widget elementor-widget-text-editor\" data-id=\"21c904ce\" data-element_type=\"widget\" data-widget_type=\"text-editor.default\">\n\t\t\t\t<div class=\"elementor-widget-container\">\n\t\t\t\t\t\t\t\t\t<p>Para descubrir c\u00f3mo podemos ayudarle a liderar la transformaci\u00f3n digital en su industria y a construir una ventaja competitiva sostenible en el mundo digital.<\/p>\t\t\t\t\t\t\t\t<\/div>\n\t\t\t\t<\/div>\n\t\t\t\t\t<\/div>\n\t\t\t\t<\/div>\n\t\t\t\t<\/div>","protected":false},"excerpt":{"rendered":"<p>Digital Transformation and IT Consulting At Top Tier Company, we understand that digital transformation is essential to the success and competitiveness of modern businesses. Our Digital Transformation and IT Consulting division is designed to guide your organization through the complex process of adopting and optimizing digital technologies, ensuring that your company is prepared for the [&hellip;]<\/p>","protected":false},"author":3,"featured_media":0,"parent":0,"menu_order":0,"comment_status":"closed","ping_status":"closed","template":"","meta":{"footnotes":""},"class_list":["post-214","page","type-page","status-publish","hentry"],"_links":{"self":[{"href":"https:\/\/toptier-company.com\/es\/wp-json\/wp\/v2\/pages\/214","targetHints":{"allow":["GET"]}}],"collection":[{"href":"https:\/\/toptier-company.com\/es\/wp-json\/wp\/v2\/pages"}],"about":[{"href":"https:\/\/toptier-company.com\/es\/wp-json\/wp\/v2\/types\/page"}],"author":[{"embeddable":true,"href":"https:\/\/toptier-company.com\/es\/wp-json\/wp\/v2\/users\/3"}],"replies":[{"embeddable":true,"href":"https:\/\/toptier-company.com\/es\/wp-json\/wp\/v2\/comments?post=214"}],"version-history":[{"count":10,"href":"https:\/\/toptier-company.com\/es\/wp-json\/wp\/v2\/pages\/214\/revisions"}],"predecessor-version":[{"id":406,"href":"https:\/\/toptier-company.com\/es\/wp-json\/wp\/v2\/pages\/214\/revisions\/406"}],"wp:attachment":[{"href":"https:\/\/toptier-company.com\/es\/wp-json\/wp\/v2\/media?parent=214"}],"curies":[{"name":"wp","href":"https:\/\/api.w.org\/{rel}","templated":true}]}}