{"id":216,"date":"2024-11-01T17:14:23","date_gmt":"2024-11-01T17:14:23","guid":{"rendered":"https:\/\/toptier-company.com\/?page_id=216"},"modified":"2024-11-04T18:17:07","modified_gmt":"2024-11-04T18:17:07","slug":"it-managed-services","status":"publish","type":"page","link":"https:\/\/toptier-company.com\/es\/it-managed-services\/","title":{"rendered":"Servicios Gestionados de TI"},"content":{"rendered":"<div data-elementor-type=\"wp-page\" data-elementor-id=\"216\" class=\"elementor elementor-216\" data-elementor-post-type=\"page\">\n\t\t\t\t<div class=\"elementor-element elementor-element-403dfbed e-flex e-con-boxed e-con e-parent\" data-id=\"403dfbed\" data-element_type=\"container\" data-settings=\"{&quot;background_background&quot;:&quot;classic&quot;}\">\n\t\t\t\t\t<div class=\"e-con-inner\">\n\t\t\t\t<div class=\"elementor-element elementor-element-43b3a3bf elementor-widget elementor-widget-heading\" data-id=\"43b3a3bf\" data-element_type=\"widget\" data-widget_type=\"heading.default\">\n\t\t\t\t<div class=\"elementor-widget-container\">\n\t\t\t\t\t<h1 class=\"elementor-heading-title elementor-size-default\">Servicios Gestionados de TI<\/h1>\t\t\t\t<\/div>\n\t\t\t\t<\/div>\n\t\t\t\t<div class=\"elementor-element elementor-element-c46cfe8 elementor-widget elementor-widget-text-editor\" data-id=\"c46cfe8\" data-element_type=\"widget\" data-widget_type=\"text-editor.default\">\n\t\t\t\t<div class=\"elementor-widget-container\">\n\t\t\t\t\t\t\t\t\t<p>En Top Tier Company, entendemos que la gesti\u00f3n eficiente de su infraestructura de TI es fundamental para el \u00e9xito de su negocio. Nuestros Servicios Gestionados de TI est\u00e1n dise\u00f1ados para proporcionar una soluci\u00f3n integral que garantice el funcionamiento \u00f3ptimo de sus sistemas, permiti\u00e9ndole concentrarse en sus objetivos comerciales principales.<\/p>\t\t\t\t\t\t\t\t<\/div>\n\t\t\t\t<\/div>\n\t\t\t\t\t<\/div>\n\t\t\t\t<\/div>\n\t\t<div class=\"elementor-element elementor-element-b1a6807 e-flex e-con-boxed e-con e-parent\" data-id=\"b1a6807\" data-element_type=\"container\" data-settings=\"{&quot;background_background&quot;:&quot;classic&quot;}\">\n\t\t\t\t\t<div class=\"e-con-inner\">\n\t\t<div class=\"elementor-element elementor-element-665d006b e-flex e-con-boxed e-con e-child\" data-id=\"665d006b\" data-element_type=\"container\">\n\t\t\t\t\t<div class=\"e-con-inner\">\n\t\t\t\t<div class=\"elementor-element elementor-element-55782933 elementor-widget elementor-widget-heading\" data-id=\"55782933\" data-element_type=\"widget\" data-widget_type=\"heading.default\">\n\t\t\t\t<div class=\"elementor-widget-container\">\n\t\t\t\t\t<h2 class=\"elementor-heading-title elementor-size-default\">Monitoreo y gesti\u00f3n de infraestructura TI<\/h2>\t\t\t\t<\/div>\n\t\t\t\t<\/div>\n\t\t\t\t\t<\/div>\n\t\t\t\t<\/div>\n\t\t<div class=\"elementor-element elementor-element-1c1392c1 e-flex e-con-boxed e-con e-child\" data-id=\"1c1392c1\" data-element_type=\"container\">\n\t\t\t\t\t<div class=\"e-con-inner\">\n\t\t<div class=\"elementor-element elementor-element-4f46647c e-con-full e-flex e-con e-child\" data-id=\"4f46647c\" data-element_type=\"container\">\n\t\t\t\t<div class=\"elementor-element elementor-element-45ba58c1 elementor-widget elementor-widget-text-editor\" data-id=\"45ba58c1\" data-element_type=\"widget\" data-widget_type=\"text-editor.default\">\n\t\t\t\t<div class=\"elementor-widget-container\">\n\t\t\t\t\t\t\t\t\t<p><strong>Nuestro servicio de monitoreo y gesti\u00f3n de infraestructura TI proporciona una supervisi\u00f3n continua y proactiva de todos sus sistemas cr\u00edticos:<\/strong><\/p><ul><li>Monitoreo 24\/7: Vigilancia constante de servidores, redes, aplicaciones y sistemas de almacenamiento.<\/li><li>Detecci\u00f3n temprana de problemas: Identificaci\u00f3n y resoluci\u00f3n de issues antes de que afecten sus operaciones.<\/li><li>Informes detallados: Reportes peri\u00f3dicos sobre el rendimiento de su infraestructura y recomendaciones de mejora.<\/li><li>Gesti\u00f3n de parches y actualizaciones: Mantenimiento de sus sistemas actualizados y protegidos contra las \u00faltimas vulnerabilidades.<\/li><li>Optimizaci\u00f3n del rendimiento: Ajuste continuo de su infraestructura para maximizar la eficiencia y el rendimiento.<\/li><\/ul><p>\u00a0<\/p><p><strong>Beneficios:<\/strong><\/p><ul><li>Reducci\u00f3n de tiempos de inactividad<\/li><li>Mejora en la estabilidad y rendimiento de los sistemas<\/li><li>Identificaci\u00f3n proactiva de potenciales problemas<\/li><li>Optimizaci\u00f3n de recursos de TI<\/li><\/ul>\t\t\t\t\t\t\t\t<\/div>\n\t\t\t\t<\/div>\n\t\t\t\t<\/div>\n\t\t<div class=\"elementor-element elementor-element-3055306b e-con-full e-flex e-con e-child\" data-id=\"3055306b\" data-element_type=\"container\">\n\t\t\t\t<div class=\"elementor-element elementor-element-6aa8f9f4 elementor-widget elementor-widget-image\" data-id=\"6aa8f9f4\" data-element_type=\"widget\" data-widget_type=\"image.default\">\n\t\t\t\t<div class=\"elementor-widget-container\">\n\t\t\t\t\t\t\t\t\t\t\t\t\t\t\t<img fetchpriority=\"high\" decoding=\"async\" width=\"1024\" height=\"682\" src=\"https:\/\/toptier-company.com\/wp-content\/uploads\/2024\/11\/it-server-1024x682.jpg\" class=\"attachment-large size-large wp-image-408\" alt=\"\" srcset=\"https:\/\/toptier-company.com\/wp-content\/uploads\/2024\/11\/it-server-1024x682.jpg 1024w, https:\/\/toptier-company.com\/wp-content\/uploads\/2024\/11\/it-server-300x200.jpg 300w, https:\/\/toptier-company.com\/wp-content\/uploads\/2024\/11\/it-server-768x511.jpg 768w, https:\/\/toptier-company.com\/wp-content\/uploads\/2024\/11\/it-server-18x12.jpg 18w, https:\/\/toptier-company.com\/wp-content\/uploads\/2024\/11\/it-server.jpg 1200w\" sizes=\"(max-width: 1024px) 100vw, 1024px\" \/>\t\t\t\t\t\t\t\t\t\t\t\t\t\t\t<\/div>\n\t\t\t\t<\/div>\n\t\t\t\t<\/div>\n\t\t\t\t\t<\/div>\n\t\t\t\t<\/div>\n\t\t\t\t\t<\/div>\n\t\t\t\t<\/div>\n\t\t<div class=\"elementor-element elementor-element-64b00be2 e-flex e-con-boxed e-con e-parent\" data-id=\"64b00be2\" data-element_type=\"container\" data-settings=\"{&quot;background_background&quot;:&quot;classic&quot;}\">\n\t\t\t\t\t<div class=\"e-con-inner\">\n\t\t<div class=\"elementor-element elementor-element-51751e8b e-flex e-con-boxed e-con e-child\" data-id=\"51751e8b\" data-element_type=\"container\">\n\t\t\t\t\t<div class=\"e-con-inner\">\n\t\t\t\t<div class=\"elementor-element elementor-element-12461a6d elementor-widget elementor-widget-heading\" data-id=\"12461a6d\" data-element_type=\"widget\" data-widget_type=\"heading.default\">\n\t\t\t\t<div class=\"elementor-widget-container\">\n\t\t\t\t\t<h2 class=\"elementor-heading-title elementor-size-default\">Gesti\u00f3n de redes y sistemas<\/h2>\t\t\t\t<\/div>\n\t\t\t\t<\/div>\n\t\t\t\t\t<\/div>\n\t\t\t\t<\/div>\n\t\t<div class=\"elementor-element elementor-element-58714a7e e-flex e-con-boxed e-con e-child\" data-id=\"58714a7e\" data-element_type=\"container\">\n\t\t\t\t\t<div class=\"e-con-inner\">\n\t\t<div class=\"elementor-element elementor-element-7cd62705 e-con-full e-flex e-con e-child\" data-id=\"7cd62705\" data-element_type=\"container\">\n\t\t\t\t<div class=\"elementor-element elementor-element-51ba2591 elementor-widget elementor-widget-image\" data-id=\"51ba2591\" data-element_type=\"widget\" data-widget_type=\"image.default\">\n\t\t\t\t<div class=\"elementor-widget-container\">\n\t\t\t\t\t\t\t\t\t\t\t\t\t\t\t<img decoding=\"async\" width=\"1024\" height=\"776\" src=\"https:\/\/toptier-company.com\/wp-content\/uploads\/2024\/11\/network-1024x776.jpg\" class=\"attachment-large size-large wp-image-409\" alt=\"\" srcset=\"https:\/\/toptier-company.com\/wp-content\/uploads\/2024\/11\/network-1024x776.jpg 1024w, https:\/\/toptier-company.com\/wp-content\/uploads\/2024\/11\/network-300x227.jpg 300w, https:\/\/toptier-company.com\/wp-content\/uploads\/2024\/11\/network-768x582.jpg 768w, https:\/\/toptier-company.com\/wp-content\/uploads\/2024\/11\/network-16x12.jpg 16w, https:\/\/toptier-company.com\/wp-content\/uploads\/2024\/11\/network.jpg 1200w\" sizes=\"(max-width: 1024px) 100vw, 1024px\" \/>\t\t\t\t\t\t\t\t\t\t\t\t\t\t\t<\/div>\n\t\t\t\t<\/div>\n\t\t\t\t<\/div>\n\t\t<div class=\"elementor-element elementor-element-1f46dabe e-con-full e-flex e-con e-child\" data-id=\"1f46dabe\" data-element_type=\"container\">\n\t\t\t\t<div class=\"elementor-element elementor-element-764d8bf4 elementor-widget elementor-widget-text-editor\" data-id=\"764d8bf4\" data-element_type=\"widget\" data-widget_type=\"text-editor.default\">\n\t\t\t\t<div class=\"elementor-widget-container\">\n\t\t\t\t\t\t\t\t\t<p><strong>Nuestro servicio de gesti\u00f3n de redes y sistemas asegura que su infraestructura de TI funcione de manera \u00f3ptima y segura:<\/strong><\/p><ul><li>Configuraci\u00f3n y mantenimiento de redes: Dise\u00f1o, implementaci\u00f3n y mantenimiento de redes LAN\/WAN.<\/li><li>Administraci\u00f3n de firewalls y seguridad: Protecci\u00f3n contra amenazas cibern\u00e9ticas y gesti\u00f3n de pol\u00edticas de seguridad.<\/li><li>Gesti\u00f3n de servidores: Administraci\u00f3n de servidores f\u00edsicos y virtuales, incluyendo configuraci\u00f3n, optimizaci\u00f3n y respaldos.<\/li><li>Virtualizaci\u00f3n: Implementaci\u00f3n y gesti\u00f3n de entornos virtualizados para maximizar recursos.<\/li><li>Gesti\u00f3n de almacenamiento: Optimizaci\u00f3n del almacenamiento de datos y planificaci\u00f3n de capacidad.<\/li><\/ul><p>\u00a0<\/p><p><strong>Beneficios:<\/strong><\/p><ul><li>Mejora en el rendimiento y la seguridad de la red<\/li><li>Reducci\u00f3n de costos operativos de TI<\/li><li>Escalabilidad y flexibilidad mejoradas<\/li><li>Implementaci\u00f3n de mejores pr\u00e1cticas en gesti\u00f3n de sistemas<\/li><\/ul>\t\t\t\t\t\t\t\t<\/div>\n\t\t\t\t<\/div>\n\t\t\t\t<\/div>\n\t\t\t\t\t<\/div>\n\t\t\t\t<\/div>\n\t\t\t\t\t<\/div>\n\t\t\t\t<\/div>\n\t\t<div class=\"elementor-element elementor-element-26a33874 e-flex e-con-boxed e-con e-parent\" data-id=\"26a33874\" data-element_type=\"container\" data-settings=\"{&quot;background_background&quot;:&quot;classic&quot;}\">\n\t\t\t\t\t<div class=\"e-con-inner\">\n\t\t<div class=\"elementor-element elementor-element-22877e3c e-flex e-con-boxed e-con e-child\" data-id=\"22877e3c\" data-element_type=\"container\">\n\t\t\t\t\t<div class=\"e-con-inner\">\n\t\t\t\t<div class=\"elementor-element elementor-element-37305664 elementor-widget elementor-widget-heading\" data-id=\"37305664\" data-element_type=\"widget\" data-widget_type=\"heading.default\">\n\t\t\t\t<div class=\"elementor-widget-container\">\n\t\t\t\t\t<h2 class=\"elementor-heading-title elementor-size-default\">Servicios de help desk<\/h2>\t\t\t\t<\/div>\n\t\t\t\t<\/div>\n\t\t\t\t\t<\/div>\n\t\t\t\t<\/div>\n\t\t<div class=\"elementor-element elementor-element-1bde3edd e-flex e-con-boxed e-con e-child\" data-id=\"1bde3edd\" data-element_type=\"container\">\n\t\t\t\t\t<div class=\"e-con-inner\">\n\t\t<div class=\"elementor-element elementor-element-7bded537 e-con-full e-flex e-con e-child\" data-id=\"7bded537\" data-element_type=\"container\">\n\t\t\t\t<div class=\"elementor-element elementor-element-4b3136b1 elementor-widget elementor-widget-text-editor\" data-id=\"4b3136b1\" data-element_type=\"widget\" data-widget_type=\"text-editor.default\">\n\t\t\t\t<div class=\"elementor-widget-container\">\n\t\t\t\t\t\t\t\t\t<p><strong>Nuestro servicio de help desk proporciona soporte de primera l\u00ednea para sus usuarios finales:<\/strong><\/p><ul><li>Soporte de nivel 1 y 2: Resoluci\u00f3n de problemas comunes y escalamiento de issues complejos.<\/li><li>Sistema de tickets: Seguimiento eficiente de todas las solicitudes de soporte.<\/li><li>Base de conocimientos para usuarios: Recursos de autoayuda para problemas frecuentes.<\/li><li>Soporte para software y hardware: Asistencia integral para todas las herramientas de TI utilizadas en su organizaci\u00f3n.<\/li><li>M\u00e9tricas y reportes: An\u00e1lisis detallado del desempe\u00f1o del help desk y satisfacci\u00f3n del usuario.<\/li><\/ul><p>\u00a0<\/p><p><strong>Beneficios:<\/strong><\/p><ul><li>Mejora en la productividad de los empleados<\/li><li>Resoluci\u00f3n r\u00e1pida de problemas de TI<\/li><li>Reducci\u00f3n de la carga de trabajo del equipo de TI interno<\/li><li>Mejora en la satisfacci\u00f3n del usuario final<\/li><\/ul>\t\t\t\t\t\t\t\t<\/div>\n\t\t\t\t<\/div>\n\t\t\t\t<\/div>\n\t\t<div class=\"elementor-element elementor-element-15101208 e-con-full e-flex e-con e-child\" data-id=\"15101208\" data-element_type=\"container\">\n\t\t\t\t<div class=\"elementor-element elementor-element-482debc9 elementor-widget elementor-widget-image\" data-id=\"482debc9\" data-element_type=\"widget\" data-widget_type=\"image.default\">\n\t\t\t\t<div class=\"elementor-widget-container\">\n\t\t\t\t\t\t\t\t\t\t\t\t\t\t\t<img decoding=\"async\" width=\"1024\" height=\"690\" src=\"https:\/\/toptier-company.com\/wp-content\/uploads\/2024\/11\/service-1024x690.jpg\" class=\"attachment-large size-large wp-image-414\" alt=\"\" srcset=\"https:\/\/toptier-company.com\/wp-content\/uploads\/2024\/11\/service-1024x690.jpg 1024w, https:\/\/toptier-company.com\/wp-content\/uploads\/2024\/11\/service-300x202.jpg 300w, https:\/\/toptier-company.com\/wp-content\/uploads\/2024\/11\/service-768x518.jpg 768w, https:\/\/toptier-company.com\/wp-content\/uploads\/2024\/11\/service-18x12.jpg 18w, https:\/\/toptier-company.com\/wp-content\/uploads\/2024\/11\/service.jpg 1215w\" sizes=\"(max-width: 1024px) 100vw, 1024px\" \/>\t\t\t\t\t\t\t\t\t\t\t\t\t\t\t<\/div>\n\t\t\t\t<\/div>\n\t\t\t\t<\/div>\n\t\t\t\t\t<\/div>\n\t\t\t\t<\/div>\n\t\t\t\t\t<\/div>\n\t\t\t\t<\/div>\n\t\t<div class=\"elementor-element elementor-element-3495ce89 e-flex e-con-boxed e-con e-child\" data-id=\"3495ce89\" data-element_type=\"container\">\n\t\t\t\t\t<div class=\"e-con-inner\">\n\t\t\t\t<div class=\"elementor-element elementor-element-5fc68c25 elementor-widget__width-inherit elementor-widget elementor-widget-text-editor\" data-id=\"5fc68c25\" data-element_type=\"widget\" data-widget_type=\"text-editor.default\">\n\t\t\t\t<div class=\"elementor-widget-container\">\n\t\t\t\t\t\t\t\t\t<p>En Top Tier Company, nuestros Servicios Gestionados de TI est\u00e1n dise\u00f1ados para proporcionar una soluci\u00f3n completa y personalizada que se adapte a las necesidades espec\u00edficas de su organizaci\u00f3n. Nuestro enfoque proactivo y nuestra experiencia en la industria nos permiten ofrecer un servicio de alta calidad que no solo mantiene sus sistemas funcionando sin problemas, sino que tambi\u00e9n impulsa la innovaci\u00f3n y el crecimiento de su negocio.<\/p>\t\t\t\t\t\t\t\t<\/div>\n\t\t\t\t<\/div>\n\t\t\t\t<div class=\"elementor-element elementor-element-4c655476 elementor-align-center elementor-tablet-align-left elementor-mobile-align-center elementor-widget elementor-widget-button\" data-id=\"4c655476\" data-element_type=\"widget\" data-widget_type=\"button.default\">\n\t\t\t\t<div class=\"elementor-widget-container\">\n\t\t\t\t\t\t\t\t\t<div class=\"elementor-button-wrapper\">\n\t\t\t\t\t<a class=\"elementor-button elementor-button-link elementor-size-sm\" href=\"https:\/\/toptier-company.com\/es\/contact\/\">\n\t\t\t\t\t\t<span class=\"elementor-button-content-wrapper\">\n\t\t\t\t\t\t\t\t\t<span class=\"elementor-button-text\">Cont\u00e1ctenos hoy<\/span>\n\t\t\t\t\t<\/span>\n\t\t\t\t\t<\/a>\n\t\t\t\t<\/div>\n\t\t\t\t\t\t\t\t<\/div>\n\t\t\t\t<\/div>\n\t\t\t\t<div class=\"elementor-element elementor-element-47b6cbc elementor-widget__width-inherit elementor-widget elementor-widget-text-editor\" data-id=\"47b6cbc\" data-element_type=\"widget\" data-widget_type=\"text-editor.default\">\n\t\t\t\t<div class=\"elementor-widget-container\">\n\t\t\t\t\t\t\t\t\t<p>Para descubrir c\u00f3mo nuestros Servicios Gestionados de TI pueden transformar su infraestructura tecnol\u00f3gica y llevar su negocio al siguiente nivel.<\/p>\t\t\t\t\t\t\t\t<\/div>\n\t\t\t\t<\/div>\n\t\t\t\t\t<\/div>\n\t\t\t\t<\/div>\n\t\t\t\t<\/div>","protected":false},"excerpt":{"rendered":"<p>IT Managed Services At Top Tier Company, we understand that efficiently managing your IT infrastructure is critical to the success of your business. Our IT Managed Services are designed to provide a comprehensive solution that ensures your systems are running optimally, allowing you to focus on your core business objectives. IT Infrastructure Monitoring and Management [&hellip;]<\/p>","protected":false},"author":3,"featured_media":0,"parent":0,"menu_order":0,"comment_status":"closed","ping_status":"closed","template":"","meta":{"footnotes":""},"class_list":["post-216","page","type-page","status-publish","hentry"],"_links":{"self":[{"href":"https:\/\/toptier-company.com\/es\/wp-json\/wp\/v2\/pages\/216","targetHints":{"allow":["GET"]}}],"collection":[{"href":"https:\/\/toptier-company.com\/es\/wp-json\/wp\/v2\/pages"}],"about":[{"href":"https:\/\/toptier-company.com\/es\/wp-json\/wp\/v2\/types\/page"}],"author":[{"embeddable":true,"href":"https:\/\/toptier-company.com\/es\/wp-json\/wp\/v2\/users\/3"}],"replies":[{"embeddable":true,"href":"https:\/\/toptier-company.com\/es\/wp-json\/wp\/v2\/comments?post=216"}],"version-history":[{"count":10,"href":"https:\/\/toptier-company.com\/es\/wp-json\/wp\/v2\/pages\/216\/revisions"}],"predecessor-version":[{"id":420,"href":"https:\/\/toptier-company.com\/es\/wp-json\/wp\/v2\/pages\/216\/revisions\/420"}],"wp:attachment":[{"href":"https:\/\/toptier-company.com\/es\/wp-json\/wp\/v2\/media?parent=216"}],"curies":[{"name":"wp","href":"https:\/\/api.w.org\/{rel}","templated":true}]}}