{"id":3,"date":"2023-06-28T15:31:46","date_gmt":"2023-06-28T15:31:46","guid":{"rendered":"https:\/\/toptier-company.com\/?page_id=3"},"modified":"2024-11-06T03:18:58","modified_gmt":"2024-11-06T03:18:58","slug":"privacy-policy","status":"publish","type":"page","link":"https:\/\/toptier-company.com\/es\/privacy-policy\/","title":{"rendered":"Pol\u00edtica de Privacidad"},"content":{"rendered":"<div data-elementor-type=\"wp-page\" data-elementor-id=\"3\" class=\"elementor elementor-3\" data-elementor-post-type=\"page\">\n\t\t\t\t<div class=\"elementor-element elementor-element-c8196fb e-flex e-con-boxed e-con e-parent\" data-id=\"c8196fb\" data-element_type=\"container\" data-settings=\"{&quot;background_background&quot;:&quot;classic&quot;}\">\n\t\t\t\t\t<div class=\"e-con-inner\">\n\t\t\t\t<div class=\"elementor-element elementor-element-6e3a503 elementor-widget elementor-widget-heading\" data-id=\"6e3a503\" data-element_type=\"widget\" data-widget_type=\"heading.default\">\n\t\t\t\t<div class=\"elementor-widget-container\">\n\t\t\t\t\t<h2 class=\"elementor-heading-title elementor-size-default\">Pol\u00edtica de Privacidad<\/h2>\t\t\t\t<\/div>\n\t\t\t\t<\/div>\n\t\t\t\t\t<\/div>\n\t\t\t\t<\/div>\n\t\t<div class=\"elementor-element elementor-element-6a49dc6 e-flex e-con-boxed e-con e-parent\" data-id=\"6a49dc6\" data-element_type=\"container\">\n\t\t\t\t\t<div class=\"e-con-inner\">\n\t\t\t\t<div class=\"elementor-element elementor-element-18727d2 elementor-widget elementor-widget-text-editor\" data-id=\"18727d2\" data-element_type=\"widget\" data-widget_type=\"text-editor.default\">\n\t\t\t\t<div class=\"elementor-widget-container\">\n\t\t\t\t\t\t\t\t\t<p><em><strong>\u00daltima actualizaci\u00f3n: 10\/28\/2024<\/strong><\/em><\/p><p>Top Tier Company (\"nosotros\", \"nos\" o \"nuestro\") est\u00e1 comprometida con la protecci\u00f3n de su privacidad.<\/p><p>Esta Pol\u00edtica de Privacidad explica c\u00f3mo recopilamos, utilizamos, divulgamos y protegemos su informaci\u00f3n cuando visita nuestro sitio web o utiliza nuestros servicios.<\/p><h4><strong>Informaci\u00f3n que Recopilamos<\/strong><\/h4><p>Podemos recopilar informaci\u00f3n personal que usted nos proporciona directamente, como:<\/p><ul><li>Nombre<\/li><li>Direcci\u00f3n de correo electr\u00f3nico<\/li><li>N\u00famero de tel\u00e9fono<\/li><li>Nombre de la empresa<\/li><li>Cargo<\/li><li>Direcci\u00f3n<\/li><li>Informaci\u00f3n de pago (para servicios prestados)<\/li><li>Cualquier otra informaci\u00f3n que elija proporcionar<\/li><\/ul><p>Tambi\u00e9n podemos recopilar autom\u00e1ticamente cierta informaci\u00f3n cuando visita nuestro sitio web, incluyendo:<\/p><ul><li>Direcci\u00f3n IP<\/li><li>Tipo de navegador<\/li><li>Sistema operativo<\/li><li>P\u00e1ginas visitadas<\/li><li>Hora y fecha de su visita<\/li><li>Sitio web de referencia<\/li><li>Otras estad\u00edsticas<\/li><\/ul><h4>C\u00f3mo Utilizamos su Informaci\u00f3n<\/h4><p>Utilizamos la informaci\u00f3n que recopilamos para:<\/p><ul><li>Proporcionar, mantener y mejorar nuestros servicios<\/li><li>Responder a sus consultas y cumplir con sus solicitudes<\/li><li>Enviarle avisos t\u00e9cnicos, actualizaciones y mensajes administrativos<\/li><li>Proporcionar atenci\u00f3n al cliente<\/li><li>Procesar transacciones y enviar informaci\u00f3n relacionada<\/li><li>Enviarle comunicaciones de marketing<\/li><li>Realizar investigaciones y an\u00e1lisis<\/li><li>Personalizar su experiencia en nuestro sitio web<\/li><li>Prevenir el fraude y mejorar la seguridad de nuestro sitio web<\/li><li>Cumplir con las obligaciones legales<\/li><\/ul><h4>Compartir y Divulgar Informaci\u00f3n<\/h4><p>No vendemos, intercambiamos ni alquilamos su informaci\u00f3n personal a terceros. Podemos compartir su informaci\u00f3n con:<\/p><ul><li>Proveedores de servicios que nos ayudan a operar nuestro sitio web y llevar a cabo nuestro negocio<\/li><li>Socios comerciales con los que ofrecemos productos o servicios conjuntamente<\/li><li>Agencias gubernamentales o de aplicaci\u00f3n de la ley, si lo exige la ley<\/li><li>En relaci\u00f3n con una fusi\u00f3n, venta o adquisici\u00f3n de toda o una parte de nuestra empresa<\/li><\/ul><h4>Seguridad de Datos<\/h4><p>Implementamos medidas de seguridad razonables para proteger su informaci\u00f3n personal contra acceso, alteraci\u00f3n, divulgaci\u00f3n o destrucci\u00f3n no autorizados. Sin embargo, ning\u00fan m\u00e9todo de transmisi\u00f3n por Internet o almacenamiento electr\u00f3nico es 100% seguro, y no podemos garantizar la seguridad absoluta.<\/p><h4>Sus Derechos<\/h4><p>Dependiendo de su ubicaci\u00f3n, usted puede tener derecho a:<\/p><ul><li>Acceder a su informaci\u00f3n personal<\/li><li>Corregir informaci\u00f3n inexacta o incompleta<\/li><li>Solicitar la eliminaci\u00f3n de su informaci\u00f3n<\/li><li>Oponerse o restringir el procesamiento de su informaci\u00f3n<\/li><li>Portabilidad de datos<\/li><li>Retirar el consentimiento en cualquier momento<\/li><li>Optar por no recibir comunicaciones de marketing<\/li><\/ul><p>Para ejercer estos derechos, cont\u00e1ctenos utilizando la informaci\u00f3n proporcionada en la secci\u00f3n \"Cont\u00e1ctenos\".<\/p><h4>Cookies y Tecnolog\u00edas Similares<\/h4><p>Utilizamos cookies y tecnolog\u00edas de seguimiento similares para recopilar y almacenar informaci\u00f3n sobre sus interacciones con nuestro sitio web. Puede gestionar sus preferencias de cookies a trav\u00e9s de la configuraci\u00f3n de su navegador.<\/p><h4>Privacidad de los Ni\u00f1os<\/h4><p>Nuestros servicios no est\u00e1n destinados a ni\u00f1os menores de 16 a\u00f1os. No recopilamos conscientemente informaci\u00f3n personal de ni\u00f1os menores de 16 a\u00f1os. Si usted es un padre o tutor y cree que podemos haber recopilado informaci\u00f3n sobre un ni\u00f1o, cont\u00e1ctenos.<\/p><h4>Cambios en esta Pol\u00edtica de Privacidad<\/h4><p>Podemos actualizar esta Pol\u00edtica de Privacidad de vez en cuando. Le notificaremos cualquier cambio publicando la nueva Pol\u00edtica de Privacidad en esta p\u00e1gina y actualizando la fecha de \"\u00daltima actualizaci\u00f3n\".<\/p><h4>Cont\u00e1ctenos<\/h4><p>Si tiene alguna pregunta sobre esta Pol\u00edtica de Privacidad, cont\u00e1ctenos en:<br \/>Correo electr\u00f3nico:\u00a0<a href=\"mailto:info.services@toptier-company.com\">info.services@toptier-company.com<\/a><br \/>Direcci\u00f3n: CARNATION Building Room No.913, Floor 9, Path Road, Phum Tomnub I, Sangkat Phnom Penh Thmey Khan Sensok, Phnom Penh, Cambodia<\/p>\t\t\t\t\t\t\t\t<\/div>\n\t\t\t\t<\/div>\n\t\t\t\t\t<\/div>\n\t\t\t\t<\/div>\n\t\t\t\t<\/div>","protected":false},"excerpt":{"rendered":"<p>Privacy Policy Last updated: 10\/28\/2024 Top Tier Company (&#8220;we&#8221;, &#8220;us&#8221;, or &#8220;our&#8221;) is committed to protecting your privacy. This Privacy Policy explains how we collect, use, disclose, and safeguard your information when you visit our website\u00a0or use our services. Information We Collect We may collect personal information that you provide directly to us, such as: [&hellip;]<\/p>","protected":false},"author":3,"featured_media":0,"parent":0,"menu_order":0,"comment_status":"closed","ping_status":"open","template":"","meta":{"footnotes":""},"class_list":["post-3","page","type-page","status-publish","hentry"],"_links":{"self":[{"href":"https:\/\/toptier-company.com\/es\/wp-json\/wp\/v2\/pages\/3","targetHints":{"allow":["GET"]}}],"collection":[{"href":"https:\/\/toptier-company.com\/es\/wp-json\/wp\/v2\/pages"}],"about":[{"href":"https:\/\/toptier-company.com\/es\/wp-json\/wp\/v2\/types\/page"}],"author":[{"embeddable":true,"href":"https:\/\/toptier-company.com\/es\/wp-json\/wp\/v2\/users\/3"}],"replies":[{"embeddable":true,"href":"https:\/\/toptier-company.com\/es\/wp-json\/wp\/v2\/comments?post=3"}],"version-history":[{"count":7,"href":"https:\/\/toptier-company.com\/es\/wp-json\/wp\/v2\/pages\/3\/revisions"}],"predecessor-version":[{"id":543,"href":"https:\/\/toptier-company.com\/es\/wp-json\/wp\/v2\/pages\/3\/revisions\/543"}],"wp:attachment":[{"href":"https:\/\/toptier-company.com\/es\/wp-json\/wp\/v2\/media?parent=3"}],"curies":[{"name":"wp","href":"https:\/\/api.w.org\/{rel}","templated":true}]}}