{"id":466,"date":"2024-11-04T21:29:37","date_gmt":"2024-11-04T21:29:37","guid":{"rendered":"https:\/\/toptier-company.com\/?page_id=466"},"modified":"2024-11-06T14:58:32","modified_gmt":"2024-11-06T14:58:32","slug":"translate","status":"publish","type":"page","link":"https:\/\/toptier-company.com\/es\/translate\/","title":{"rendered":"Translate"},"content":{"rendered":"<div data-elementor-type=\"wp-page\" data-elementor-id=\"466\" class=\"elementor elementor-466\" data-elementor-post-type=\"page\">\n\t\t\t\t<div class=\"elementor-element elementor-element-f75d45c e-flex e-con-boxed e-con e-parent\" data-id=\"f75d45c\" data-element_type=\"container\">\n\t\t\t\t\t<div class=\"e-con-inner\">\n\t\t\t\t<div class=\"elementor-element elementor-element-437c035 elementor-widget elementor-widget-html\" data-id=\"437c035\" data-element_type=\"widget\" data-widget_type=\"html.default\">\n\t\t\t\t<div class=\"elementor-widget-container\">\n\t\t\t\t\tNuevo mensaje de toptier-company.com\t\t\t\t<\/div>\n\t\t\t\t<\/div>\n\t\t\t\t<div class=\"elementor-element elementor-element-efa0848 elementor-widget elementor-widget-html\" data-id=\"efa0848\" data-element_type=\"widget\" data-widget_type=\"html.default\">\n\t\t\t\t<div class=\"elementor-widget-container\">\n\t\t\t\t\t    <table style=\"width: 700px; border: 1px solid #c0c0c0; padding:0px; font-family:Arial, Helvetica, sans-serif; background-color: #000000; color: #ffffff;\" >\r\n        <tr style=\"text-align: center;\">\r\n            <td style=\"text-align: center; padding: 20px; background-color: #000000;\">\r\n               <img decoding=\"async\" width=\"200px\" src=\"http:\/\/toptier-company.com\/wp-content\/uploads\/2024\/10\/logo-w.png\">\r\n            <\/td>\r\n        <\/tr>\r\n        <tr>\r\n            <td style=\"padding: 40px;\">\r\n                <h2 style=\"text-align: center;\">Gracias por su inter\u00e9s en formar parte del equipo de Top Tier Company.<\/h2>\r\n                <p> Hemos recibido su solicitud y queremos asegurarle que ser\u00e1 revisada cuidadosamente por nuestro equipo de Recursos Humanos.<\/p>\r\n                <p>Si tu perfil se ajusta a nuestras necesidades actuales, nos pondremos en contacto contigo en los pr\u00f3ximos d\u00edas para informarte de los pr\u00f3ximos pasos del proceso de selecci\u00f3n.<\/p>\r\n                <p>Valoramos el tiempo y el esfuerzo que ha dedicado a su solicitud y le deseamos \u00e9xito en su carrera profesional.<\/p>\r\n                <br>\r\n                <p>Atentamente, El equipo de Recursos Humanos<\/p>\r\n                <p>Top Tier Company<\/p>\r\n               \r\n            <\/td>\r\n        <\/tr>\r\n    <\/table>\t\t\t\t<\/div>\n\t\t\t\t<\/div>\n\t\t\t\t<div class=\"elementor-element elementor-element-16a7fe1 elementor-widget elementor-widget-html\" data-id=\"16a7fe1\" data-element_type=\"widget\" data-widget_type=\"html.default\">\n\t\t\t\t<div class=\"elementor-widget-container\">\n\t\t\t\t\t    <table style=\"width: 700px; border: 1px solid #c0c0c0; padding:0px; font-family:Arial, Helvetica, sans-serif; background-color: #000000; color: #ffffff;\" >\r\n        <tr style=\"text-align: center;\">\r\n            <td style=\"text-align: center; padding: 20px; background-color: #000000;\">\r\n               <img decoding=\"async\" width=\"200px\" src=\"http:\/\/toptier-company.com\/wp-content\/uploads\/2024\/10\/logo-w.png\">\r\n            <\/td>\r\n        <\/tr>\r\n        <tr>\r\n            <td style=\"padding: 40px;\">\r\n                <h2 style=\"text-align: center;\">Gracias por contactar a Top Tier Company<\/h2>\r\n                <p> Hemos recibido su mensaje y queremos asegurarle que uno de nuestros especialistas se comunicar\u00e1 con usted lo antes posible.<\/p>\r\n                <p>Su consulta es importante para nosotros y estamos comprometidos a brindarle la informaci\u00f3n y el apoyo que necesita.<\/p>\r\n                <p>Apreciamos su inter\u00e9s en Top Tier Company y esperamos poder ayudarle pronto.<\/p>\r\n                <br>\r\n                <p>Atentamente, <\/p>\r\n                <p>El equipo de atenci\u00f3n al cliente Empresa de primer nivel<\/p>\r\n               \r\n            <\/td>\r\n        <\/tr>\r\n    <\/table>\t\t\t\t<\/div>\n\t\t\t\t<\/div>\n\t\t\t\t\t<\/div>\n\t\t\t\t<\/div>\n\t\t<div class=\"elementor-element elementor-element-afdd559 e-flex e-con-boxed e-con e-parent\" data-id=\"afdd559\" data-element_type=\"container\">\n\t\t\t\t\t<div class=\"e-con-inner\">\n\t\t\t\t<div class=\"elementor-element elementor-element-0e9bbaa elementor-widget elementor-widget-html\" data-id=\"0e9bbaa\" data-element_type=\"widget\" data-widget_type=\"html.default\">\n\t\t\t\t<div class=\"elementor-widget-container\">\n\t\t\t\t\tUtilizamos cookies para garantizar que le brindamos la mejor experiencia en nuestro sitio web. Si contin\u00faa utilizando este sitio asumiremos que est\u00e1 satisfecho con \u00e9l.\t\t\t\t<\/div>\n\t\t\t\t<\/div>\n\t\t\t\t\t<\/div>\n\t\t\t\t<\/div>\n\t\t\t\t<\/div>","protected":false},"excerpt":{"rendered":"<p>New message from toptier-company.com Thank you for your interest in becoming part of the Top Tier Company team We have received your application and want to assure you that it will be carefully reviewed by our Human Resources team. If your profile fits our current needs, we will contact you in the coming days to [&hellip;]<\/p>","protected":false},"author":3,"featured_media":0,"parent":0,"menu_order":0,"comment_status":"closed","ping_status":"closed","template":"","meta":{"footnotes":""},"class_list":["post-466","page","type-page","status-publish","hentry"],"_links":{"self":[{"href":"https:\/\/toptier-company.com\/es\/wp-json\/wp\/v2\/pages\/466","targetHints":{"allow":["GET"]}}],"collection":[{"href":"https:\/\/toptier-company.com\/es\/wp-json\/wp\/v2\/pages"}],"about":[{"href":"https:\/\/toptier-company.com\/es\/wp-json\/wp\/v2\/types\/page"}],"author":[{"embeddable":true,"href":"https:\/\/toptier-company.com\/es\/wp-json\/wp\/v2\/users\/3"}],"replies":[{"embeddable":true,"href":"https:\/\/toptier-company.com\/es\/wp-json\/wp\/v2\/comments?post=466"}],"version-history":[{"count":10,"href":"https:\/\/toptier-company.com\/es\/wp-json\/wp\/v2\/pages\/466\/revisions"}],"predecessor-version":[{"id":562,"href":"https:\/\/toptier-company.com\/es\/wp-json\/wp\/v2\/pages\/466\/revisions\/562"}],"wp:attachment":[{"href":"https:\/\/toptier-company.com\/es\/wp-json\/wp\/v2\/media?parent=466"}],"curies":[{"name":"wp","href":"https:\/\/api.w.org\/{rel}","templated":true}]}}